{"id":19744,"date":"2026-04-24T21:41:30","date_gmt":"2026-04-24T19:41:30","guid":{"rendered":"https:\/\/godisfabrica.com\/?post_type=product&#038;p=19744"},"modified":"2026-04-28T21:56:17","modified_gmt":"2026-04-28T19:56:17","slug":"polly-tops-bilar","status":"publish","type":"product","link":"https:\/\/godisfabrica.com\/es\/producto\/polly-tops-bilar\/","title":{"rendered":"Polly Bolas de Bilar"},"content":{"rendered":"<p data-start=\"0\" data-end=\"279\">Polly Bolas de Bilar (Polly Tops Bilar) es lo que ocurre cuando dos leyendas suecas deciden que juntas son mejor y dejan de fingir lo contrario. Imagina la ic\u00f3nica espuma masticable de Ahlgrens Bilar visti\u00e9ndose de repente con una suave capa de chocolate con leche como si fuera a una fiesta elegante \u2014 eso es exactamente lo que obtienes.<\/p>\n<p data-start=\"281\" data-end=\"598\">Cada bocado de Polly Bolas de Bilar empieza con esa espuma suave y nost\u00e1lgica, y r\u00e1pidamente evoluciona a un rico final de chocolate que te hace preguntarte por qu\u00e9 esto no se invent\u00f3 antes. Es afrutado, cremoso, masticable y peligrosamente f\u00e1cil de seguir \u201cprobando solo uno m\u00e1s\u201d hasta que la bolsa desaparece misteriosamente.\nPerfecto para amantes de las chuches, acumuladores de snacks y cualquiera que alguna vez haya pensado: \u201c\u00bfY si los coches suecos\u2026 pero con chocolate?\u201d. Polly Bolas de Bilar es el crossover dulce definitivo que tus papilas gustativas no sab\u00edan que necesitaban.<\/p>\n<div style=\"display: none;\">\n<h5 style=\"display: none;\">Marabou Sea Salt Chocolateh5&gt;<br \/>\n<img decoding=\"async\" style=\"display: none;\" src=\"https:\/\/godisfabrica.com\/wp-content\/uploads\/2024\/08\/IMG_5948-scaled.jpg\" alt=\"Candy Shop\" \/><\/h5>\n<p style=\"display: none;\">Shop delicious candies at our online candy shop in Spain. Explore a variety of sweets at Godisfabrica and enjoy fast delivery across Spain! &#8220;Shop your favorite candies at our online candy shop in Spain. Fast delivery, wide selection, and sweet deals await. Order now!&#8221; Shop online at Godisfabrica for the best candy in Spain. Discover delicious sweets, fast shipping, and premium quality treats today!<\/p>\n<\/div>\n<div style=\"display: none;\">\n<h5 style=\"display: none;\">Marabou Sea Salt Chocolateh5&gt;<br \/>\n<img decoding=\"async\" style=\"display: none;\" src=\"https:\/\/godisfabrica.com\/wp-content\/uploads\/2024\/08\/IMG_5948-scaled.jpg\" alt=\"Candy Shop\" \/><\/h5>\n<p style=\"display: none;\">Shop delicious candies at our online candy shop in Spain. Explore a variety of sweets at Godisfabrica and enjoy fast delivery across Spain! &#8220;Shop your favorite candies at our online candy shop in Spain. Fast delivery, wide selection, and sweet deals await. Order now!&#8221; Shop online at Godisfabrica for the best candy in Spain. Discover delicious sweets, fast shipping, and premium quality treats today!<\/p>\n<\/div>\n<div style=\"display: none;\">\n<h5 style=\"display: none;\">Marabou Sea Salt Chocolateh5&gt;<br \/>\n<img decoding=\"async\" style=\"display: none;\" src=\"https:\/\/godisfabrica.com\/wp-content\/uploads\/2024\/08\/IMG_5948-scaled.jpg\" alt=\"Candy Shop\" \/><\/h5>\n<p style=\"display: none;\">Shop delicious candies at our online candy shop in Spain. Explore a variety of sweets at Godisfabrica and enjoy fast delivery across Spain! &#8220;Shop your favorite candies at our online candy shop in Spain. Fast delivery, wide selection, and sweet deals await. Order now!&#8221; Shop online at Godisfabrica for the best candy in Spain. Discover delicious sweets, fast shipping, and premium quality treats today!<\/p>\n<\/div>\n<p><img decoding=\"async\" style=\"display: none;\" src=\"https:\/\/godisfabrica.com\/wp-content\/uploads\/2024\/08\/IMG_5948-scaled.jpg\" alt=\"Candy Shop\" \/><\/p>","protected":false},"excerpt":{"rendered":"<p>50g<\/p>","protected":false},"featured_media":19745,"comment_status":"open","ping_status":"closed","template":"","meta":[],"product_brand":[],"product_cat":[243,225],"product_tag":[613,475,2125,775,2127,230,2126,1850,551,443,735,499,468,610,233,2123,2124,2128,503,497,1863,231],"flavor":[412,410],"allergens":[],"class_list":{"0":"post-19744","1":"product","2":"type-product","3":"status-publish","4":"has-post-thumbnail","6":"product_cat-chocolate-category-godis-fabrica","7":"product_cat-pick-mix-candy-godis-fabrica","8":"product_tag-banaani","9":"product_tag-banana","10":"product_tag-banana-split","11":"product_tag-choco","12":"product_tag-choco-foam","13":"product_tag-chocolate","14":"product_tag-chuches-de-banana","15":"product_tag-chuches-de-platano","16":"product_tag-cloetta","17":"product_tag-foam","18":"product_tag-foamy","19":"product_tag-milk-chocolate","20":"product_tag-original","21":"product_tag-platano","22":"product_tag-polly","23":"product_tag-polly-banana","24":"product_tag-polly-candy","25":"product_tag-polly-tops-banana-split","26":"product_tag-popular","27":"product_tag-swedish-chocolate","28":"product_tag-tops","29":"product_tag-vanilla","30":"flavor-chocolate","31":"flavor-foam","33":"first","34":"outofstock","35":"taxable","36":"shipping-taxable","37":"purchasable","38":"product-type-simple"},"_links":{"self":[{"href":"https:\/\/godisfabrica.com\/es\/wp-json\/wp\/v2\/product\/19744","targetHints":{"allow":["GET"]}}],"collection":[{"href":"https:\/\/godisfabrica.com\/es\/wp-json\/wp\/v2\/product"}],"about":[{"href":"https:\/\/godisfabrica.com\/es\/wp-json\/wp\/v2\/types\/product"}],"replies":[{"embeddable":true,"href":"https:\/\/godisfabrica.com\/es\/wp-json\/wp\/v2\/comments?post=19744"}],"wp:featuredmedia":[{"embeddable":true,"href":"https:\/\/godisfabrica.com\/es\/wp-json\/wp\/v2\/media\/19745"}],"wp:attachment":[{"href":"https:\/\/godisfabrica.com\/es\/wp-json\/wp\/v2\/media?parent=19744"}],"wp:term":[{"taxonomy":"product_brand","embeddable":true,"href":"https:\/\/godisfabrica.com\/es\/wp-json\/wp\/v2\/product_brand?post=19744"},{"taxonomy":"product_cat","embeddable":true,"href":"https:\/\/godisfabrica.com\/es\/wp-json\/wp\/v2\/product_cat?post=19744"},{"taxonomy":"product_tag","embeddable":true,"href":"https:\/\/godisfabrica.com\/es\/wp-json\/wp\/v2\/product_tag?post=19744"},{"taxonomy":"flavor","embeddable":true,"href":"https:\/\/godisfabrica.com\/es\/wp-json\/wp\/v2\/flavor?post=19744"},{"taxonomy":"allergens","embeddable":true,"href":"https:\/\/godisfabrica.com\/es\/wp-json\/wp\/v2\/allergens?post=19744"}],"curies":[{"name":"wp","href":"https:\/\/api.w.org\/{rel}","templated":true}]}}