{"id":19747,"date":"2026-04-24T22:16:58","date_gmt":"2026-04-24T20:16:58","guid":{"rendered":"https:\/\/godisfabrica.com\/?post_type=product&#038;p=19747"},"modified":"2026-04-28T21:56:52","modified_gmt":"2026-04-28T19:56:52","slug":"polly-tops-bilar-bag","status":"publish","type":"product","link":"https:\/\/godisfabrica.com\/es\/producto\/polly-tops-bilar-bag\/","title":{"rendered":"Bolsa de Polly Bolas Bilar"},"content":{"rendered":"<p data-start=\"0\" data-end=\"279\">Bolsa de Polly Bolas Bilar es lo que ocurre cuando dos leyendas suecas deciden que juntas son mejor y dejan de fingir lo contrario. Imagina la ic\u00f3nica espuma masticable de Ahlgrens Bilar visti\u00e9ndose de repente con una suave capa de chocolate con leche como si fuera a una fiesta elegante \u2014 eso es exactamente lo que obtienes.<\/p>\n<p data-start=\"281\" data-end=\"598\">Cada Bolsa de Polly Bolas est\u00e1 llena de esa espuma suave y nost\u00e1lgica, con un rico final de chocolate que te hace preguntarte por qu\u00e9 esto no se invent\u00f3 antes. Es afrutado, cremoso, masticable y peligrosamente f\u00e1cil de seguir \u201cprobando solo uno m\u00e1s\u201d hasta que la bolsa desaparece misteriosamente.\nPerfecto para amantes de las chuches, acumuladores de snacks y cualquiera que alguna vez haya pensado: \u201c\u00bfY si los coches suecos\u2026 pero con chocolate?\u201d. Bolsa de Polly Bolas Bilar es el crossover dulce definitivo que tus papilas gustativas no sab\u00edan que necesitaban.<\/p>\n<div style=\"display: none;\">\n<h5 style=\"display: none;\">Marabou Sea Salt Chocolateh5&gt;<br \/>\n<img decoding=\"async\" style=\"display: none;\" src=\"https:\/\/godisfabrica.com\/wp-content\/uploads\/2024\/08\/IMG_5948-scaled.jpg\" alt=\"Candy Shop\" \/><\/h5>\n<p style=\"display: none;\">Shop delicious candies at our online candy shop in Spain. Explore a variety of sweets at Godisfabrica and enjoy fast delivery across Spain! &#8220;Shop your favorite candies at our online candy shop in Spain. Fast delivery, wide selection, and sweet deals await. Order now!&#8221; Shop online at Godisfabrica for the best candy in Spain. Discover delicious sweets, fast shipping, and premium quality treats today!<\/p>\n<\/div>\n<div style=\"display: none;\">\n<h5 style=\"display: none;\">Marabou Sea Salt Chocolateh5&gt;<br \/>\n<img decoding=\"async\" style=\"display: none;\" src=\"https:\/\/godisfabrica.com\/wp-content\/uploads\/2024\/08\/IMG_5948-scaled.jpg\" alt=\"Candy Shop\" \/><\/h5>\n<p style=\"display: none;\">Shop delicious candies at our online candy shop in Spain. Explore a variety of sweets at Godisfabrica and enjoy fast delivery across Spain! &#8220;Shop your favorite candies at our online candy shop in Spain. Fast delivery, wide selection, and sweet deals await. Order now!&#8221; Shop online at Godisfabrica for the best candy in Spain. Discover delicious sweets, fast shipping, and premium quality treats today!<\/p>\n<\/div>\n<div style=\"display: none;\">\n<h5 style=\"display: none;\">Marabou Sea Salt Chocolateh5&gt;<br \/>\n<img decoding=\"async\" style=\"display: none;\" src=\"https:\/\/godisfabrica.com\/wp-content\/uploads\/2024\/08\/IMG_5948-scaled.jpg\" alt=\"Candy Shop\" \/><\/h5>\n<p style=\"display: none;\">Shop delicious candies at our online candy shop in Spain. Explore a variety of sweets at Godisfabrica and enjoy fast delivery across Spain! &#8220;Shop your favorite candies at our online candy shop in Spain. Fast delivery, wide selection, and sweet deals await. Order now!&#8221; Shop online at Godisfabrica for the best candy in Spain. Discover delicious sweets, fast shipping, and premium quality treats today!<\/p>\n<\/div>\n<p><img decoding=\"async\" style=\"display: none;\" src=\"https:\/\/godisfabrica.com\/wp-content\/uploads\/2024\/08\/IMG_5948-scaled.jpg\" alt=\"Candy Shop\" \/><\/p>","protected":false},"excerpt":{"rendered":"<p>100g<\/p>","protected":false},"featured_media":19748,"comment_status":"open","ping_status":"closed","template":"","meta":[],"product_brand":[],"product_cat":[243,293],"product_tag":[2133,515,940,775,2127,230,551,443,735,499,468,233,2132,2124,2134,503,497,1863],"flavor":[412,410,422],"allergens":[],"class_list":{"0":"post-19747","1":"product","2":"type-product","3":"status-publish","4":"has-post-thumbnail","6":"product_cat-chocolate-category-godis-fabrica","7":"product_cat-candy-products-godis-fabrica","8":"product_tag-ahlgrens-bilar","9":"product_tag-bilar","10":"product_tag-bilar-cars","11":"product_tag-choco","12":"product_tag-choco-foam","13":"product_tag-chocolate","14":"product_tag-cloetta","15":"product_tag-foam","16":"product_tag-foamy","17":"product_tag-milk-chocolate","18":"product_tag-original","19":"product_tag-polly","20":"product_tag-polly-bilar","21":"product_tag-polly-candy","22":"product_tag-polly-tops-bilar-bag","23":"product_tag-popular","24":"product_tag-swedish-chocolate","25":"product_tag-tops","26":"flavor-chocolate","27":"flavor-foam","28":"flavor-wrapped","30":"first","31":"outofstock","32":"taxable","33":"shipping-taxable","34":"purchasable","35":"product-type-simple"},"_links":{"self":[{"href":"https:\/\/godisfabrica.com\/es\/wp-json\/wp\/v2\/product\/19747","targetHints":{"allow":["GET"]}}],"collection":[{"href":"https:\/\/godisfabrica.com\/es\/wp-json\/wp\/v2\/product"}],"about":[{"href":"https:\/\/godisfabrica.com\/es\/wp-json\/wp\/v2\/types\/product"}],"replies":[{"embeddable":true,"href":"https:\/\/godisfabrica.com\/es\/wp-json\/wp\/v2\/comments?post=19747"}],"wp:featuredmedia":[{"embeddable":true,"href":"https:\/\/godisfabrica.com\/es\/wp-json\/wp\/v2\/media\/19748"}],"wp:attachment":[{"href":"https:\/\/godisfabrica.com\/es\/wp-json\/wp\/v2\/media?parent=19747"}],"wp:term":[{"taxonomy":"product_brand","embeddable":true,"href":"https:\/\/godisfabrica.com\/es\/wp-json\/wp\/v2\/product_brand?post=19747"},{"taxonomy":"product_cat","embeddable":true,"href":"https:\/\/godisfabrica.com\/es\/wp-json\/wp\/v2\/product_cat?post=19747"},{"taxonomy":"product_tag","embeddable":true,"href":"https:\/\/godisfabrica.com\/es\/wp-json\/wp\/v2\/product_tag?post=19747"},{"taxonomy":"flavor","embeddable":true,"href":"https:\/\/godisfabrica.com\/es\/wp-json\/wp\/v2\/flavor?post=19747"},{"taxonomy":"allergens","embeddable":true,"href":"https:\/\/godisfabrica.com\/es\/wp-json\/wp\/v2\/allergens?post=19747"}],"curies":[{"name":"wp","href":"https:\/\/api.w.org\/{rel}","templated":true}]}}