{"id":19755,"date":"2026-04-28T11:35:14","date_gmt":"2026-04-28T09:35:14","guid":{"rendered":"https:\/\/godisfabrica.com\/?post_type=product&#038;p=19755"},"modified":"2026-04-28T21:57:20","modified_gmt":"2026-04-28T19:57:20","slug":"sour-lips","status":"publish","type":"product","link":"https:\/\/godisfabrica.com\/es\/producto\/sour-lips\/","title":{"rendered":"Labios \u00c1cidos"},"content":{"rendered":"<p data-start=\"0\" data-end=\"119\">Labios \u00c1cidos est\u00e1n aqu\u00ed para animar las cosas\u2014porque los dulces normales son aburridos y tus papilas gustativas merecen un poco de actitud \ud83d\udc8b<\/p>\n<p data-start=\"121\" data-end=\"405\">Estos dulces veganos con forma de labios no solo tienen un aspecto divertido\u2014tambi\u00e9n ofrecen un potente golpe \u00e1cido que hace que la boca hormiguee desde el primer bocado o, mejor dicho\u2026 el primer BESO. Espera ese impacto \u00e1cido inicial, seguido de una suave dulzura masticable que equilibra perfectamente el sabor.<\/p>\n<p data-start=\"407\" data-end=\"687\" data-is-last-node=\"\" data-is-only-node=\"\">Brillantes, afrutados y llenos de personalidad, los Labios \u00c1cidos convierten cualquier momento dulce en algo un poco m\u00e1s divertido. Tanto si buscas un snack intenso como si solo quieres algo que destaque entre la multitud, estos traviesos Labios \u00c1cidos est\u00e1n listos para aportar sabor\u2026 y quiz\u00e1 un poco de picard\u00eda tambi\u00e9n.<\/p>\n<div style=\"display: none;\">\n<h5 style=\"display: none;\">Frambuesa de Gelatina<\/h5>\n<h5><img decoding=\"async\" style=\"display: none;\" src=\"https:\/\/godisfabrica.com\/wp-content\/uploads\/2024\/08\/IMG_5948-scaled.jpg\" alt=\"Candy Shop\" \/><\/h5>\n<p style=\"display: none;\">Shop delicious candies at our online candy shop in Spain. Explore a variety of sweets at Godisfabrica and enjoy fast delivery across Spain! &#8220;Shop your favorite candies at our online candy shop in Spain. Fast delivery, wide selection, and sweet deals await. Order now!&#8221; Shop online at Godisfabrica for the best candy in Spain. Discover delicious sweets, fast shipping, and premium quality treats today!<\/p>\n<\/div>\n<div style=\"display: none;\">\n<h5 style=\"display: none;\">Raspberry<\/h5>\n<h5><img decoding=\"async\" style=\"display: none;\" src=\"https:\/\/godisfabrica.com\/wp-content\/uploads\/2024\/08\/IMG_5948-scaled.jpg\" alt=\"Candy Shop\" \/><\/h5>\n<p style=\"display: none;\">Shop delicious candies at our online candy shop in Spain. Explore a variety of sweets at Godisfabrica and enjoy fast delivery across Spain! &#8220;Shop your favorite candies at our online candy shop in Spain. Fast delivery, wide selection, and sweet deals await. Order now!&#8221; Shop online at Godisfabrica for the best candy in Spain. Discover delicious sweets, fast shipping, and premium quality treats today!<\/p>\n<\/div>\n<p><img decoding=\"async\" style=\"display: none;\" src=\"https:\/\/godisfabrica.com\/wp-content\/uploads\/2024\/08\/IMG_5948-scaled.jpg\" alt=\"Candy Shop\" \/><img decoding=\"async\" style=\"display: none;\" src=\"https:\/\/godisfabrica.com\/wp-content\/uploads\/2024\/08\/IMG_5948-scaled.jpg\" alt=\"Candy Shop\" \/><\/p>","protected":false},"excerpt":{"rendered":"<p>50g<\/p>","protected":false},"featured_media":19756,"comment_status":"open","ping_status":"closed","template":"","meta":[],"product_brand":[],"product_cat":[225,290],"product_tag":[1128,1169,537,508,540,1213,1492,1857,440,587,1491,1856,1179,904,1858,1855,442,582,1490,903,1172,1177,435,585,2136,2137,1074,552,1167,1585,291,445,607,939,661],"flavor":[411,419,415],"allergens":[426,428,2020,427,425],"class_list":{"0":"post-19755","1":"product","2":"type-product","3":"status-publish","4":"has-post-thumbnail","6":"product_cat-pick-mix-candy-godis-fabrica","7":"product_cat-vegan-products-godis-fabrica","8":"product_tag-acida","9":"product_tag-amor","10":"product_tag-chuches-veganas","11":"product_tag-fruit","12":"product_tag-fruit-candy","13":"product_tag-frutos","14":"product_tag-hotlips","15":"product_tag-huulet","16":"product_tag-jelly","17":"product_tag-kirpea","18":"product_tag-kiss","19":"product_tag-labio","20":"product_tag-labios","21":"product_tag-labios-rojos","22":"product_tag-lip","23":"product_tag-lips","24":"product_tag-love","25":"product_tag-pink","26":"product_tag-pussmun","27":"product_tag-red-lips","28":"product_tag-rosa","29":"product_tag-san-valentin","30":"product_tag-sour","31":"product_tag-sour-candy","32":"product_tag-sour-lips","33":"product_tag-sur","34":"product_tag-sura","35":"product_tag-swedish-candy","36":"product_tag-valentine","37":"product_tag-valentines-day","38":"product_tag-vegan","39":"product_tag-vegan-candy","40":"product_tag-vegano","41":"product_tag-vege","42":"product_tag-veggie","43":"flavor-fruity","44":"flavor-palm-oil-free","45":"flavor-sour","46":"allergens-gelatin-free","47":"allergens-gluten-free","48":"allergens-halal","49":"allergens-lactose-free","50":"allergens-vegan","52":"first","53":"outofstock","54":"taxable","55":"shipping-taxable","56":"purchasable","57":"product-type-simple"},"_links":{"self":[{"href":"https:\/\/godisfabrica.com\/es\/wp-json\/wp\/v2\/product\/19755","targetHints":{"allow":["GET"]}}],"collection":[{"href":"https:\/\/godisfabrica.com\/es\/wp-json\/wp\/v2\/product"}],"about":[{"href":"https:\/\/godisfabrica.com\/es\/wp-json\/wp\/v2\/types\/product"}],"replies":[{"embeddable":true,"href":"https:\/\/godisfabrica.com\/es\/wp-json\/wp\/v2\/comments?post=19755"}],"wp:featuredmedia":[{"embeddable":true,"href":"https:\/\/godisfabrica.com\/es\/wp-json\/wp\/v2\/media\/19756"}],"wp:attachment":[{"href":"https:\/\/godisfabrica.com\/es\/wp-json\/wp\/v2\/media?parent=19755"}],"wp:term":[{"taxonomy":"product_brand","embeddable":true,"href":"https:\/\/godisfabrica.com\/es\/wp-json\/wp\/v2\/product_brand?post=19755"},{"taxonomy":"product_cat","embeddable":true,"href":"https:\/\/godisfabrica.com\/es\/wp-json\/wp\/v2\/product_cat?post=19755"},{"taxonomy":"product_tag","embeddable":true,"href":"https:\/\/godisfabrica.com\/es\/wp-json\/wp\/v2\/product_tag?post=19755"},{"taxonomy":"flavor","embeddable":true,"href":"https:\/\/godisfabrica.com\/es\/wp-json\/wp\/v2\/flavor?post=19755"},{"taxonomy":"allergens","embeddable":true,"href":"https:\/\/godisfabrica.com\/es\/wp-json\/wp\/v2\/allergens?post=19755"}],"curies":[{"name":"wp","href":"https:\/\/api.w.org\/{rel}","templated":true}]}}