{"id":19757,"date":"2026-04-28T11:54:48","date_gmt":"2026-04-28T09:54:48","guid":{"rendered":"https:\/\/godisfabrica.com\/?post_type=product&#038;p=19757"},"modified":"2026-04-28T21:57:36","modified_gmt":"2026-04-28T19:57:36","slug":"sour-foamy-fizzy-skulls","status":"publish","type":"product","link":"https:\/\/godisfabrica.com\/es\/producto\/sour-foamy-fizzy-skulls\/","title":{"rendered":"Calaveras Fizzy Chicle \u00c1cida"},"content":{"rendered":"<p data-start=\"99\" data-end=\"374\">Calaveras Fizzy Chicle \u00c1cida son dulces veganos con forma espeluznante y adorable que golpean r\u00e1pido con un toque \u00e1cido y efervescente que despierta tus papilas gustativas como una descarga de travesura el\u00e9ctrica. Justo cuando crees que puedes con el impacto \u00e1cido, llega una ola de dulzura afrutada que te deja enganchado y buscando m\u00e1s.<\/p>\n<p data-start=\"376\" data-end=\"589\">Suaves, masticables y llenos de sabor intenso, los Calaveras Fizzy Chicle aportan actitud en cada bocado. Su divertida forma de calavera los hace perfectos para quienes quieren chuches con personalidad\u2026 y con mucho punch. Si buscas caramelos \u00e1cidos, efervescentes, afrutados e imposibles de ignorar, los Calaveras Fizzy Chicle est\u00e1n listos para sacudirlo todo y perseguir tus antojos.<\/p>\n<div style=\"display: none;\">\n<h5 style=\"display: none;\">Frambuesa de Gelatina<\/h5>\n<h5><img decoding=\"async\" style=\"display: none;\" src=\"https:\/\/godisfabrica.com\/wp-content\/uploads\/2024\/08\/IMG_5948-scaled.jpg\" alt=\"Candy Shop\" \/><\/h5>\n<p style=\"display: none;\">Shop delicious candies at our online candy shop in Spain. Explore a variety of sweets at Godisfabrica and enjoy fast delivery across Spain! &#8220;Shop your favorite candies at our online candy shop in Spain. Fast delivery, wide selection, and sweet deals await. Order now!&#8221; Shop online at Godisfabrica for the best candy in Spain. Discover delicious sweets, fast shipping, and premium quality treats today!<\/p>\n<\/div>\n<div style=\"display: none;\">\n<h5 style=\"display: none;\">Raspberry<\/h5>\n<h5><img decoding=\"async\" style=\"display: none;\" src=\"https:\/\/godisfabrica.com\/wp-content\/uploads\/2024\/08\/IMG_5948-scaled.jpg\" alt=\"Candy Shop\" \/><\/h5>\n<p style=\"display: none;\">Shop delicious candies at our online candy shop in Spain. Explore a variety of sweets at Godisfabrica and enjoy fast delivery across Spain! &#8220;Shop your favorite candies at our online candy shop in Spain. Fast delivery, wide selection, and sweet deals await. Order now!&#8221; Shop online at Godisfabrica for the best candy in Spain. Discover delicious sweets, fast shipping, and premium quality treats today!<\/p>\n<\/div>\n<p><img decoding=\"async\" style=\"display: none;\" src=\"https:\/\/godisfabrica.com\/wp-content\/uploads\/2024\/08\/IMG_5948-scaled.jpg\" alt=\"Candy Shop\" \/><img decoding=\"async\" style=\"display: none;\" src=\"https:\/\/godisfabrica.com\/wp-content\/uploads\/2024\/08\/IMG_5948-scaled.jpg\" alt=\"Candy Shop\" \/><\/p>","protected":false},"excerpt":{"rendered":"<p>50g<\/p>","protected":false},"featured_media":19758,"comment_status":"open","ping_status":"closed","template":"","meta":[],"product_brand":[],"product_cat":[225,290],"product_tag":[1128,731,1862,628,556,1076,544,1409,2075,706,537,1228,437,2110,2109,701,533,1500,1870,239,1694,435,585,2138,291,445,1504,607],"flavor":[424,411,419,415],"allergens":[426,428,2020,427,425],"class_list":{"0":"post-19757","1":"product","2":"type-product","3":"status-publish","4":"has-post-thumbnail","6":"product_cat-pick-mix-candy-godis-fabrica","7":"product_cat-vegan-products-godis-fabrica","8":"product_tag-acida","9":"product_tag-acido","10":"product_tag-azul","11":"product_tag-berry","12":"product_tag-blue","13":"product_tag-bubble","14":"product_tag-bubblegum","15":"product_tag-calavera","16":"product_tag-calaveras","17":"product_tag-chicle","18":"product_tag-chuches-veganas","19":"product_tag-dizzy","20":"product_tag-fizzy","21":"product_tag-fizzy-bubble-skulls","22":"product_tag-fizzy-skull","23":"product_tag-gelatin-free","24":"product_tag-halloween","25":"product_tag-sabor-a-chicle","26":"product_tag-skalle","27":"product_tag-skull","28":"product_tag-skull-candy","29":"product_tag-sour","30":"product_tag-sour-candy","31":"product_tag-sour-fizzy-skulls","32":"product_tag-vegan","33":"product_tag-vegan-candy","34":"product_tag-vegana","35":"product_tag-vegano","36":"flavor-bubblegum","37":"flavor-fruity","38":"flavor-palm-oil-free","39":"flavor-sour","40":"allergens-gelatin-free","41":"allergens-gluten-free","42":"allergens-halal","43":"allergens-lactose-free","44":"allergens-vegan","46":"first","47":"outofstock","48":"taxable","49":"shipping-taxable","50":"purchasable","51":"product-type-simple"},"_links":{"self":[{"href":"https:\/\/godisfabrica.com\/es\/wp-json\/wp\/v2\/product\/19757","targetHints":{"allow":["GET"]}}],"collection":[{"href":"https:\/\/godisfabrica.com\/es\/wp-json\/wp\/v2\/product"}],"about":[{"href":"https:\/\/godisfabrica.com\/es\/wp-json\/wp\/v2\/types\/product"}],"replies":[{"embeddable":true,"href":"https:\/\/godisfabrica.com\/es\/wp-json\/wp\/v2\/comments?post=19757"}],"wp:featuredmedia":[{"embeddable":true,"href":"https:\/\/godisfabrica.com\/es\/wp-json\/wp\/v2\/media\/19758"}],"wp:attachment":[{"href":"https:\/\/godisfabrica.com\/es\/wp-json\/wp\/v2\/media?parent=19757"}],"wp:term":[{"taxonomy":"product_brand","embeddable":true,"href":"https:\/\/godisfabrica.com\/es\/wp-json\/wp\/v2\/product_brand?post=19757"},{"taxonomy":"product_cat","embeddable":true,"href":"https:\/\/godisfabrica.com\/es\/wp-json\/wp\/v2\/product_cat?post=19757"},{"taxonomy":"product_tag","embeddable":true,"href":"https:\/\/godisfabrica.com\/es\/wp-json\/wp\/v2\/product_tag?post=19757"},{"taxonomy":"flavor","embeddable":true,"href":"https:\/\/godisfabrica.com\/es\/wp-json\/wp\/v2\/flavor?post=19757"},{"taxonomy":"allergens","embeddable":true,"href":"https:\/\/godisfabrica.com\/es\/wp-json\/wp\/v2\/allergens?post=19757"}],"curies":[{"name":"wp","href":"https:\/\/api.w.org\/{rel}","templated":true}]}}