{"id":19760,"date":"2026-04-28T12:08:13","date_gmt":"2026-04-28T10:08:13","guid":{"rendered":"https:\/\/godisfabrica.com\/?post_type=product&#038;p=19760"},"modified":"2026-04-28T21:57:49","modified_gmt":"2026-04-28T19:57:49","slug":"sour-foamy-cola-skulls","status":"publish","type":"product","link":"https:\/\/godisfabrica.com\/es\/producto\/sour-foamy-cola-skulls\/","title":{"rendered":"Calaveras de Cola \u00c1cida"},"content":{"rendered":"<p data-start=\"0\" data-end=\"109\">Calaveras de Cola \u00c1cida son dulces con forma de calavera que combinan una textura suave y esponjosa con un potente toque \u00e1cido que llega primero y pregunta despu\u00e9s. Justo cuando haces esa mueca por el impacto \u00e1cido, aparece una dulce y ligera efervescencia de cola que equilibra todo\u2014como un refresco con helado, pero con actitud.<\/p>\n<p data-start=\"376\" data-end=\"668\">Masticables, \u00e1cidas y llenas de nostalgia a cola, las Calaveras de Cola \u00c1cida son perfectas para quienes quieren chuches divertidas, un poco \u201cespeluznantes\u201d y nada aburridas. Cada bocado ofrece ese inconfundible sabor a cola con un giro \u00e1cido que te hace volver a por \u201csolo una m\u00e1s\u201d\u2026 una y otra vez.\nSi buscas caramelos de cola \u00e1cida con textura espumosa y mucha personalidad, las Calaveras de Cola \u00c1cida est\u00e1n listas para burbujear, esponjarse y conquistar tus antojos.<\/p>\n<div style=\"display: none;\">\n<h5 style=\"display: none;\">Frambuesa de Gelatina<\/h5>\n<h5><img decoding=\"async\" style=\"display: none;\" src=\"https:\/\/godisfabrica.com\/wp-content\/uploads\/2024\/08\/IMG_5948-scaled.jpg\" alt=\"Candy Shop\" \/><\/h5>\n<p style=\"display: none;\">Shop delicious candies at our online candy shop in Spain. Explore a variety of sweets at Godisfabrica and enjoy fast delivery across Spain! &#8220;Shop your favorite candies at our online candy shop in Spain. Fast delivery, wide selection, and sweet deals await. Order now!&#8221; Shop online at Godisfabrica for the best candy in Spain. Discover delicious sweets, fast shipping, and premium quality treats today!<\/p>\n<\/div>\n<div style=\"display: none;\">\n<h5 style=\"display: none;\">Raspberry<\/h5>\n<h5><img decoding=\"async\" style=\"display: none;\" src=\"https:\/\/godisfabrica.com\/wp-content\/uploads\/2024\/08\/IMG_5948-scaled.jpg\" alt=\"Candy Shop\" \/><\/h5>\n<p style=\"display: none;\">Shop delicious candies at our online candy shop in Spain. Explore a variety of sweets at Godisfabrica and enjoy fast delivery across Spain! &#8220;Shop your favorite candies at our online candy shop in Spain. Fast delivery, wide selection, and sweet deals await. Order now!&#8221; Shop online at Godisfabrica for the best candy in Spain. Discover delicious sweets, fast shipping, and premium quality treats today!<\/p>\n<\/div>\n<p><img decoding=\"async\" style=\"display: none;\" src=\"https:\/\/godisfabrica.com\/wp-content\/uploads\/2024\/08\/IMG_5948-scaled.jpg\" alt=\"Candy Shop\" \/><img decoding=\"async\" style=\"display: none;\" src=\"https:\/\/godisfabrica.com\/wp-content\/uploads\/2024\/08\/IMG_5948-scaled.jpg\" alt=\"Candy Shop\" \/><\/p>","protected":false},"excerpt":{"rendered":"<p>50g<\/p>","protected":false},"featured_media":19759,"comment_status":"open","ping_status":"closed","template":"","meta":[],"product_brand":[],"product_cat":[225,290],"product_tag":[1128,731,1409,2075,706,537,817,803,547,1087,2109,735,701,533,1870,239,1694,435,585,805,2139,291,445,1504,607],"flavor":[418,410,419,415],"allergens":[426,428,2020,427,425],"class_list":{"0":"post-19760","1":"product","2":"type-product","3":"status-publish","4":"has-post-thumbnail","6":"product_cat-pick-mix-candy-godis-fabrica","7":"product_cat-vegan-products-godis-fabrica","8":"product_tag-acida","9":"product_tag-acido","10":"product_tag-calavera","11":"product_tag-calaveras","12":"product_tag-chicle","13":"product_tag-chuches-veganas","14":"product_tag-coca-cola","15":"product_tag-coke","16":"product_tag-cola","17":"product_tag-cola-taste","18":"product_tag-fizzy-skull","19":"product_tag-foamy","20":"product_tag-gelatin-free","21":"product_tag-halloween","22":"product_tag-skalle","23":"product_tag-skull","24":"product_tag-skull-candy","25":"product_tag-sour","26":"product_tag-sour-candy","27":"product_tag-sour-cola","28":"product_tag-sour-foamy-cola-skulls","29":"product_tag-vegan","30":"product_tag-vegan-candy","31":"product_tag-vegana","32":"product_tag-vegano","33":"flavor-cola","34":"flavor-foam","35":"flavor-palm-oil-free","36":"flavor-sour","37":"allergens-gelatin-free","38":"allergens-gluten-free","39":"allergens-halal","40":"allergens-lactose-free","41":"allergens-vegan","43":"first","44":"outofstock","45":"taxable","46":"shipping-taxable","47":"purchasable","48":"product-type-simple"},"_links":{"self":[{"href":"https:\/\/godisfabrica.com\/es\/wp-json\/wp\/v2\/product\/19760","targetHints":{"allow":["GET"]}}],"collection":[{"href":"https:\/\/godisfabrica.com\/es\/wp-json\/wp\/v2\/product"}],"about":[{"href":"https:\/\/godisfabrica.com\/es\/wp-json\/wp\/v2\/types\/product"}],"replies":[{"embeddable":true,"href":"https:\/\/godisfabrica.com\/es\/wp-json\/wp\/v2\/comments?post=19760"}],"wp:featuredmedia":[{"embeddable":true,"href":"https:\/\/godisfabrica.com\/es\/wp-json\/wp\/v2\/media\/19759"}],"wp:attachment":[{"href":"https:\/\/godisfabrica.com\/es\/wp-json\/wp\/v2\/media?parent=19760"}],"wp:term":[{"taxonomy":"product_brand","embeddable":true,"href":"https:\/\/godisfabrica.com\/es\/wp-json\/wp\/v2\/product_brand?post=19760"},{"taxonomy":"product_cat","embeddable":true,"href":"https:\/\/godisfabrica.com\/es\/wp-json\/wp\/v2\/product_cat?post=19760"},{"taxonomy":"product_tag","embeddable":true,"href":"https:\/\/godisfabrica.com\/es\/wp-json\/wp\/v2\/product_tag?post=19760"},{"taxonomy":"flavor","embeddable":true,"href":"https:\/\/godisfabrica.com\/es\/wp-json\/wp\/v2\/flavor?post=19760"},{"taxonomy":"allergens","embeddable":true,"href":"https:\/\/godisfabrica.com\/es\/wp-json\/wp\/v2\/allergens?post=19760"}],"curies":[{"name":"wp","href":"https:\/\/api.w.org\/{rel}","templated":true}]}}