{"id":19761,"date":"2026-04-28T12:26:09","date_gmt":"2026-04-28T10:26:09","guid":{"rendered":"https:\/\/godisfabrica.com\/?post_type=product&#038;p=19761"},"modified":"2026-04-28T21:58:04","modified_gmt":"2026-04-28T19:58:04","slug":"gott-blandat-salty","status":"publish","type":"product","link":"https:\/\/godisfabrica.com\/es\/producto\/gott-blandat-salty\/","title":{"rendered":"Gott &amp; Blandat Salado"},"content":{"rendered":"<p data-start=\"0\" data-end=\"89\">Gott &amp; Blandat Salado (Gott &amp; Blandat Salty) es una mezcla de chuches suecas que combina regaliz salado con gominolas afrutadas ligeramente \u00e1cidas, todo recubierto con una atrevida mezcla de salmiak y az\u00facar. \u00bfEl resultado? Una monta\u00f1a rusa de sabores que pasa de la dulzura \u00e1cida de la fruta a la intensidad profunda del regaliz salado\u2026 y vuelve otra vez cuando menos te lo esperas.<\/p>\n<p data-start=\"387\" data-end=\"600\">Cada pu\u00f1ado es una sorpresa llena de texturas masticables y contrastes potentes, perfecta para quienes piensan que los dulces normales son demasiado \u201cbien portados\u201d. Es dulce, salado, \u00e1cido\u2026 y de alguna manera, todo encaja.\nSi est\u00e1s buscando regaliz salado, mezcla de chuches suecas o algo que mantenga tus papilas gustativas en alerta, Gott &amp; Blandat Salado est\u00e1 listo para revolucionar tu snack, pu\u00f1ado a pu\u00f1ado.<\/p>\n<div style=\"display: none;\">\n<h5 style=\"display: none;\">Frambuesa de Gelatina<\/h5>\n<h5><img decoding=\"async\" style=\"display: none;\" src=\"https:\/\/godisfabrica.com\/wp-content\/uploads\/2024\/08\/IMG_5948-scaled.jpg\" alt=\"Candy Shop\" \/><\/h5>\n<p style=\"display: none;\">Shop delicious candies at our online candy shop in Spain. Explore a variety of sweets at Godisfabrica and enjoy fast delivery across Spain! &#8220;Shop your favorite candies at our online candy shop in Spain. Fast delivery, wide selection, and sweet deals await. Order now!&#8221; Shop online at Godisfabrica for the best candy in Spain. Discover delicious sweets, fast shipping, and premium quality treats today!<\/p>\n<\/div>\n<div style=\"display: none;\">\n<h5 style=\"display: none;\">Raspberry<\/h5>\n<h5><img decoding=\"async\" style=\"display: none;\" src=\"https:\/\/godisfabrica.com\/wp-content\/uploads\/2024\/08\/IMG_5948-scaled.jpg\" alt=\"Candy Shop\" \/><\/h5>\n<p style=\"display: none;\">Shop delicious candies at our online candy shop in Spain. Explore a variety of sweets at Godisfabrica and enjoy fast delivery across Spain! &#8220;Shop your favorite candies at our online candy shop in Spain. Fast delivery, wide selection, and sweet deals await. Order now!&#8221; Shop online at Godisfabrica for the best candy in Spain. Discover delicious sweets, fast shipping, and premium quality treats today!<\/p>\n<\/div>\n<p><img decoding=\"async\" style=\"display: none;\" src=\"https:\/\/godisfabrica.com\/wp-content\/uploads\/2024\/08\/IMG_5948-scaled.jpg\" alt=\"Candy Shop\" \/><img decoding=\"async\" style=\"display: none;\" src=\"https:\/\/godisfabrica.com\/wp-content\/uploads\/2024\/08\/IMG_5948-scaled.jpg\" alt=\"Candy Shop\" \/><\/p>","protected":false},"excerpt":{"rendered":"<p>50g<\/p>","protected":false},"featured_media":19762,"comment_status":"open","ping_status":"closed","template":"","meta":[],"product_brand":[],"product_cat":[225],"product_tag":[1128,551,508,1213,608,2140,236,529,579,677,1427,1362,1473,1565,732,865,1032,561,2141,923,1600,618],"flavor":[413,414],"allergens":[426,427],"class_list":{"0":"post-19761","1":"product","2":"type-product","3":"status-publish","4":"has-post-thumbnail","6":"product_cat-pick-mix-candy-godis-fabrica","7":"product_tag-acida","8":"product_tag-cloetta","9":"product_tag-fruit","10":"product_tag-frutos","11":"product_tag-gott-blandat","12":"product_tag-gott-blandat-salty","13":"product_tag-licorice","14":"product_tag-liquorice","15":"product_tag-malaco","16":"product_tag-regaliz","17":"product_tag-regaliz-con-limon","18":"product_tag-regaliz-salado","19":"product_tag-sabor-a-regaliz","20":"product_tag-salada","21":"product_tag-salado","22":"product_tag-salt","23":"product_tag-salta","24":"product_tag-salty","25":"product_tag-salty-licorice","26":"product_tag-salty-liquorice","27":"product_tag-shell","28":"product_tag-very-salty","29":"flavor-liquorice","30":"flavor-salty","31":"allergens-gelatin-free","32":"allergens-lactose-free","34":"first","35":"outofstock","36":"taxable","37":"shipping-taxable","38":"purchasable","39":"product-type-simple"},"_links":{"self":[{"href":"https:\/\/godisfabrica.com\/es\/wp-json\/wp\/v2\/product\/19761","targetHints":{"allow":["GET"]}}],"collection":[{"href":"https:\/\/godisfabrica.com\/es\/wp-json\/wp\/v2\/product"}],"about":[{"href":"https:\/\/godisfabrica.com\/es\/wp-json\/wp\/v2\/types\/product"}],"replies":[{"embeddable":true,"href":"https:\/\/godisfabrica.com\/es\/wp-json\/wp\/v2\/comments?post=19761"}],"wp:featuredmedia":[{"embeddable":true,"href":"https:\/\/godisfabrica.com\/es\/wp-json\/wp\/v2\/media\/19762"}],"wp:attachment":[{"href":"https:\/\/godisfabrica.com\/es\/wp-json\/wp\/v2\/media?parent=19761"}],"wp:term":[{"taxonomy":"product_brand","embeddable":true,"href":"https:\/\/godisfabrica.com\/es\/wp-json\/wp\/v2\/product_brand?post=19761"},{"taxonomy":"product_cat","embeddable":true,"href":"https:\/\/godisfabrica.com\/es\/wp-json\/wp\/v2\/product_cat?post=19761"},{"taxonomy":"product_tag","embeddable":true,"href":"https:\/\/godisfabrica.com\/es\/wp-json\/wp\/v2\/product_tag?post=19761"},{"taxonomy":"flavor","embeddable":true,"href":"https:\/\/godisfabrica.com\/es\/wp-json\/wp\/v2\/flavor?post=19761"},{"taxonomy":"allergens","embeddable":true,"href":"https:\/\/godisfabrica.com\/es\/wp-json\/wp\/v2\/allergens?post=19761"}],"curies":[{"name":"wp","href":"https:\/\/api.w.org\/{rel}","templated":true}]}}