{"id":19763,"date":"2026-04-28T12:41:49","date_gmt":"2026-04-28T10:41:49","guid":{"rendered":"https:\/\/godisfabrica.com\/?post_type=product&#038;p=19763"},"modified":"2026-04-28T21:58:15","modified_gmt":"2026-04-28T19:58:15","slug":"rainbow-sea-gummies","status":"publish","type":"product","link":"https:\/\/godisfabrica.com\/es\/producto\/rainbow-sea-gummies\/","title":{"rendered":"Gomitas Marinas Arco\u00edris"},"content":{"rendered":"<p data-start=\"86\" data-end=\"420\">Gomitas Marinas Arco\u00edris son como unas vacaciones tropicales que decidieron convertirse en caramelo. Estas gominolas inspiradas en el oc\u00e9ano aportan una explosi\u00f3n de diversi\u00f3n afrutada en cada bocado, con texturas suaves y masticables y colores vibrantes que parecen salir directamente de un arrecife arco\u00edris. Dulces y llenas de sabores inspirados en frutas, son el tipo de chuches que desaparecen sospechosamente r\u00e1pido en cuanto se abre la bolsa.<\/p>\n<p data-start=\"422\" data-end=\"684\">Hechas para amantes del dulce con esp\u00edritu aventurero, las Gomitas Marinas Arco\u00edris combinan notas jugosas de fruta con una textura suave y satisfactoria que mantiene el inter\u00e9s de principio a fin. Cada pieza se siente como un peque\u00f1o tesoro comestible del mar\u2014solo que sin arena. Si est\u00e1s buscando gominolas afrutadas, dulces coloridos o algo que haga el momento del snack un poco m\u00e1s m\u00e1gico, las Gomitas Marinas Arco\u00edris est\u00e1n listas para sumergirse.<\/p>\n<div style=\"display: none;\">\n<h5 style=\"display: none;\">Frambuesa de Gelatina<\/h5>\n<h5><img decoding=\"async\" style=\"display: none;\" src=\"https:\/\/godisfabrica.com\/wp-content\/uploads\/2024\/08\/IMG_5948-scaled.jpg\" alt=\"Candy Shop\" \/><\/h5>\n<p style=\"display: none;\">Shop delicious candies at our online candy shop in Spain. Explore a variety of sweets at Godisfabrica and enjoy fast delivery across Spain! &#8220;Shop your favorite candies at our online candy shop in Spain. Fast delivery, wide selection, and sweet deals await. Order now!&#8221; Shop online at Godisfabrica for the best candy in Spain. Discover delicious sweets, fast shipping, and premium quality treats today!<\/p>\n<\/div>\n<div style=\"display: none;\">\n<h5 style=\"display: none;\">Raspberry<\/h5>\n<h5><img decoding=\"async\" style=\"display: none;\" src=\"https:\/\/godisfabrica.com\/wp-content\/uploads\/2024\/08\/IMG_5948-scaled.jpg\" alt=\"Candy Shop\" \/><\/h5>\n<p style=\"display: none;\">Shop delicious candies at our online candy shop in Spain. Explore a variety of sweets at Godisfabrica and enjoy fast delivery across Spain! &#8220;Shop your favorite candies at our online candy shop in Spain. Fast delivery, wide selection, and sweet deals await. Order now!&#8221; Shop online at Godisfabrica for the best candy in Spain. Discover delicious sweets, fast shipping, and premium quality treats today!<\/p>\n<\/div>\n<p><img decoding=\"async\" style=\"display: none;\" src=\"https:\/\/godisfabrica.com\/wp-content\/uploads\/2024\/08\/IMG_5948-scaled.jpg\" alt=\"Candy Shop\" \/><img decoding=\"async\" style=\"display: none;\" src=\"https:\/\/godisfabrica.com\/wp-content\/uploads\/2024\/08\/IMG_5948-scaled.jpg\" alt=\"Candy Shop\" \/><\/p>","protected":false},"excerpt":{"rendered":"<p>50g<\/p>","protected":false},"featured_media":19764,"comment_status":"open","ping_status":"closed","template":"","meta":[],"product_brand":[],"product_cat":[225,290],"product_tag":[2148,2149,508,540,1205,507,1276,1213,1806,2147,1605,1054,440,2144,1599,1807,1603,1212,2146,2143,2145,2142,1598,1604,1606,1607,1600,1601,1602],"flavor":[411,417,419],"allergens":[426,428,2020,427,425],"class_list":{"0":"post-19763","1":"product","2":"type-product","3":"status-publish","4":"has-post-thumbnail","6":"product_cat-pick-mix-candy-godis-fabrica","7":"product_cat-vegan-products-godis-fabrica","8":"product_tag-arcoiris","9":"product_tag-color-de-arcoiris","10":"product_tag-fruit","11":"product_tag-fruit-candy","12":"product_tag-fruits","13":"product_tag-fruity","14":"product_tag-frutal","15":"product_tag-frutos","16":"product_tag-frutos-del-mar","17":"product_tag-gay","18":"product_tag-gummies","19":"product_tag-gummy","20":"product_tag-jelly","21":"product_tag-lgtb","22":"product_tag-mar","23":"product_tag-merenelavat","24":"product_tag-meri","25":"product_tag-pescado","26":"product_tag-pride","27":"product_tag-rainbow","28":"product_tag-rainbow-colours","29":"product_tag-rainbow-sea-gummies","30":"product_tag-sea","31":"product_tag-sea-candy","32":"product_tag-sea-friends","33":"product_tag-sea-gummies","34":"product_tag-shell","35":"product_tag-shell-shaped","36":"product_tag-simpukka","37":"flavor-fruity","38":"flavor-jelly","39":"flavor-palm-oil-free","40":"allergens-gelatin-free","41":"allergens-gluten-free","42":"allergens-halal","43":"allergens-lactose-free","44":"allergens-vegan","46":"first","47":"outofstock","48":"taxable","49":"shipping-taxable","50":"purchasable","51":"product-type-simple"},"_links":{"self":[{"href":"https:\/\/godisfabrica.com\/es\/wp-json\/wp\/v2\/product\/19763","targetHints":{"allow":["GET"]}}],"collection":[{"href":"https:\/\/godisfabrica.com\/es\/wp-json\/wp\/v2\/product"}],"about":[{"href":"https:\/\/godisfabrica.com\/es\/wp-json\/wp\/v2\/types\/product"}],"replies":[{"embeddable":true,"href":"https:\/\/godisfabrica.com\/es\/wp-json\/wp\/v2\/comments?post=19763"}],"wp:featuredmedia":[{"embeddable":true,"href":"https:\/\/godisfabrica.com\/es\/wp-json\/wp\/v2\/media\/19764"}],"wp:attachment":[{"href":"https:\/\/godisfabrica.com\/es\/wp-json\/wp\/v2\/media?parent=19763"}],"wp:term":[{"taxonomy":"product_brand","embeddable":true,"href":"https:\/\/godisfabrica.com\/es\/wp-json\/wp\/v2\/product_brand?post=19763"},{"taxonomy":"product_cat","embeddable":true,"href":"https:\/\/godisfabrica.com\/es\/wp-json\/wp\/v2\/product_cat?post=19763"},{"taxonomy":"product_tag","embeddable":true,"href":"https:\/\/godisfabrica.com\/es\/wp-json\/wp\/v2\/product_tag?post=19763"},{"taxonomy":"flavor","embeddable":true,"href":"https:\/\/godisfabrica.com\/es\/wp-json\/wp\/v2\/flavor?post=19763"},{"taxonomy":"allergens","embeddable":true,"href":"https:\/\/godisfabrica.com\/es\/wp-json\/wp\/v2\/allergens?post=19763"}],"curies":[{"name":"wp","href":"https:\/\/api.w.org\/{rel}","templated":true}]}}