{"id":19765,"date":"2026-04-28T12:54:39","date_gmt":"2026-04-28T10:54:39","guid":{"rendered":"https:\/\/godisfabrica.com\/?post_type=product&#038;p=19765"},"modified":"2026-04-28T22:35:14","modified_gmt":"2026-04-28T20:35:14","slug":"diamond-rings","status":"publish","type":"product","link":"https:\/\/godisfabrica.com\/es\/producto\/diamond-rings\/","title":{"rendered":"Anillos de Diamante"},"content":{"rendered":"<p data-start=\"125\" data-end=\"195\">Baby, \u00bfd\u00f3nde **** est\u00e1 mi MARIDO? \u00a1Solo dej\u00f3 estos Anillos de Diamante\u2026! Pero olv\u00eddate del joyero\u2014estos Anillos de Diamante est\u00e1n aqu\u00ed para robarse el protagonismo con una personalidad afrutada, \u00e1cida y ligeramente efervescente que sabe c\u00f3mo divertirse. Cada bocado trae una explosi\u00f3n juguetona de sabores a cola, chicle y melocot\u00f3n, convirtiendo cada pu\u00f1ado en una mini celebraci\u00f3n.<\/p>\n<p data-start=\"490\" data-end=\"742\">Suaves, masticables y llenos de dulzura \u00e1cida, los Anillos de Diamante est\u00e1n hechos para amantes de las chuches que disfrutan de un toque de glamour en sus gominolas. Parecen hechos para llevar en el dedo, pero seamos sinceros\u2014no van a quedarse ah\u00ed mucho tiempo cuando empiece el picoteo. Si est\u00e1s buscando aros de gominola afrutados, caramelos \u00e1cidos y efervescentes, o al marido, los Anillos de Diamante est\u00e1n listos para brillar\u2014sin necesidad de joyero\u2026 ni de marido.<\/p>\n<div style=\"display: none;\">\n<h5 style=\"display: none;\">Frambuesa de Gelatina<\/h5>\n<h5><img decoding=\"async\" style=\"display: none;\" src=\"https:\/\/godisfabrica.com\/wp-content\/uploads\/2024\/08\/IMG_5948-scaled.jpg\" alt=\"Candy Shop\" \/><\/h5>\n<p style=\"display: none;\">Shop delicious candies at our online candy shop in Spain. Explore a variety of sweets at Godisfabrica and enjoy fast delivery across Spain! &#8220;Shop your favorite candies at our online candy shop in Spain. Fast delivery, wide selection, and sweet deals await. Order now!&#8221; Shop online at Godisfabrica for the best candy in Spain. Discover delicious sweets, fast shipping, and premium quality treats today!<\/p>\n<\/div>\n<div style=\"display: none;\">\n<h5 style=\"display: none;\">Raspberry<\/h5>\n<h5><img decoding=\"async\" style=\"display: none;\" src=\"https:\/\/godisfabrica.com\/wp-content\/uploads\/2024\/08\/IMG_5948-scaled.jpg\" alt=\"Candy Shop\" \/><\/h5>\n<p style=\"display: none;\">Shop delicious candies at our online candy shop in Spain. Explore a variety of sweets at Godisfabrica and enjoy fast delivery across Spain! &#8220;Shop your favorite candies at our online candy shop in Spain. Fast delivery, wide selection, and sweet deals await. Order now!&#8221; Shop online at Godisfabrica for the best candy in Spain. Discover delicious sweets, fast shipping, and premium quality treats today!<\/p>\n<\/div>\n<p><img decoding=\"async\" style=\"display: none;\" src=\"https:\/\/godisfabrica.com\/wp-content\/uploads\/2024\/08\/IMG_5948-scaled.jpg\" alt=\"Candy Shop\" \/><img decoding=\"async\" style=\"display: none;\" src=\"https:\/\/godisfabrica.com\/wp-content\/uploads\/2024\/08\/IMG_5948-scaled.jpg\" alt=\"Candy Shop\" \/><\/p>","protected":false},"excerpt":{"rendered":"<p>50g<\/p>","protected":false},"featured_media":19766,"comment_status":"open","ping_status":"closed","template":"","meta":[],"product_brand":[],"product_cat":[225,290],"product_tag":[1073,2153,1517,2148,2151,1361,1360,2150,508,540,1205,507,1276,1213,531,2072,1054,2154,2155,2143,1493,848,2152],"flavor":[411,419,415],"allergens":[426,428,2020,427,425],"class_list":{"0":"post-19765","1":"product","2":"type-product","3":"status-publish","4":"has-post-thumbnail","6":"product_cat-pick-mix-candy-godis-fabrica","7":"product_cat-vegan-products-godis-fabrica","8":"product_tag-anillo","9":"product_tag-anillo-con-diamante","10":"product_tag-anillos","11":"product_tag-arcoiris","12":"product_tag-boda","13":"product_tag-diamante","14":"product_tag-diamond","15":"product_tag-diamond-rings","16":"product_tag-fruit","17":"product_tag-fruit-candy","18":"product_tag-fruits","19":"product_tag-fruity","20":"product_tag-frutal","21":"product_tag-frutos","22":"product_tag-funny","23":"product_tag-gems","24":"product_tag-gummy","25":"product_tag-husband","26":"product_tag-marridge","27":"product_tag-rainbow","28":"product_tag-ring","29":"product_tag-rings","30":"product_tag-wedding","31":"flavor-fruity","32":"flavor-palm-oil-free","33":"flavor-sour","34":"allergens-gelatin-free","35":"allergens-gluten-free","36":"allergens-halal","37":"allergens-lactose-free","38":"allergens-vegan","40":"first","41":"outofstock","42":"taxable","43":"shipping-taxable","44":"purchasable","45":"product-type-simple"},"_links":{"self":[{"href":"https:\/\/godisfabrica.com\/es\/wp-json\/wp\/v2\/product\/19765","targetHints":{"allow":["GET"]}}],"collection":[{"href":"https:\/\/godisfabrica.com\/es\/wp-json\/wp\/v2\/product"}],"about":[{"href":"https:\/\/godisfabrica.com\/es\/wp-json\/wp\/v2\/types\/product"}],"replies":[{"embeddable":true,"href":"https:\/\/godisfabrica.com\/es\/wp-json\/wp\/v2\/comments?post=19765"}],"wp:featuredmedia":[{"embeddable":true,"href":"https:\/\/godisfabrica.com\/es\/wp-json\/wp\/v2\/media\/19766"}],"wp:attachment":[{"href":"https:\/\/godisfabrica.com\/es\/wp-json\/wp\/v2\/media?parent=19765"}],"wp:term":[{"taxonomy":"product_brand","embeddable":true,"href":"https:\/\/godisfabrica.com\/es\/wp-json\/wp\/v2\/product_brand?post=19765"},{"taxonomy":"product_cat","embeddable":true,"href":"https:\/\/godisfabrica.com\/es\/wp-json\/wp\/v2\/product_cat?post=19765"},{"taxonomy":"product_tag","embeddable":true,"href":"https:\/\/godisfabrica.com\/es\/wp-json\/wp\/v2\/product_tag?post=19765"},{"taxonomy":"flavor","embeddable":true,"href":"https:\/\/godisfabrica.com\/es\/wp-json\/wp\/v2\/flavor?post=19765"},{"taxonomy":"allergens","embeddable":true,"href":"https:\/\/godisfabrica.com\/es\/wp-json\/wp\/v2\/allergens?post=19765"}],"curies":[{"name":"wp","href":"https:\/\/api.w.org\/{rel}","templated":true}]}}