{"id":19769,"date":"2026-04-28T13:28:00","date_gmt":"2026-04-28T11:28:00","guid":{"rendered":"https:\/\/godisfabrica.com\/?post_type=product&#038;p=19769"},"modified":"2026-04-28T22:35:45","modified_gmt":"2026-04-28T20:35:45","slug":"sour-lemon-triangle","status":"publish","type":"product","link":"https:\/\/godisfabrica.com\/es\/producto\/sour-lemon-triangle\/","title":{"rendered":"Tri\u00e1ngulo de Lim\u00f3n \u00c1cido"},"content":{"rendered":"<p data-start=\"0\" data-end=\"51\">Tri\u00e1ngulo de Lim\u00f3n \u00c1cido no est\u00e1 aqu\u00ed para jugar seguro. Este caramelo con forma de tri\u00e1ngulo ofrece un potente golpe de lim\u00f3n \u00e1cido que impacta tus papilas gustativas como una se\u00f1al de advertencia que te alegra ignorar. El primer bocado es intenso, c\u00edtrico y hace la boca agua\u2014luego aparecen notas dulces de c\u00edtricos justo el tiempo suficiente para que olvides lo fuerte que era\u2026 antes de que el \u00e1cido vuelva a aparecer.<\/p>\n<p data-start=\"376\" data-end=\"628\">Masticable, \u00e1cido y peligrosamente refrescante, el Tri\u00e1ngulo de Lim\u00f3n est\u00e1 hecho para amantes de las chuches que disfrutan de dulces con actitud y una fuerte personalidad c\u00edtrica. Es brillante, intenso e imposible de comer solo uno sin cuestionarte tus decisiones. El Tri\u00e1ngulo de Lim\u00f3n \u00c1cido est\u00e1 listo para colarse en tu rutina de picoteo.<\/p>\n<div style=\"display: none;\">\n<h5 style=\"display: none;\">Frambuesa de Gelatina<\/h5>\n<h5><img decoding=\"async\" style=\"display: none;\" src=\"https:\/\/godisfabrica.com\/wp-content\/uploads\/2024\/08\/IMG_5948-scaled.jpg\" alt=\"Candy Shop\" \/><\/h5>\n<p style=\"display: none;\">Shop delicious candies at our online candy shop in Spain. Explore a variety of sweets at Godisfabrica and enjoy fast delivery across Spain! &#8220;Shop your favorite candies at our online candy shop in Spain. Fast delivery, wide selection, and sweet deals await. Order now!&#8221; Shop online at Godisfabrica for the best candy in Spain. Discover delicious sweets, fast shipping, and premium quality treats today!<\/p>\n<\/div>\n<div style=\"display: none;\">\n<h5 style=\"display: none;\">Raspberry<\/h5>\n<h5><img decoding=\"async\" style=\"display: none;\" src=\"https:\/\/godisfabrica.com\/wp-content\/uploads\/2024\/08\/IMG_5948-scaled.jpg\" alt=\"Candy Shop\" \/><\/h5>\n<p style=\"display: none;\">Shop delicious candies at our online candy shop in Spain. Explore a variety of sweets at Godisfabrica and enjoy fast delivery across Spain! &#8220;Shop your favorite candies at our online candy shop in Spain. Fast delivery, wide selection, and sweet deals await. Order now!&#8221; Shop online at Godisfabrica for the best candy in Spain. Discover delicious sweets, fast shipping, and premium quality treats today!<\/p>\n<\/div>\n<p><img decoding=\"async\" style=\"display: none;\" src=\"https:\/\/godisfabrica.com\/wp-content\/uploads\/2024\/08\/IMG_5948-scaled.jpg\" alt=\"Candy Shop\" \/><img decoding=\"async\" style=\"display: none;\" src=\"https:\/\/godisfabrica.com\/wp-content\/uploads\/2024\/08\/IMG_5948-scaled.jpg\" alt=\"Candy Shop\" \/><\/p>","protected":false},"excerpt":{"rendered":"<p>50g<\/p>","protected":false},"featured_media":19770,"comment_status":"open","ping_status":"closed","template":"","meta":[],"product_brand":[],"product_cat":[225],"product_tag":[1128,731,1810,1040,2163,508,540,1205,507,1213,546,2098,1037,1428,668,2162,565,435,585,2159,2160,2161,554],"flavor":[411,419,415],"allergens":[427],"class_list":{"0":"post-19769","1":"product","2":"type-product","3":"status-publish","4":"has-post-thumbnail","6":"product_cat-pick-mix-candy-godis-fabrica","7":"product_tag-acida","8":"product_tag-acido","9":"product_tag-amargo","10":"product_tag-amarillo","11":"product_tag-forma-triangulo","12":"product_tag-fruit","13":"product_tag-fruit-candy","14":"product_tag-fruits","15":"product_tag-fruity","16":"product_tag-frutos","17":"product_tag-lemon","18":"product_tag-lemonade","19":"product_tag-lima","20":"product_tag-lime","21":"product_tag-limon","22":"product_tag-limonada","23":"product_tag-sitruuna","24":"product_tag-sour","25":"product_tag-sour-candy","26":"product_tag-sour-lemon-triangle","27":"product_tag-triangle","28":"product_tag-triangulo","29":"product_tag-yellow","30":"flavor-fruity","31":"flavor-palm-oil-free","32":"flavor-sour","33":"allergens-lactose-free","35":"first","36":"outofstock","37":"taxable","38":"shipping-taxable","39":"purchasable","40":"product-type-simple"},"_links":{"self":[{"href":"https:\/\/godisfabrica.com\/es\/wp-json\/wp\/v2\/product\/19769","targetHints":{"allow":["GET"]}}],"collection":[{"href":"https:\/\/godisfabrica.com\/es\/wp-json\/wp\/v2\/product"}],"about":[{"href":"https:\/\/godisfabrica.com\/es\/wp-json\/wp\/v2\/types\/product"}],"replies":[{"embeddable":true,"href":"https:\/\/godisfabrica.com\/es\/wp-json\/wp\/v2\/comments?post=19769"}],"wp:featuredmedia":[{"embeddable":true,"href":"https:\/\/godisfabrica.com\/es\/wp-json\/wp\/v2\/media\/19770"}],"wp:attachment":[{"href":"https:\/\/godisfabrica.com\/es\/wp-json\/wp\/v2\/media?parent=19769"}],"wp:term":[{"taxonomy":"product_brand","embeddable":true,"href":"https:\/\/godisfabrica.com\/es\/wp-json\/wp\/v2\/product_brand?post=19769"},{"taxonomy":"product_cat","embeddable":true,"href":"https:\/\/godisfabrica.com\/es\/wp-json\/wp\/v2\/product_cat?post=19769"},{"taxonomy":"product_tag","embeddable":true,"href":"https:\/\/godisfabrica.com\/es\/wp-json\/wp\/v2\/product_tag?post=19769"},{"taxonomy":"flavor","embeddable":true,"href":"https:\/\/godisfabrica.com\/es\/wp-json\/wp\/v2\/flavor?post=19769"},{"taxonomy":"allergens","embeddable":true,"href":"https:\/\/godisfabrica.com\/es\/wp-json\/wp\/v2\/allergens?post=19769"}],"curies":[{"name":"wp","href":"https:\/\/api.w.org\/{rel}","templated":true}]}}