{"id":19771,"date":"2026-04-28T14:06:39","date_gmt":"2026-04-28T12:06:39","guid":{"rendered":"https:\/\/godisfabrica.com\/?post_type=product&#038;p=19771"},"modified":"2026-04-28T22:35:55","modified_gmt":"2026-04-28T20:35:55","slug":"sour-fizzy-badge","status":"publish","type":"product","link":"https:\/\/godisfabrica.com\/es\/producto\/sour-fizzy-badge\/","title":{"rendered":"Chapa Fizzy \u00c1cida"},"content":{"rendered":"<p data-start=\"0\" data-end=\"128\">Chapa Fizzy \u00c1cida es el tipo de caramelo que parece que has conseguido algo importante\u2026 pero en realidad es puro caos delicioso. Estos dulces con forma de chapa en tonos rosa y azul vienen cargados de un toque efervescente que pone a tus papilas gustativas en modo alerta. El primer bocado es brillante, \u00e1cido y ligeramente el\u00e9ctrico, seguido de una suave dulzura afrutada que hace que olvides lo intenso que fue al principio\u2014hasta que la siguiente pieza reinicia todo el proceso.<\/p>\n<p data-start=\"446\" data-end=\"671\">Suaves, masticables y llenos de personalidad, los Chapas Fizzy son perfectos para amantes de las chuches que disfrutan de dulces coloridos y con un toque divertido. Son b\u00e1sicamente logros comestibles\u2026 excepto que la recompensa es m\u00e1s caramelo. Si est\u00e1s buscando caramelos \u00e1cidos y efervescentes o dulces coloridos que destaquen, el Chapa Fizzy \u00c1cida est\u00e1 listo para decorar tu picoteo con sabor.<\/p>\n<div style=\"display: none;\">\n<h5 style=\"display: none;\">Frambuesa de Gelatina<\/h5>\n<h5><img decoding=\"async\" style=\"display: none;\" src=\"https:\/\/godisfabrica.com\/wp-content\/uploads\/2024\/08\/IMG_5948-scaled.jpg\" alt=\"Candy Shop\" \/><\/h5>\n<p style=\"display: none;\">Shop delicious candies at our online candy shop in Spain. Explore a variety of sweets at Godisfabrica and enjoy fast delivery across Spain! &#8220;Shop your favorite candies at our online candy shop in Spain. Fast delivery, wide selection, and sweet deals await. Order now!&#8221; Shop online at Godisfabrica for the best candy in Spain. Discover delicious sweets, fast shipping, and premium quality treats today!<\/p>\n<\/div>\n<div style=\"display: none;\">\n<h5 style=\"display: none;\">Raspberry<\/h5>\n<h5><img decoding=\"async\" style=\"display: none;\" src=\"https:\/\/godisfabrica.com\/wp-content\/uploads\/2024\/08\/IMG_5948-scaled.jpg\" alt=\"Candy Shop\" \/><\/h5>\n<p style=\"display: none;\">Shop delicious candies at our online candy shop in Spain. Explore a variety of sweets at Godisfabrica and enjoy fast delivery across Spain! &#8220;Shop your favorite candies at our online candy shop in Spain. Fast delivery, wide selection, and sweet deals await. Order now!&#8221; Shop online at Godisfabrica for the best candy in Spain. Discover delicious sweets, fast shipping, and premium quality treats today!<\/p>\n<\/div>\n<p><img decoding=\"async\" style=\"display: none;\" src=\"https:\/\/godisfabrica.com\/wp-content\/uploads\/2024\/08\/IMG_5948-scaled.jpg\" alt=\"Candy Shop\" \/><img decoding=\"async\" style=\"display: none;\" src=\"https:\/\/godisfabrica.com\/wp-content\/uploads\/2024\/08\/IMG_5948-scaled.jpg\" alt=\"Candy Shop\" \/><\/p>","protected":false},"excerpt":{"rendered":"<p>50g<\/p>","protected":false},"featured_media":19772,"comment_status":"open","ping_status":"closed","template":"","meta":[],"product_brand":[],"product_cat":[225],"product_tag":[1128,731,1810,1862,2165,556,1076,1369,544,1851,706,1228,437,443,735,678,508,540,1205,507,1213,1288,1214,582,2166,1172,1500,435,585,2164,1761],"flavor":[424,410,415],"allergens":[427],"class_list":{"0":"post-19771","1":"product","2":"type-product","3":"status-publish","4":"has-post-thumbnail","6":"product_cat-pick-mix-candy-godis-fabrica","7":"product_tag-acida","8":"product_tag-acido","9":"product_tag-amargo","10":"product_tag-azul","11":"product_tag-badge","12":"product_tag-blue","13":"product_tag-bubble","14":"product_tag-bubble-gum","15":"product_tag-bubblegum","16":"product_tag-chapa","17":"product_tag-chicle","18":"product_tag-dizzy","19":"product_tag-fizzy","20":"product_tag-foam","21":"product_tag-foamy","22":"product_tag-fresh","23":"product_tag-fruit","24":"product_tag-fruit-candy","25":"product_tag-fruits","26":"product_tag-fruity","27":"product_tag-frutos","28":"product_tag-nube","29":"product_tag-nubes","30":"product_tag-pink","31":"product_tag-premio","32":"product_tag-rosa","33":"product_tag-sabor-a-chicle","34":"product_tag-sour","35":"product_tag-sour-candy","36":"product_tag-sour-fizzy-badge","37":"product_tag-unicorn","38":"flavor-bubblegum","39":"flavor-foam","40":"flavor-sour","41":"allergens-lactose-free","43":"first","44":"outofstock","45":"taxable","46":"shipping-taxable","47":"purchasable","48":"product-type-simple"},"_links":{"self":[{"href":"https:\/\/godisfabrica.com\/es\/wp-json\/wp\/v2\/product\/19771","targetHints":{"allow":["GET"]}}],"collection":[{"href":"https:\/\/godisfabrica.com\/es\/wp-json\/wp\/v2\/product"}],"about":[{"href":"https:\/\/godisfabrica.com\/es\/wp-json\/wp\/v2\/types\/product"}],"replies":[{"embeddable":true,"href":"https:\/\/godisfabrica.com\/es\/wp-json\/wp\/v2\/comments?post=19771"}],"wp:featuredmedia":[{"embeddable":true,"href":"https:\/\/godisfabrica.com\/es\/wp-json\/wp\/v2\/media\/19772"}],"wp:attachment":[{"href":"https:\/\/godisfabrica.com\/es\/wp-json\/wp\/v2\/media?parent=19771"}],"wp:term":[{"taxonomy":"product_brand","embeddable":true,"href":"https:\/\/godisfabrica.com\/es\/wp-json\/wp\/v2\/product_brand?post=19771"},{"taxonomy":"product_cat","embeddable":true,"href":"https:\/\/godisfabrica.com\/es\/wp-json\/wp\/v2\/product_cat?post=19771"},{"taxonomy":"product_tag","embeddable":true,"href":"https:\/\/godisfabrica.com\/es\/wp-json\/wp\/v2\/product_tag?post=19771"},{"taxonomy":"flavor","embeddable":true,"href":"https:\/\/godisfabrica.com\/es\/wp-json\/wp\/v2\/flavor?post=19771"},{"taxonomy":"allergens","embeddable":true,"href":"https:\/\/godisfabrica.com\/es\/wp-json\/wp\/v2\/allergens?post=19771"}],"curies":[{"name":"wp","href":"https:\/\/api.w.org\/{rel}","templated":true}]}}