{"id":19773,"date":"2026-04-28T14:22:31","date_gmt":"2026-04-28T12:22:31","guid":{"rendered":"https:\/\/godisfabrica.com\/?post_type=product&#038;p=19773"},"modified":"2026-04-28T20:37:44","modified_gmt":"2026-04-28T18:37:44","slug":"cola-skulls","status":"publish","type":"product","link":"https:\/\/godisfabrica.com\/es\/producto\/cola-skulls\/","title":{"rendered":"Calaveras de Cola"},"content":{"rendered":"<p data-start=\"0\" data-end=\"98\">Las Calaveras de Cola (Cola Skulls) son chuches con forma de calavera que combinan un intenso sabor a cola con una textura masticable irresistible. El primer bocado ofrece ese dulzor efervescente tan familiar de la cola, seguido de un ligero toque \u00e1cido que mantiene el sabor interesante de principio a fin. Es como tu refresco favorito\u2026 pero en versi\u00f3n gominola y con una sonrisa traviesa.<\/p>\n<p data-start=\"417\" data-end=\"618\">Perfectas para amantes de las chuches que disfrutan de formas divertidas y mucho sabor, las Calaveras de Cola son igual de entretenidas que adictivas. Tienen un aspecto \u201cespeluznante\u201d, un sabor nost\u00e1lgico y desaparecen de la bolsa m\u00e1s r\u00e1pido de lo previsto. Si buscas gominolas de cola, caramelos con forma de calavera o dulces con personalidad, las Calaveras de Cola est\u00e1n listas para colarse en tu picoteo.<\/p>\n<div style=\"display: none;\">\n<h5 style=\"display: none;\">Frambuesa de Gelatina<\/h5>\n<h5><img decoding=\"async\" style=\"display: none;\" src=\"https:\/\/godisfabrica.com\/wp-content\/uploads\/2024\/08\/IMG_5948-scaled.jpg\" alt=\"Candy Shop\" \/><\/h5>\n<p style=\"display: none;\">Shop delicious candies at our online candy shop in Spain. Explore a variety of sweets at Godisfabrica and enjoy fast delivery across Spain! &#8220;Shop your favorite candies at our online candy shop in Spain. Fast delivery, wide selection, and sweet deals await. Order now!&#8221; Shop online at Godisfabrica for the best candy in Spain. Discover delicious sweets, fast shipping, and premium quality treats today!<\/p>\n<\/div>\n<div style=\"display: none;\">\n<h5 style=\"display: none;\">Raspberry<\/h5>\n<h5><img decoding=\"async\" style=\"display: none;\" src=\"https:\/\/godisfabrica.com\/wp-content\/uploads\/2024\/08\/IMG_5948-scaled.jpg\" alt=\"Candy Shop\" \/><\/h5>\n<p style=\"display: none;\">Shop delicious candies at our online candy shop in Spain. Explore a variety of sweets at Godisfabrica and enjoy fast delivery across Spain! &#8220;Shop your favorite candies at our online candy shop in Spain. Fast delivery, wide selection, and sweet deals await. Order now!&#8221; Shop online at Godisfabrica for the best candy in Spain. Discover delicious sweets, fast shipping, and premium quality treats today!<\/p>\n<\/div>\n<p><img decoding=\"async\" style=\"display: none;\" src=\"https:\/\/godisfabrica.com\/wp-content\/uploads\/2024\/08\/IMG_5948-scaled.jpg\" alt=\"Candy Shop\" \/><img decoding=\"async\" style=\"display: none;\" src=\"https:\/\/godisfabrica.com\/wp-content\/uploads\/2024\/08\/IMG_5948-scaled.jpg\" alt=\"Candy Shop\" \/><\/p>","protected":false},"excerpt":{"rendered":"<p>50g<\/p>","protected":false},"featured_media":19774,"comment_status":"open","ping_status":"closed","template":"","meta":[],"product_brand":[],"product_cat":[225,290],"product_tag":[1128,731,1409,2075,601,537,1873,817,802,803,547,2167,1087,1228,437,2110,2109,701,533,1257,1870,239,1694,435,585,2168,291,445,1504,607],"flavor":[418,419,415],"allergens":[426,2020,427,425],"class_list":{"0":"post-19773","1":"product","2":"type-product","3":"status-publish","4":"has-post-thumbnail","6":"product_cat-pick-mix-candy-godis-fabrica","7":"product_cat-vegan-products-godis-fabrica","8":"product_tag-acida","9":"product_tag-acido","10":"product_tag-calavera","11":"product_tag-calaveras","12":"product_tag-candy-people","13":"product_tag-chuches-veganas","14":"product_tag-coca","15":"product_tag-coca-cola","16":"product_tag-cocacola","17":"product_tag-coke","18":"product_tag-cola","19":"product_tag-cola-skulls","20":"product_tag-cola-taste","21":"product_tag-dizzy","22":"product_tag-fizzy","23":"product_tag-fizzy-bubble-skulls","24":"product_tag-fizzy-skull","25":"product_tag-gelatin-free","26":"product_tag-halloween","27":"product_tag-sabor-a-cola","28":"product_tag-skalle","29":"product_tag-skull","30":"product_tag-skull-candy","31":"product_tag-sour","32":"product_tag-sour-candy","33":"product_tag-sour-cola-skulls","34":"product_tag-vegan","35":"product_tag-vegan-candy","36":"product_tag-vegana","37":"product_tag-vegano","38":"flavor-cola","39":"flavor-palm-oil-free","40":"flavor-sour","41":"allergens-gelatin-free","42":"allergens-halal","43":"allergens-lactose-free","44":"allergens-vegan","46":"first","47":"outofstock","48":"taxable","49":"shipping-taxable","50":"purchasable","51":"product-type-simple"},"_links":{"self":[{"href":"https:\/\/godisfabrica.com\/es\/wp-json\/wp\/v2\/product\/19773","targetHints":{"allow":["GET"]}}],"collection":[{"href":"https:\/\/godisfabrica.com\/es\/wp-json\/wp\/v2\/product"}],"about":[{"href":"https:\/\/godisfabrica.com\/es\/wp-json\/wp\/v2\/types\/product"}],"replies":[{"embeddable":true,"href":"https:\/\/godisfabrica.com\/es\/wp-json\/wp\/v2\/comments?post=19773"}],"wp:featuredmedia":[{"embeddable":true,"href":"https:\/\/godisfabrica.com\/es\/wp-json\/wp\/v2\/media\/19774"}],"wp:attachment":[{"href":"https:\/\/godisfabrica.com\/es\/wp-json\/wp\/v2\/media?parent=19773"}],"wp:term":[{"taxonomy":"product_brand","embeddable":true,"href":"https:\/\/godisfabrica.com\/es\/wp-json\/wp\/v2\/product_brand?post=19773"},{"taxonomy":"product_cat","embeddable":true,"href":"https:\/\/godisfabrica.com\/es\/wp-json\/wp\/v2\/product_cat?post=19773"},{"taxonomy":"product_tag","embeddable":true,"href":"https:\/\/godisfabrica.com\/es\/wp-json\/wp\/v2\/product_tag?post=19773"},{"taxonomy":"flavor","embeddable":true,"href":"https:\/\/godisfabrica.com\/es\/wp-json\/wp\/v2\/flavor?post=19773"},{"taxonomy":"allergens","embeddable":true,"href":"https:\/\/godisfabrica.com\/es\/wp-json\/wp\/v2\/allergens?post=19773"}],"curies":[{"name":"wp","href":"https:\/\/api.w.org\/{rel}","templated":true}]}}