{"id":19776,"date":"2026-04-28T17:16:15","date_gmt":"2026-04-28T15:16:15","guid":{"rendered":"https:\/\/godisfabrica.com\/?post_type=product&#038;p=19776"},"modified":"2026-04-28T21:25:33","modified_gmt":"2026-04-28T19:25:33","slug":"super-tag-apple-softie-bag","status":"publish","type":"product","link":"https:\/\/godisfabrica.com\/es\/producto\/super-tag-apple-softie-bag\/","title":{"rendered":"Bolsa Chapa Super Manzana Espuma"},"content":{"rendered":"<p data-start=\"0\" data-end=\"75\">No todos los h\u00e9roes llevan capa\u2014algunos son suaves, esponjosos y vienen cargados de actitud \u00e1cida de manzana. Inspirados en el legendario S-M\u00e4rke, estos dulces ultra blanditos elevan la textura al m\u00e1ximo y combinan un estallido de manzana afrutada con un toque \u00e1cido muy adictivo.<\/p>\n<p data-start=\"299\" data-end=\"459\">No son solo suaves\u2014son rid\u00edculamente suaves. Piensa en nubes de manzana con un peque\u00f1o golpe \u00e1cido que te hace volver a por m\u00e1s\u2026 y m\u00e1s\u2026 y m\u00e1s. Adem\u00e1s, cuentan con una peque\u00f1a ventana en la parte inferior para ver toda la esponjosidad antes de que desaparezca misteriosamente. Bolsa Chapa Super Manzana Espuma es perfecto para amantes del foam candy, los dulces blanditos y cualquiera que sepa que compartir es opcional.<\/p>\n<div style=\"display: none;\">\n<h5 style=\"display: none;\">Frambuesa de Gelatina<\/h5>\n<h5><img decoding=\"async\" style=\"display: none;\" src=\"https:\/\/godisfabrica.com\/wp-content\/uploads\/2024\/08\/IMG_5948-scaled.jpg\" alt=\"Candy Shop\" \/><\/h5>\n<p style=\"display: none;\">Shop delicious candies at our online candy shop in Spain. Explore a variety of sweets at Godisfabrica and enjoy fast delivery across Spain! &#8220;Shop your favorite candies at our online candy shop in Spain. Fast delivery, wide selection, and sweet deals await. Order now!&#8221; Shop online at Godisfabrica for the best candy in Spain. Discover delicious sweets, fast shipping, and premium quality treats today!<\/p>\n<\/div>\n<div style=\"display: none;\">\n<h5 style=\"display: none;\">Raspberry<\/h5>\n<h5><img decoding=\"async\" style=\"display: none;\" src=\"https:\/\/godisfabrica.com\/wp-content\/uploads\/2024\/08\/IMG_5948-scaled.jpg\" alt=\"Candy Shop\" \/><\/h5>\n<p style=\"display: none;\">Shop delicious candies at our online candy shop in Spain. Explore a variety of sweets at Godisfabrica and enjoy fast delivery across Spain! &#8220;Shop your favorite candies at our online candy shop in Spain. Fast delivery, wide selection, and sweet deals await. Order now!&#8221; Shop online at Godisfabrica for the best candy in Spain. Discover delicious sweets, fast shipping, and premium quality treats today!<\/p>\n<\/div>\n<p><img decoding=\"async\" style=\"display: none;\" src=\"https:\/\/godisfabrica.com\/wp-content\/uploads\/2024\/08\/IMG_5948-scaled.jpg\" alt=\"Candy Shop\" \/><img decoding=\"async\" style=\"display: none;\" src=\"https:\/\/godisfabrica.com\/wp-content\/uploads\/2024\/08\/IMG_5948-scaled.jpg\" alt=\"Candy Shop\" \/><\/p>","protected":false},"excerpt":{"rendered":"<p>70g<\/p>","protected":false},"featured_media":19777,"comment_status":"open","ping_status":"closed","template":"","meta":[],"product_brand":[],"product_cat":[293],"product_tag":[1128,731,521,1278,1277,601,1851,1930,1110,443,735,508,540,1205,507,1276,1213,555,857,853,2086,1288,854,956,2169,1058,1467,435,585,1279],"flavor":[410,411,415,422],"allergens":[427],"class_list":{"0":"post-19776","1":"product","2":"type-product","3":"status-publish","4":"has-post-thumbnail","6":"product_cat-candy-products-godis-fabrica","7":"product_tag-acida","8":"product_tag-acido","9":"product_tag-apple","10":"product_tag-bolsa","11":"product_tag-candy-bag","12":"product_tag-candy-people","13":"product_tag-chapa","14":"product_tag-chapa-super","15":"product_tag-chuches-acidas","16":"product_tag-foam","17":"product_tag-foamy","18":"product_tag-fruit","19":"product_tag-fruit-candy","20":"product_tag-fruits","21":"product_tag-fruity","22":"product_tag-frutal","23":"product_tag-frutos","24":"product_tag-green","25":"product_tag-green-apple","26":"product_tag-manzana","27":"product_tag-manzana-verde","28":"product_tag-nube","29":"product_tag-omena","30":"product_tag-s-marke","31":"product_tag-s-marke-apple-skum","32":"product_tag-soft","33":"product_tag-soft-candy","34":"product_tag-sour","35":"product_tag-sour-candy","36":"product_tag-super-tag","37":"flavor-foam","38":"flavor-fruity","39":"flavor-sour","40":"flavor-wrapped","41":"allergens-lactose-free","43":"first","44":"outofstock","45":"taxable","46":"shipping-taxable","47":"purchasable","48":"product-type-simple"},"_links":{"self":[{"href":"https:\/\/godisfabrica.com\/es\/wp-json\/wp\/v2\/product\/19776","targetHints":{"allow":["GET"]}}],"collection":[{"href":"https:\/\/godisfabrica.com\/es\/wp-json\/wp\/v2\/product"}],"about":[{"href":"https:\/\/godisfabrica.com\/es\/wp-json\/wp\/v2\/types\/product"}],"replies":[{"embeddable":true,"href":"https:\/\/godisfabrica.com\/es\/wp-json\/wp\/v2\/comments?post=19776"}],"wp:featuredmedia":[{"embeddable":true,"href":"https:\/\/godisfabrica.com\/es\/wp-json\/wp\/v2\/media\/19777"}],"wp:attachment":[{"href":"https:\/\/godisfabrica.com\/es\/wp-json\/wp\/v2\/media?parent=19776"}],"wp:term":[{"taxonomy":"product_brand","embeddable":true,"href":"https:\/\/godisfabrica.com\/es\/wp-json\/wp\/v2\/product_brand?post=19776"},{"taxonomy":"product_cat","embeddable":true,"href":"https:\/\/godisfabrica.com\/es\/wp-json\/wp\/v2\/product_cat?post=19776"},{"taxonomy":"product_tag","embeddable":true,"href":"https:\/\/godisfabrica.com\/es\/wp-json\/wp\/v2\/product_tag?post=19776"},{"taxonomy":"flavor","embeddable":true,"href":"https:\/\/godisfabrica.com\/es\/wp-json\/wp\/v2\/flavor?post=19776"},{"taxonomy":"allergens","embeddable":true,"href":"https:\/\/godisfabrica.com\/es\/wp-json\/wp\/v2\/allergens?post=19776"}],"curies":[{"name":"wp","href":"https:\/\/api.w.org\/{rel}","templated":true}]}}