{"id":19778,"date":"2026-04-28T17:33:28","date_gmt":"2026-04-28T15:33:28","guid":{"rendered":"https:\/\/godisfabrica.com\/?post_type=product&#038;p=19778"},"modified":"2026-04-28T21:25:49","modified_gmt":"2026-04-28T19:25:49","slug":"salty-liquorice-rocks","status":"publish","type":"product","link":"https:\/\/godisfabrica.com\/es\/producto\/salty-liquorice-rocks\/","title":{"rendered":"Piedras de Regaliz Salado"},"content":{"rendered":"<p data-start=\"0\" data-end=\"87\">Piedras de Regaliz Salado (Salty Liquorice Rocks) no vienen a susurrar\u2014vienen a SACUDIR tu paladar. Estos caramelos duros cl\u00e1sicos pueden parecer tranquilos y elegantes con su brillo negro profundo tipo Batman, pero no te dejes enga\u00f1ar. En el momento en que pruebas Piedras de Regaliz, recibes una potente explosi\u00f3n de regaliz salado que va en serio. Es intenso, contundente y dura lo suficiente como para asegurarse de que recuerdes qui\u00e9n manda.<\/p>\n<p data-start=\"413\" data-end=\"604\">De disoluci\u00f3n lenta y llenos de ese inconfundible toque n\u00f3rdico de salmiak, Piedras de Regaliz est\u00e1n hechos para verdaderos amantes del regaliz que prefieren su caramelo fuerte, salado y sin complejos. Si est\u00e1s buscando un dulce potente que realmente lo parte, Piedras de Regaliz Salado est\u00e1n listos para subir al escenario.<\/p>\n<div style=\"display: none;\">\n<h5 style=\"display: none;\">Anillos de Fruta \u00c1cidas<\/h5>\n<h5><img decoding=\"async\" style=\"display: none;\" src=\"https:\/\/godisfabrica.com\/wp-content\/uploads\/2024\/08\/IMG_5948-scaled.jpg\" alt=\"Candy Shop\" \/><\/h5>\n<p style=\"display: none;\">Shop delicious candies at our online candy shop in Spain. Explore a variety of sweets at Godisfabrica and enjoy fast delivery across Spain! &#8220;Shop your favorite candies at our online candy shop in Spain. Fast delivery, wide selection, and sweet deals await. Order now!&#8221; Shop online at Godisfabrica for the best candy in Spain. Discover delicious sweets, fast shipping, and premium quality treats today!<\/p>\n<\/div>\n<div style=\"display: none;\">\n<h5 style=\"display: none;\">Anillos de Fruta \u00c1cidas<\/h5>\n<h5><img decoding=\"async\" style=\"display: none;\" src=\"https:\/\/godisfabrica.com\/wp-content\/uploads\/2024\/08\/IMG_5948-scaled.jpg\" alt=\"Candy Shop\" \/><\/h5>\n<p style=\"display: none;\">Shop delicious candies at our online candy shop in Spain. Explore a variety of sweets at Godisfabrica and enjoy fast delivery across Spain! &#8220;Shop your favorite candies at our online candy shop in Spain. Fast delivery, wide selection, and sweet deals await. Order now!&#8221; Shop online at Godisfabrica for the best candy in Spain. Discover delicious sweets, fast shipping, and premium quality treats today!<\/p>\n<\/div>\n<div style=\"display: none;\">\n<h5 style=\"display: none;\">Anillos de Fruta \u00c1cidas<\/h5>\n<h5><img decoding=\"async\" style=\"display: none;\" src=\"https:\/\/godisfabrica.com\/wp-content\/uploads\/2024\/08\/IMG_5948-scaled.jpg\" alt=\"Candy Shop\" \/><\/h5>\n<p style=\"display: none;\">Shop delicious candies at our online candy shop in Spain. Explore a variety of sweets at Godisfabrica and enjoy fast delivery across Spain! &#8220;Shop your favorite candies at our online candy shop in Spain. Fast delivery, wide selection, and sweet deals await. Order now!&#8221; Shop online at Godisfabrica for the best candy in Spain. Discover delicious sweets, fast shipping, and premium quality treats today!<\/p>\n<\/div>\n<p><img decoding=\"async\" style=\"display: none;\" src=\"https:\/\/godisfabrica.com\/wp-content\/uploads\/2024\/08\/IMG_5948-scaled.jpg\" alt=\"Candy Shop\" \/><\/p>","protected":false},"excerpt":{"rendered":"<p>50g<\/p>","protected":false},"featured_media":19779,"comment_status":"open","ping_status":"closed","template":"","meta":[],"product_brand":[],"product_cat":[225],"product_tag":[553,580,1260,1189,1520,950,1648,592,1259,924,2172,1656,529,1282,1650,1362,1521,1649,732,1032,2173,2171,561,923,2170,552],"flavor":[1327,413,414],"allergens":[426,428,427],"class_list":{"0":"post-19778","1":"product","2":"type-product","3":"status-publish","4":"has-post-thumbnail","6":"product_cat-pick-mix-candy-godis-fabrica","7":"product_tag-balls","8":"product_tag-caramelo","9":"product_tag-caramelo-duro","10":"product_tag-chupar","11":"product_tag-dura","12":"product_tag-duro","13":"product_tag-grahns","14":"product_tag-grahns-konfektyr","15":"product_tag-hard","16":"product_tag-hard-candy","17":"product_tag-klumpar","18":"product_tag-kova-karkki","19":"product_tag-liquorice","20":"product_tag-liquorice-ball","21":"product_tag-piedra","22":"product_tag-regaliz-salado","23":"product_tag-rock","24":"product_tag-rocks","25":"product_tag-salado","26":"product_tag-salta","27":"product_tag-saltlakrits","28":"product_tag-saltlakrits-klumpar","29":"product_tag-salty","30":"product_tag-salty-liquorice","31":"product_tag-salty-liquorice-rocks","32":"product_tag-swedish-candy","33":"flavor-hard-candy","34":"flavor-liquorice","35":"flavor-salty","36":"allergens-gelatin-free","37":"allergens-gluten-free","38":"allergens-lactose-free","40":"first","41":"outofstock","42":"taxable","43":"shipping-taxable","44":"purchasable","45":"product-type-simple"},"_links":{"self":[{"href":"https:\/\/godisfabrica.com\/es\/wp-json\/wp\/v2\/product\/19778","targetHints":{"allow":["GET"]}}],"collection":[{"href":"https:\/\/godisfabrica.com\/es\/wp-json\/wp\/v2\/product"}],"about":[{"href":"https:\/\/godisfabrica.com\/es\/wp-json\/wp\/v2\/types\/product"}],"replies":[{"embeddable":true,"href":"https:\/\/godisfabrica.com\/es\/wp-json\/wp\/v2\/comments?post=19778"}],"wp:featuredmedia":[{"embeddable":true,"href":"https:\/\/godisfabrica.com\/es\/wp-json\/wp\/v2\/media\/19779"}],"wp:attachment":[{"href":"https:\/\/godisfabrica.com\/es\/wp-json\/wp\/v2\/media?parent=19778"}],"wp:term":[{"taxonomy":"product_brand","embeddable":true,"href":"https:\/\/godisfabrica.com\/es\/wp-json\/wp\/v2\/product_brand?post=19778"},{"taxonomy":"product_cat","embeddable":true,"href":"https:\/\/godisfabrica.com\/es\/wp-json\/wp\/v2\/product_cat?post=19778"},{"taxonomy":"product_tag","embeddable":true,"href":"https:\/\/godisfabrica.com\/es\/wp-json\/wp\/v2\/product_tag?post=19778"},{"taxonomy":"flavor","embeddable":true,"href":"https:\/\/godisfabrica.com\/es\/wp-json\/wp\/v2\/flavor?post=19778"},{"taxonomy":"allergens","embeddable":true,"href":"https:\/\/godisfabrica.com\/es\/wp-json\/wp\/v2\/allergens?post=19778"}],"curies":[{"name":"wp","href":"https:\/\/api.w.org\/{rel}","templated":true}]}}