{"id":19782,"date":"2026-04-28T18:02:09","date_gmt":"2026-04-28T16:02:09","guid":{"rendered":"https:\/\/godisfabrica.com\/?post_type=product&#038;p=19782"},"modified":"2026-04-28T21:26:05","modified_gmt":"2026-04-28T19:26:05","slug":"sisu-salty-salmiak","status":"publish","type":"product","link":"https:\/\/godisfabrica.com\/es\/producto\/sisu-salty-salmiak\/","title":{"rendered":"Sisu Salmiak Salado"},"content":{"rendered":"<p data-start=\"0\" data-end=\"71\">Sisu Salmiak Salado (Sisu Salty Salmiak) es para los valientes. Este audaz caramelo n\u00f3rdico ofrece un potente golpe de salmiak salado que impacta tus papilas gustativas sin ninguna duda. Profundo, oscuro y sin complejos, es el tipo de regaliz que no pide permiso: simplemente se impone.<\/p>\n<p data-start=\"306\" data-end=\"508\">Cada pieza de Sisu Salmiak Salado aporta ese inconfundible toque salado envuelto en una textura suave de disoluci\u00f3n lenta que mantiene el sabor mucho despu\u00e9s del primer impacto. Es fuerte, adictivo y tiene mucha actitud. Si est\u00e1s buscando caramelos de regaliz salado, dulces de salmiak o una aut\u00e9ntica experiencia de sabor n\u00f3rdico, Sisu Salmiak Salado est\u00e1 listo para demostrar que tienes el paladar adecuado.<\/p>\n<div style=\"display: none;\">\n<h5 style=\"display: none;\">Frambuesa de Gelatina<\/h5>\n<h5><img decoding=\"async\" style=\"display: none;\" src=\"https:\/\/godisfabrica.com\/wp-content\/uploads\/2024\/08\/IMG_5948-scaled.jpg\" alt=\"Candy Shop\" \/><\/h5>\n<p style=\"display: none;\">Shop delicious candies at our online candy shop in Spain. Explore a variety of sweets at Godisfabrica and enjoy fast delivery across Spain! &#8220;Shop your favorite candies at our online candy shop in Spain. Fast delivery, wide selection, and sweet deals await. Order now!&#8221; Shop online at Godisfabrica for the best candy in Spain. Discover delicious sweets, fast shipping, and premium quality treats today!<\/p>\n<\/div>\n<div style=\"display: none;\">\n<h5 style=\"display: none;\">Raspberry<\/h5>\n<h5><img decoding=\"async\" style=\"display: none;\" src=\"https:\/\/godisfabrica.com\/wp-content\/uploads\/2024\/08\/IMG_5948-scaled.jpg\" alt=\"Candy Shop\" \/><\/h5>\n<p style=\"display: none;\">Shop delicious candies at our online candy shop in Spain. Explore a variety of sweets at Godisfabrica and enjoy fast delivery across Spain! &#8220;Shop your favorite candies at our online candy shop in Spain. Fast delivery, wide selection, and sweet deals await. Order now!&#8221; Shop online at Godisfabrica for the best candy in Spain. Discover delicious sweets, fast shipping, and premium quality treats today!<\/p>\n<\/div>\n<p><img decoding=\"async\" style=\"display: none;\" src=\"https:\/\/godisfabrica.com\/wp-content\/uploads\/2024\/08\/IMG_5948-scaled.jpg\" alt=\"Candy Shop\" \/><img decoding=\"async\" style=\"display: none;\" src=\"https:\/\/godisfabrica.com\/wp-content\/uploads\/2024\/08\/IMG_5948-scaled.jpg\" alt=\"Candy Shop\" \/><\/p>","protected":false},"excerpt":{"rendered":"<p>50g<\/p>","protected":false},"featured_media":19783,"comment_status":"open","ping_status":"closed","template":"","meta":[],"product_brand":[],"product_cat":[290,225],"product_tag":[1353,1675,537,236,529,579,1355,1354,677,1362,732,517,516,1032,561,923,1682,2176,2177,2175,552,291,445,607,1853],"flavor":[413,414],"allergens":[426,2020,427,425],"class_list":{"0":"post-19782","1":"product","2":"type-product","3":"status-publish","4":"has-post-thumbnail","6":"product_cat-vegan-products-godis-fabrica","7":"product_cat-pick-mix-candy-godis-fabrica","8":"product_tag-bold-licorice","9":"product_tag-chuches-salados","10":"product_tag-chuches-veganas","11":"product_tag-licorice","12":"product_tag-liquorice","13":"product_tag-malaco","14":"product_tag-pure","15":"product_tag-real-liquorice","16":"product_tag-regaliz","17":"product_tag-regaliz-salado","18":"product_tag-salado","19":"product_tag-salmiak","20":"product_tag-salmiakki","21":"product_tag-salta","22":"product_tag-salty","23":"product_tag-salty-liquorice","24":"product_tag-salty-powder","25":"product_tag-sisu","26":"product_tag-sisu-pastilli","27":"product_tag-sisu-salty-salmiak","28":"product_tag-swedish-candy","29":"product_tag-vegan","30":"product_tag-vegan-candy","31":"product_tag-vegano","32":"product_tag-vegetal","33":"flavor-liquorice","34":"flavor-salty","35":"allergens-gelatin-free","36":"allergens-halal","37":"allergens-lactose-free","38":"allergens-vegan","40":"first","41":"outofstock","42":"taxable","43":"shipping-taxable","44":"purchasable","45":"product-type-simple"},"_links":{"self":[{"href":"https:\/\/godisfabrica.com\/es\/wp-json\/wp\/v2\/product\/19782","targetHints":{"allow":["GET"]}}],"collection":[{"href":"https:\/\/godisfabrica.com\/es\/wp-json\/wp\/v2\/product"}],"about":[{"href":"https:\/\/godisfabrica.com\/es\/wp-json\/wp\/v2\/types\/product"}],"replies":[{"embeddable":true,"href":"https:\/\/godisfabrica.com\/es\/wp-json\/wp\/v2\/comments?post=19782"}],"wp:featuredmedia":[{"embeddable":true,"href":"https:\/\/godisfabrica.com\/es\/wp-json\/wp\/v2\/media\/19783"}],"wp:attachment":[{"href":"https:\/\/godisfabrica.com\/es\/wp-json\/wp\/v2\/media?parent=19782"}],"wp:term":[{"taxonomy":"product_brand","embeddable":true,"href":"https:\/\/godisfabrica.com\/es\/wp-json\/wp\/v2\/product_brand?post=19782"},{"taxonomy":"product_cat","embeddable":true,"href":"https:\/\/godisfabrica.com\/es\/wp-json\/wp\/v2\/product_cat?post=19782"},{"taxonomy":"product_tag","embeddable":true,"href":"https:\/\/godisfabrica.com\/es\/wp-json\/wp\/v2\/product_tag?post=19782"},{"taxonomy":"flavor","embeddable":true,"href":"https:\/\/godisfabrica.com\/es\/wp-json\/wp\/v2\/flavor?post=19782"},{"taxonomy":"allergens","embeddable":true,"href":"https:\/\/godisfabrica.com\/es\/wp-json\/wp\/v2\/allergens?post=19782"}],"curies":[{"name":"wp","href":"https:\/\/api.w.org\/{rel}","templated":true}]}}