{"id":19784,"date":"2026-04-28T18:16:02","date_gmt":"2026-04-28T16:16:02","guid":{"rendered":"https:\/\/godisfabrica.com\/?post_type=product&#038;p=19784"},"modified":"2026-04-28T21:26:16","modified_gmt":"2026-04-28T19:26:16","slug":"cola-mango-bottles","status":"publish","type":"product","link":"https:\/\/godisfabrica.com\/es\/producto\/cola-mango-bottles\/","title":{"rendered":"Botellas de Cola y Mango"},"content":{"rendered":"<p data-start=\"0\" data-end=\"99\">Botellas de Cola y Mango (Cola Mango Bottles) son lo que ocurre cuando unas vacaciones tropicales y un refresco con gas deciden unirse. Estas gominolas con forma de botella ofrecen un potente golpe de cola en el exterior con un jugoso toque de mango escondido en su interior. \u00bfEl resultado? Una combinaci\u00f3n de sabores dulce, \u00e1cida y ligeramente efervescente que mantiene a tus papilas gustativas adivinando desde el primer mordisco hasta el \u00faltimo.<\/p>\n<p data-start=\"340\" data-end=\"616\">Suaves, masticables y peligrosamente adictivas, las Botellas de Cola y Mango est\u00e1n hechas para los amantes de las chuches que disfrutan de sabores divertidos, afrutados y un poco inesperados. Un momento es la nostalgia cl\u00e1sica de la cola, y al siguiente las vibraciones soleadas del mango\u2014b\u00e1sicamente una crisis de identidad de sabor en el mejor sentido posible. Las Botellas de Cola y Mango est\u00e1n listas para revolucionar tu picoteo.<\/p>\n<div style=\"display: none;\">\n<h5 style=\"display: none;\">Frambuesa de Gelatina<\/h5>\n<h5><img decoding=\"async\" style=\"display: none;\" src=\"https:\/\/godisfabrica.com\/wp-content\/uploads\/2024\/08\/IMG_5948-scaled.jpg\" alt=\"Candy Shop\" \/><\/h5>\n<p style=\"display: none;\">Shop delicious candies at our online candy shop in Spain. Explore a variety of sweets at Godisfabrica and enjoy fast delivery across Spain! &#8220;Shop your favorite candies at our online candy shop in Spain. Fast delivery, wide selection, and sweet deals await. Order now!&#8221; Shop online at Godisfabrica for the best candy in Spain. Discover delicious sweets, fast shipping, and premium quality treats today!<\/p>\n<\/div>\n<div style=\"display: none;\">\n<h5 style=\"display: none;\">Raspberry<\/h5>\n<h5><img decoding=\"async\" style=\"display: none;\" src=\"https:\/\/godisfabrica.com\/wp-content\/uploads\/2024\/08\/IMG_5948-scaled.jpg\" alt=\"Candy Shop\" \/><\/h5>\n<p style=\"display: none;\">Shop delicious candies at our online candy shop in Spain. Explore a variety of sweets at Godisfabrica and enjoy fast delivery across Spain! &#8220;Shop your favorite candies at our online candy shop in Spain. Fast delivery, wide selection, and sweet deals await. Order now!&#8221; Shop online at Godisfabrica for the best candy in Spain. Discover delicious sweets, fast shipping, and premium quality treats today!<\/p>\n<\/div>\n<p><img decoding=\"async\" style=\"display: none;\" src=\"https:\/\/godisfabrica.com\/wp-content\/uploads\/2024\/08\/IMG_5948-scaled.jpg\" alt=\"Candy Shop\" \/><img decoding=\"async\" style=\"display: none;\" src=\"https:\/\/godisfabrica.com\/wp-content\/uploads\/2024\/08\/IMG_5948-scaled.jpg\" alt=\"Candy Shop\" \/><\/p>","protected":false},"excerpt":{"rendered":"<p>50g<\/p>","protected":false},"featured_media":19785,"comment_status":"open","ping_status":"closed","template":"","meta":[],"product_brand":[],"product_cat":[225,290],"product_tag":[1128,731,1272,591,1218,817,802,803,547,2178,1087,508,540,1205,507,1276,1213,701,1854,579,1662,1664,1222,435,1074],"flavor":[418,411,419,415],"allergens":[426,2020,427,425],"class_list":{"0":"post-19784","1":"product","2":"type-product","3":"status-publish","4":"has-post-thumbnail","6":"product_cat-pick-mix-candy-godis-fabrica","7":"product_cat-vegan-products-godis-fabrica","8":"product_tag-acida","9":"product_tag-acido","10":"product_tag-botella","11":"product_tag-bottle","12":"product_tag-chuches-sin-gelatina","13":"product_tag-coca-cola","14":"product_tag-cocacola","15":"product_tag-coke","16":"product_tag-cola","17":"product_tag-cola-mango-bottles","18":"product_tag-cola-taste","19":"product_tag-fruit","20":"product_tag-fruit-candy","21":"product_tag-fruits","22":"product_tag-fruity","23":"product_tag-frutal","24":"product_tag-frutos","25":"product_tag-gelatin-free","26":"product_tag-liivateton","27":"product_tag-malaco","28":"product_tag-mango","29":"product_tag-sabor-a-mango","30":"product_tag-sin-gelatina","31":"product_tag-sour","32":"product_tag-sura","33":"flavor-cola","34":"flavor-fruity","35":"flavor-palm-oil-free","36":"flavor-sour","37":"allergens-gelatin-free","38":"allergens-halal","39":"allergens-lactose-free","40":"allergens-vegan","42":"first","43":"outofstock","44":"taxable","45":"shipping-taxable","46":"purchasable","47":"product-type-simple"},"_links":{"self":[{"href":"https:\/\/godisfabrica.com\/es\/wp-json\/wp\/v2\/product\/19784","targetHints":{"allow":["GET"]}}],"collection":[{"href":"https:\/\/godisfabrica.com\/es\/wp-json\/wp\/v2\/product"}],"about":[{"href":"https:\/\/godisfabrica.com\/es\/wp-json\/wp\/v2\/types\/product"}],"replies":[{"embeddable":true,"href":"https:\/\/godisfabrica.com\/es\/wp-json\/wp\/v2\/comments?post=19784"}],"wp:featuredmedia":[{"embeddable":true,"href":"https:\/\/godisfabrica.com\/es\/wp-json\/wp\/v2\/media\/19785"}],"wp:attachment":[{"href":"https:\/\/godisfabrica.com\/es\/wp-json\/wp\/v2\/media?parent=19784"}],"wp:term":[{"taxonomy":"product_brand","embeddable":true,"href":"https:\/\/godisfabrica.com\/es\/wp-json\/wp\/v2\/product_brand?post=19784"},{"taxonomy":"product_cat","embeddable":true,"href":"https:\/\/godisfabrica.com\/es\/wp-json\/wp\/v2\/product_cat?post=19784"},{"taxonomy":"product_tag","embeddable":true,"href":"https:\/\/godisfabrica.com\/es\/wp-json\/wp\/v2\/product_tag?post=19784"},{"taxonomy":"flavor","embeddable":true,"href":"https:\/\/godisfabrica.com\/es\/wp-json\/wp\/v2\/flavor?post=19784"},{"taxonomy":"allergens","embeddable":true,"href":"https:\/\/godisfabrica.com\/es\/wp-json\/wp\/v2\/allergens?post=19784"}],"curies":[{"name":"wp","href":"https:\/\/api.w.org\/{rel}","templated":true}]}}