{"id":19788,"date":"2026-04-28T18:48:34","date_gmt":"2026-04-28T16:48:34","guid":{"rendered":"https:\/\/godisfabrica.com\/?post_type=product&#038;p=19788"},"modified":"2026-04-28T22:52:19","modified_gmt":"2026-04-28T20:52:19","slug":"sour-watermelon-tubes","status":"publish","type":"product","link":"https:\/\/godisfabrica.com\/es\/producto\/sour-watermelon-tubes\/","title":{"rendered":"Tubos de Sand\u00eda"},"content":{"rendered":"<p data-start=\"0\" data-end=\"62\">Tubos de Sand\u00eda (Sour Watermelon Tubes) aportan el toque \u00e1cido y no se disculpan por ello. Estos tubos masticables golpean r\u00e1pido con un estallido dulce y \u00e1cido a sand\u00eda, y luego se suavizan en un final dulce y jugoso que hace que quieras m\u00e1s. Con una textura tipo regaliz y llenos de sabor afrutado, los Tubos de Sand\u00eda son b\u00e1sicamente peque\u00f1as sand\u00edas con actitud.<\/p>\n<p data-start=\"280\" data-end=\"415\" data-is-last-node=\"\" data-is-only-node=\"\">Si est\u00e1s buscando caramelos de sand\u00eda \u00e1cida o simplemente eres pro Palestina con antojo de dulces, los Tubos de Sand\u00eda est\u00e1n totalmente listos para dominar tu picoteo.<\/p>\n<div style=\"display: none;\">\n<h5 style=\"display: none;\">Frambuesa de Gelatina<\/h5>\n<h5><img decoding=\"async\" style=\"display: none;\" src=\"https:\/\/godisfabrica.com\/wp-content\/uploads\/2024\/08\/IMG_5948-scaled.jpg\" alt=\"Candy Shop\" \/><\/h5>\n<p style=\"display: none;\">Shop delicious candies at our online candy shop in Spain. Explore a variety of sweets at Godisfabrica and enjoy fast delivery across Spain! &#8220;Shop your favorite candies at our online candy shop in Spain. Fast delivery, wide selection, and sweet deals await. Order now!&#8221; Shop online at Godisfabrica for the best candy in Spain. Discover delicious sweets, fast shipping, and premium quality treats today!<\/p>\n<\/div>\n<div style=\"display: none;\">\n<h5 style=\"display: none;\">Raspberry<\/h5>\n<h5><img decoding=\"async\" style=\"display: none;\" src=\"https:\/\/godisfabrica.com\/wp-content\/uploads\/2024\/08\/IMG_5948-scaled.jpg\" alt=\"Candy Shop\" \/><\/h5>\n<p style=\"display: none;\">Shop delicious candies at our online candy shop in Spain. Explore a variety of sweets at Godisfabrica and enjoy fast delivery across Spain! &#8220;Shop your favorite candies at our online candy shop in Spain. Fast delivery, wide selection, and sweet deals await. Order now!&#8221; Shop online at Godisfabrica for the best candy in Spain. Discover delicious sweets, fast shipping, and premium quality treats today!<\/p>\n<\/div>\n<p><img decoding=\"async\" style=\"display: none;\" src=\"https:\/\/godisfabrica.com\/wp-content\/uploads\/2024\/08\/IMG_5948-scaled.jpg\" alt=\"Candy Shop\" \/><img decoding=\"async\" style=\"display: none;\" src=\"https:\/\/godisfabrica.com\/wp-content\/uploads\/2024\/08\/IMG_5948-scaled.jpg\" alt=\"Candy Shop\" \/><\/p>","protected":false},"excerpt":{"rendered":"<p>50g<\/p>","protected":false},"featured_media":19789,"comment_status":"open","ping_status":"closed","template":"","meta":[],"product_brand":[],"product_cat":[225],"product_tag":[1128,731,1810,2024,1229,508,540,1205,507,1276,1213,2181,2183,2077,2025,1595,2092,435,2184,657,2182,603,834,1596],"flavor":[411,419,415],"allergens":[426,427],"class_list":{"0":"post-19788","1":"product","2":"type-product","3":"status-publish","4":"has-post-thumbnail","6":"product_cat-pick-mix-candy-godis-fabrica","7":"product_tag-acida","8":"product_tag-acido","9":"product_tag-amargo","10":"product_tag-chuches-de-sandia","11":"product_tag-dulce","12":"product_tag-fruit","13":"product_tag-fruit-candy","14":"product_tag-fruits","15":"product_tag-fruity","16":"product_tag-frutal","17":"product_tag-frutos","18":"product_tag-minidynamit-sur-vattenmelon","19":"product_tag-palestina","20":"product_tag-palestine","21":"product_tag-sabor-a-sandia","22":"product_tag-sandia","23":"product_tag-skane","24":"product_tag-sour","25":"product_tag-sour-watermelon-tubes","26":"product_tag-sweet-and-sour","27":"product_tag-vattenmelon","28":"product_tag-watermelon","29":"product_tag-watermelon-candy","30":"product_tag-watermelon-taste","31":"flavor-fruity","32":"flavor-palm-oil-free","33":"flavor-sour","34":"allergens-gelatin-free","35":"allergens-lactose-free","37":"first","38":"outofstock","39":"taxable","40":"shipping-taxable","41":"purchasable","42":"product-type-simple"},"_links":{"self":[{"href":"https:\/\/godisfabrica.com\/es\/wp-json\/wp\/v2\/product\/19788","targetHints":{"allow":["GET"]}}],"collection":[{"href":"https:\/\/godisfabrica.com\/es\/wp-json\/wp\/v2\/product"}],"about":[{"href":"https:\/\/godisfabrica.com\/es\/wp-json\/wp\/v2\/types\/product"}],"replies":[{"embeddable":true,"href":"https:\/\/godisfabrica.com\/es\/wp-json\/wp\/v2\/comments?post=19788"}],"wp:featuredmedia":[{"embeddable":true,"href":"https:\/\/godisfabrica.com\/es\/wp-json\/wp\/v2\/media\/19789"}],"wp:attachment":[{"href":"https:\/\/godisfabrica.com\/es\/wp-json\/wp\/v2\/media?parent=19788"}],"wp:term":[{"taxonomy":"product_brand","embeddable":true,"href":"https:\/\/godisfabrica.com\/es\/wp-json\/wp\/v2\/product_brand?post=19788"},{"taxonomy":"product_cat","embeddable":true,"href":"https:\/\/godisfabrica.com\/es\/wp-json\/wp\/v2\/product_cat?post=19788"},{"taxonomy":"product_tag","embeddable":true,"href":"https:\/\/godisfabrica.com\/es\/wp-json\/wp\/v2\/product_tag?post=19788"},{"taxonomy":"flavor","embeddable":true,"href":"https:\/\/godisfabrica.com\/es\/wp-json\/wp\/v2\/flavor?post=19788"},{"taxonomy":"allergens","embeddable":true,"href":"https:\/\/godisfabrica.com\/es\/wp-json\/wp\/v2\/allergens?post=19788"}],"curies":[{"name":"wp","href":"https:\/\/api.w.org\/{rel}","templated":true}]}}