{"id":19790,"date":"2026-04-28T19:04:53","date_gmt":"2026-04-28T17:04:53","guid":{"rendered":"https:\/\/godisfabrica.com\/?post_type=product&#038;p=19790"},"modified":"2026-04-28T22:51:38","modified_gmt":"2026-04-28T20:51:38","slug":"stardust","status":"publish","type":"product","link":"https:\/\/godisfabrica.com\/es\/producto\/stardust\/","title":{"rendered":"Polvo de Estrellas"},"content":{"rendered":"<p data-start=\"0\" data-end=\"67\">Polvo de Estrellas (Stardust) es lo que ocurre cuando los caramelos deciden que pertenecen al espacio. Estos dulces con forma de estrella en azul y rojo son peque\u00f1os bocados de caos c\u00f3smico\u2014dulces, afrutados y con un toque m\u00e1gico. Cada pieza ofrece una textura suave y masticable con una explosi\u00f3n de sabor que parece lanzada directamente desde una galaxia impulsada por az\u00facar.<\/p>\n<p data-start=\"324\" data-end=\"572\">Perfecto para amantes de las chuches que disfrutan de dulces divertidos, coloridos y un poco fuera de este mundo, Polvo de Estrellas es b\u00e1sicamente purpurina comestible con actitud. Un pu\u00f1ado y de repente tu bol de snacks se convierte en un cielo nocturno lleno de estrellas\u2026 que saben a caramelo. Polvo de Estrellas est\u00e1 listo para iluminar tu universo de picoteo.<\/p>\n<div style=\"display: none;\">\n<h5 style=\"display: none;\">Frambuesa de Gelatina<\/h5>\n<h5><img decoding=\"async\" style=\"display: none;\" src=\"https:\/\/godisfabrica.com\/wp-content\/uploads\/2024\/08\/IMG_5948-scaled.jpg\" alt=\"Candy Shop\" \/><\/h5>\n<p style=\"display: none;\">Shop delicious candies at our online candy shop in Spain. Explore a variety of sweets at Godisfabrica and enjoy fast delivery across Spain! &#8220;Shop your favorite candies at our online candy shop in Spain. Fast delivery, wide selection, and sweet deals await. Order now!&#8221; Shop online at Godisfabrica for the best candy in Spain. Discover delicious sweets, fast shipping, and premium quality treats today!<\/p>\n<\/div>\n<div style=\"display: none;\">\n<h5 style=\"display: none;\">Raspberry<\/h5>\n<h5><img decoding=\"async\" style=\"display: none;\" src=\"https:\/\/godisfabrica.com\/wp-content\/uploads\/2024\/08\/IMG_5948-scaled.jpg\" alt=\"Candy Shop\" \/><\/h5>\n<p style=\"display: none;\">Shop delicious candies at our online candy shop in Spain. Explore a variety of sweets at Godisfabrica and enjoy fast delivery across Spain! &#8220;Shop your favorite candies at our online candy shop in Spain. Fast delivery, wide selection, and sweet deals await. Order now!&#8221; Shop online at Godisfabrica for the best candy in Spain. Discover delicious sweets, fast shipping, and premium quality treats today!<\/p>\n<\/div>\n<p><img decoding=\"async\" style=\"display: none;\" src=\"https:\/\/godisfabrica.com\/wp-content\/uploads\/2024\/08\/IMG_5948-scaled.jpg\" alt=\"Candy Shop\" \/><img decoding=\"async\" style=\"display: none;\" src=\"https:\/\/godisfabrica.com\/wp-content\/uploads\/2024\/08\/IMG_5948-scaled.jpg\" alt=\"Candy Shop\" \/><\/p>","protected":false},"excerpt":{"rendered":"<p>50g<\/p>","protected":false},"featured_media":19791,"comment_status":"open","ping_status":"closed","template":"","meta":[],"product_brand":[],"product_cat":[225],"product_tag":[1408,1076,1369,706,1229,633,508,540,1205,507,1907,1276,1213,2092,2186,2185,552,604,2187],"flavor":[424,411,417],"allergens":[427],"class_list":{"0":"post-19790","1":"product","2":"type-product","3":"status-publish","4":"has-post-thumbnail","6":"product_cat-pick-mix-candy-godis-fabrica","7":"product_tag-afrutado","8":"product_tag-bubble","9":"product_tag-bubble-gum","10":"product_tag-chicle","11":"product_tag-dulce","12":"product_tag-estrella","13":"product_tag-fruit","14":"product_tag-fruit-candy","15":"product_tag-fruits","16":"product_tag-fruity","17":"product_tag-fruta","18":"product_tag-frutal","19":"product_tag-frutos","20":"product_tag-skane","21":"product_tag-star","22":"product_tag-stardust","23":"product_tag-swedish-candy","24":"product_tag-sweet","25":"product_tag-tahti","26":"flavor-bubblegum","27":"flavor-fruity","28":"flavor-jelly","29":"allergens-lactose-free","31":"first","32":"outofstock","33":"taxable","34":"shipping-taxable","35":"purchasable","36":"product-type-simple"},"_links":{"self":[{"href":"https:\/\/godisfabrica.com\/es\/wp-json\/wp\/v2\/product\/19790","targetHints":{"allow":["GET"]}}],"collection":[{"href":"https:\/\/godisfabrica.com\/es\/wp-json\/wp\/v2\/product"}],"about":[{"href":"https:\/\/godisfabrica.com\/es\/wp-json\/wp\/v2\/types\/product"}],"replies":[{"embeddable":true,"href":"https:\/\/godisfabrica.com\/es\/wp-json\/wp\/v2\/comments?post=19790"}],"wp:featuredmedia":[{"embeddable":true,"href":"https:\/\/godisfabrica.com\/es\/wp-json\/wp\/v2\/media\/19791"}],"wp:attachment":[{"href":"https:\/\/godisfabrica.com\/es\/wp-json\/wp\/v2\/media?parent=19790"}],"wp:term":[{"taxonomy":"product_brand","embeddable":true,"href":"https:\/\/godisfabrica.com\/es\/wp-json\/wp\/v2\/product_brand?post=19790"},{"taxonomy":"product_cat","embeddable":true,"href":"https:\/\/godisfabrica.com\/es\/wp-json\/wp\/v2\/product_cat?post=19790"},{"taxonomy":"product_tag","embeddable":true,"href":"https:\/\/godisfabrica.com\/es\/wp-json\/wp\/v2\/product_tag?post=19790"},{"taxonomy":"flavor","embeddable":true,"href":"https:\/\/godisfabrica.com\/es\/wp-json\/wp\/v2\/flavor?post=19790"},{"taxonomy":"allergens","embeddable":true,"href":"https:\/\/godisfabrica.com\/es\/wp-json\/wp\/v2\/allergens?post=19790"}],"curies":[{"name":"wp","href":"https:\/\/api.w.org\/{rel}","templated":true}]}}