{"id":19792,"date":"2026-04-28T19:18:15","date_gmt":"2026-04-28T17:18:15","guid":{"rendered":"https:\/\/godisfabrica.com\/?post_type=product&#038;p=19792"},"modified":"2026-04-28T22:51:51","modified_gmt":"2026-04-28T20:51:51","slug":"blueberry-raspberry-bombs","status":"publish","type":"product","link":"https:\/\/godisfabrica.com\/es\/producto\/blueberry-raspberry-bombs\/","title":{"rendered":"Bombas de Ar\u00e1ndano y Frambuesa"},"content":{"rendered":"<p data-start=\"0\" data-end=\"101\">Bombas de Ar\u00e1ndano y Frambuesa no est\u00e1n aqu\u00ed para comportarse con educaci\u00f3n\u2014est\u00e1n aqu\u00ed para explotar de sabor. Estas peque\u00f1as bombas masticables ofrecen un doble golpe afrutado de jugoso ar\u00e1ndano y frambuesa \u00e1cida, creando una combinaci\u00f3n dulce que estalla en cuanto das el primer bocado. Suaves, intensas y con un toque travieso, son el tipo de chuches que hacen que tus papilas gustativas se pongan en alerta.<\/p>\n<p data-start=\"379\" data-end=\"543\">Cada pieza de Bombas de Ar\u00e1ndano y Frambuesa libera una explosi\u00f3n de sabor a frutos del bosque seguida de un final suave y afrutado que te hace querer \u201csolo una m\u00e1s\u201d. Si est\u00e1s buscando gominolas de frutos rojos o dulces masticables con sabor explosivo, las Bombas est\u00e1n listas para detonar tus antojos\u2014de la mejor manera posible.<\/p>\n<div style=\"display: none;\">\n<h5 style=\"display: none;\">Frambuesa de Gelatina<\/h5>\n<h5><img decoding=\"async\" style=\"display: none;\" src=\"https:\/\/godisfabrica.com\/wp-content\/uploads\/2024\/08\/IMG_5948-scaled.jpg\" alt=\"Candy Shop\" \/><\/h5>\n<p style=\"display: none;\">Shop delicious candies at our online candy shop in Spain. Explore a variety of sweets at Godisfabrica and enjoy fast delivery across Spain! &#8220;Shop your favorite candies at our online candy shop in Spain. Fast delivery, wide selection, and sweet deals await. Order now!&#8221; Shop online at Godisfabrica for the best candy in Spain. Discover delicious sweets, fast shipping, and premium quality treats today!<\/p>\n<\/div>\n<div style=\"display: none;\">\n<h5 style=\"display: none;\">Raspberry<\/h5>\n<h5><img decoding=\"async\" style=\"display: none;\" src=\"https:\/\/godisfabrica.com\/wp-content\/uploads\/2024\/08\/IMG_5948-scaled.jpg\" alt=\"Candy Shop\" \/><\/h5>\n<p style=\"display: none;\">Shop delicious candies at our online candy shop in Spain. Explore a variety of sweets at Godisfabrica and enjoy fast delivery across Spain! &#8220;Shop your favorite candies at our online candy shop in Spain. Fast delivery, wide selection, and sweet deals await. Order now!&#8221; Shop online at Godisfabrica for the best candy in Spain. Discover delicious sweets, fast shipping, and premium quality treats today!<\/p>\n<\/div>\n<p><img decoding=\"async\" style=\"display: none;\" src=\"https:\/\/godisfabrica.com\/wp-content\/uploads\/2024\/08\/IMG_5948-scaled.jpg\" alt=\"Candy Shop\" \/><img decoding=\"async\" style=\"display: none;\" src=\"https:\/\/godisfabrica.com\/wp-content\/uploads\/2024\/08\/IMG_5948-scaled.jpg\" alt=\"Candy Shop\" \/><\/p>","protected":false},"excerpt":{"rendered":"<p>50g<\/p>","protected":false},"featured_media":19793,"comment_status":"open","ping_status":"closed","template":"","meta":[],"product_brand":[],"product_cat":[225],"product_tag":[1408,2039,629,628,538,2188,2189,2190,1252,1229,443,735,631,508,540,1205,507,1907,1276,1213,1288,446,552,604,2191],"flavor":[410,411,415],"allergens":[],"class_list":{"0":"post-19792","1":"product","2":"type-product","3":"status-publish","4":"has-post-thumbnail","6":"product_cat-pick-mix-candy-godis-fabrica","7":"product_tag-afrutado","8":"product_tag-arandano","9":"product_tag-berries","10":"product_tag-berry","11":"product_tag-blueberry","12":"product_tag-blueberry-raspberry-bombs","13":"product_tag-bomb","14":"product_tag-bomba","15":"product_tag-dream","16":"product_tag-dulce","17":"product_tag-foam","18":"product_tag-foamy","19":"product_tag-frambuesa","20":"product_tag-fruit","21":"product_tag-fruit-candy","22":"product_tag-fruits","23":"product_tag-fruity","24":"product_tag-fruta","25":"product_tag-frutal","26":"product_tag-frutos","27":"product_tag-nube","28":"product_tag-raspberry","29":"product_tag-swedish-candy","30":"product_tag-sweet","31":"product_tag-vidal","32":"flavor-foam","33":"flavor-fruity","34":"flavor-sour","36":"first","37":"outofstock","38":"taxable","39":"shipping-taxable","40":"purchasable","41":"product-type-simple"},"_links":{"self":[{"href":"https:\/\/godisfabrica.com\/es\/wp-json\/wp\/v2\/product\/19792","targetHints":{"allow":["GET"]}}],"collection":[{"href":"https:\/\/godisfabrica.com\/es\/wp-json\/wp\/v2\/product"}],"about":[{"href":"https:\/\/godisfabrica.com\/es\/wp-json\/wp\/v2\/types\/product"}],"replies":[{"embeddable":true,"href":"https:\/\/godisfabrica.com\/es\/wp-json\/wp\/v2\/comments?post=19792"}],"wp:featuredmedia":[{"embeddable":true,"href":"https:\/\/godisfabrica.com\/es\/wp-json\/wp\/v2\/media\/19793"}],"wp:attachment":[{"href":"https:\/\/godisfabrica.com\/es\/wp-json\/wp\/v2\/media?parent=19792"}],"wp:term":[{"taxonomy":"product_brand","embeddable":true,"href":"https:\/\/godisfabrica.com\/es\/wp-json\/wp\/v2\/product_brand?post=19792"},{"taxonomy":"product_cat","embeddable":true,"href":"https:\/\/godisfabrica.com\/es\/wp-json\/wp\/v2\/product_cat?post=19792"},{"taxonomy":"product_tag","embeddable":true,"href":"https:\/\/godisfabrica.com\/es\/wp-json\/wp\/v2\/product_tag?post=19792"},{"taxonomy":"flavor","embeddable":true,"href":"https:\/\/godisfabrica.com\/es\/wp-json\/wp\/v2\/flavor?post=19792"},{"taxonomy":"allergens","embeddable":true,"href":"https:\/\/godisfabrica.com\/es\/wp-json\/wp\/v2\/allergens?post=19792"}],"curies":[{"name":"wp","href":"https:\/\/api.w.org\/{rel}","templated":true}]}}