{"id":4974,"date":"2024-02-25T19:46:30","date_gmt":"2024-02-25T18:46:30","guid":{"rendered":"https:\/\/godisfabrica.com\/?post_type=product&#038;p=4974"},"modified":"2026-02-16T16:08:55","modified_gmt":"2026-02-16T15:08:55","slug":"fazer-original","status":"publish","type":"product","link":"https:\/\/godisfabrica.com\/es\/producto\/fazer-original\/","title":{"rendered":"Fazer Original"},"content":{"rendered":"<p>El chocolate con leche Karl Fazer apareci\u00f3 por primera vez en 1922 con su famoso envoltorio azul, que simboliza la naturaleza de Finlandia. El color ic\u00f3nico, junto con la firma de Karl Fazer, representa el sabor y la calidad. Todo el chocolate Karl Fazer est\u00e1 elaborado con el mejor cacao Arriba y las mejores habilidades en la fabricaci\u00f3n de chocolate. \u00a1Seguro que te enamorar\u00e1s de su sabor!<\/p>","protected":false},"excerpt":{"rendered":"<p>50g<\/p>","protected":false},"featured_media":15443,"comment_status":"open","ping_status":"closed","template":"","meta":[],"product_brand":[],"product_cat":[243,225],"product_tag":[1862,556,230,1422,2005,229,467,1000,1424,469,499,468,464,466,2004,1130],"flavor":[412,419,422],"allergens":[426],"class_list":{"0":"post-4974","1":"product","2":"type-product","3":"status-publish","4":"has-post-thumbnail","6":"product_cat-chocolate-category-godis-fabrica","7":"product_cat-pick-mix-candy-godis-fabrica","8":"product_tag-azul","9":"product_tag-blue","10":"product_tag-chocolate","11":"product_tag-chocolate-con-leche","12":"product_tag-chocolate-finlandes","13":"product_tag-fazer","14":"product_tag-fazer-blue","15":"product_tag-fazer-chocolate","16":"product_tag-fazerin-sininen","17":"product_tag-finnish-chocolate","18":"product_tag-milk-chocolate","19":"product_tag-original","20":"product_tag-pickmix","21":"product_tag-sininen","22":"product_tag-wrap","23":"product_tag-wrapped","24":"flavor-chocolate","25":"flavor-palm-oil-free","26":"flavor-wrapped","27":"allergens-gelatin-free","29":"first","30":"instock","31":"taxable","32":"shipping-taxable","33":"purchasable","34":"product-type-simple"},"_links":{"self":[{"href":"https:\/\/godisfabrica.com\/es\/wp-json\/wp\/v2\/product\/4974","targetHints":{"allow":["GET"]}}],"collection":[{"href":"https:\/\/godisfabrica.com\/es\/wp-json\/wp\/v2\/product"}],"about":[{"href":"https:\/\/godisfabrica.com\/es\/wp-json\/wp\/v2\/types\/product"}],"replies":[{"embeddable":true,"href":"https:\/\/godisfabrica.com\/es\/wp-json\/wp\/v2\/comments?post=4974"}],"wp:featuredmedia":[{"embeddable":true,"href":"https:\/\/godisfabrica.com\/es\/wp-json\/wp\/v2\/media\/15443"}],"wp:attachment":[{"href":"https:\/\/godisfabrica.com\/es\/wp-json\/wp\/v2\/media?parent=4974"}],"wp:term":[{"taxonomy":"product_brand","embeddable":true,"href":"https:\/\/godisfabrica.com\/es\/wp-json\/wp\/v2\/product_brand?post=4974"},{"taxonomy":"product_cat","embeddable":true,"href":"https:\/\/godisfabrica.com\/es\/wp-json\/wp\/v2\/product_cat?post=4974"},{"taxonomy":"product_tag","embeddable":true,"href":"https:\/\/godisfabrica.com\/es\/wp-json\/wp\/v2\/product_tag?post=4974"},{"taxonomy":"flavor","embeddable":true,"href":"https:\/\/godisfabrica.com\/es\/wp-json\/wp\/v2\/flavor?post=4974"},{"taxonomy":"allergens","embeddable":true,"href":"https:\/\/godisfabrica.com\/es\/wp-json\/wp\/v2\/allergens?post=4974"}],"curies":[{"name":"wp","href":"https:\/\/api.w.org\/{rel}","templated":true}]}}