{"id":5037,"date":"2024-02-26T18:47:35","date_gmt":"2024-02-26T17:47:35","guid":{"rendered":"https:\/\/godisfabrica.com\/?post_type=product&#038;p=5037"},"modified":"2026-03-30T04:20:18","modified_gmt":"2026-03-30T02:20:18","slug":"sour-fruit-skulls","status":"publish","type":"product","link":"https:\/\/godisfabrica.com\/es\/producto\/sour-fruit-skulls\/","title":{"rendered":"Calaveras \u00c1cidas de Fruta"},"content":{"rendered":"<p data-pm-slice=\"1 1 []\">Las Calaveras \u00c1cidas de Fruta son uno de los favoritos en nuestra tienda online, \u00a1y con buena raz\u00f3n! Estas traviesas calaveritas pueden parecer lindas y coloridas, pero no te dejes enga\u00f1ar... en el momento en que pongas una en tu boca, \u00a1BOOM! Una explosi\u00f3n burbujeante y \u00e1cida se apodera de ti, haciendo que tu cara se contorsione de la manera m\u00e1s deliciosa.<\/p>\n<p>\u00a1Cada bocado es un viaje salvaje de locura afrutada y \u00e1cida que har\u00e1 que tus papilas gustativas se pongan a animar (o gritar, dependiendo de tu tolerancia al \u00e1cido)! Perfectas para los que disfrutan de un poco de emoci\u00f3n con sus dulces, estas calaveras ofrecen el equilibrio justo entre dulce, \u00e1cido y una diversi\u00f3n totalmente adictiva.<\/p>\n<p>Prueba estas peque\u00f1as bombas \u00e1cidas si te atreves... \u00a1pero no digas que no te lo advertimos!<\/p>","protected":false},"excerpt":{"rendered":"<p>50g<\/p>","protected":false},"featured_media":15538,"comment_status":"open","ping_status":"closed","template":"","meta":[],"product_brand":[],"product_cat":[225],"product_tag":[509,507,239,523,435,524],"flavor":[411,419,415],"allergens":[428,427],"class_list":{"0":"post-5037","1":"product","2":"type-product","3":"status-publish","4":"has-post-thumbnail","6":"product_cat-pick-mix-candy-godis-fabrica","7":"product_tag-colourful","8":"product_tag-fruity","9":"product_tag-skull","10":"product_tag-skulls","11":"product_tag-sour","12":"product_tag-sour-skulls","13":"flavor-fruity","14":"flavor-palm-oil-free","15":"flavor-sour","16":"allergens-gluten-free","17":"allergens-lactose-free","19":"first","20":"instock","21":"taxable","22":"shipping-taxable","23":"purchasable","24":"product-type-simple"},"_links":{"self":[{"href":"https:\/\/godisfabrica.com\/es\/wp-json\/wp\/v2\/product\/5037","targetHints":{"allow":["GET"]}}],"collection":[{"href":"https:\/\/godisfabrica.com\/es\/wp-json\/wp\/v2\/product"}],"about":[{"href":"https:\/\/godisfabrica.com\/es\/wp-json\/wp\/v2\/types\/product"}],"replies":[{"embeddable":true,"href":"https:\/\/godisfabrica.com\/es\/wp-json\/wp\/v2\/comments?post=5037"}],"wp:featuredmedia":[{"embeddable":true,"href":"https:\/\/godisfabrica.com\/es\/wp-json\/wp\/v2\/media\/15538"}],"wp:attachment":[{"href":"https:\/\/godisfabrica.com\/es\/wp-json\/wp\/v2\/media?parent=5037"}],"wp:term":[{"taxonomy":"product_brand","embeddable":true,"href":"https:\/\/godisfabrica.com\/es\/wp-json\/wp\/v2\/product_brand?post=5037"},{"taxonomy":"product_cat","embeddable":true,"href":"https:\/\/godisfabrica.com\/es\/wp-json\/wp\/v2\/product_cat?post=5037"},{"taxonomy":"product_tag","embeddable":true,"href":"https:\/\/godisfabrica.com\/es\/wp-json\/wp\/v2\/product_tag?post=5037"},{"taxonomy":"flavor","embeddable":true,"href":"https:\/\/godisfabrica.com\/es\/wp-json\/wp\/v2\/flavor?post=5037"},{"taxonomy":"allergens","embeddable":true,"href":"https:\/\/godisfabrica.com\/es\/wp-json\/wp\/v2\/allergens?post=5037"}],"curies":[{"name":"wp","href":"https:\/\/api.w.org\/{rel}","templated":true}]}}