{"id":5135,"date":"2024-03-06T17:48:40","date_gmt":"2024-03-06T16:48:40","guid":{"rendered":"https:\/\/godisfabrica.com\/?post_type=product&#038;p=5135"},"modified":"2026-04-29T08:00:30","modified_gmt":"2026-04-29T06:00:30","slug":"tutti-frutti-passion","status":"publish","type":"product","link":"https:\/\/godisfabrica.com\/es\/producto\/tutti-frutti-passion\/","title":{"rendered":"Tutti Frutti Pasi\u00f3n"},"content":{"rendered":"<p data-start=\"89\" data-end=\"145\">Tutti Frutti Pasi\u00f3n \u2013 \u00a1Diversi\u00f3n tropical en cada bocado!<\/p>\n<p data-start=\"147\" data-end=\"453\">\u00a1Prep\u00e1rate para hacer bailar a tus papilas gustativas con Tutti Frutti! Esta emocionante selecci\u00f3n de sabores tropicales est\u00e1 llena de deliciosa fruta fresca, elaborada con jugos naturales, frutas y verduras. \u00bfY lo mejor? No contiene gelatina y es 100% vegana, \u00a1as\u00ed que todos pueden unirse a la diversi\u00f3n frutal!<\/p>\n<p data-start=\"455\" data-end=\"747\">Perfectas para picar, compartir o alegrar el d\u00eda a alguien, las golosinas Tutti Frutti ofrecen un sabor fresco y jugoso que te sacar\u00e1 una sonrisa en cada bocado. Tanto si eres amante de la fruta como si buscas una dulce aventura, Tutti Frutti Pasi\u00f3n es pura felicidad frutal en cada mordisco.<\/p>","protected":false},"excerpt":{"rendered":"<p>50g<\/p>","protected":false},"featured_media":19731,"comment_status":"open","ping_status":"closed","template":"","meta":[],"product_brand":[],"product_cat":[225,290],"product_tag":[229,540,507,542,446,543,291,445],"flavor":[411,417,419],"allergens":[426,427,425],"class_list":{"0":"post-5135","1":"product","2":"type-product","3":"status-publish","4":"has-post-thumbnail","6":"product_cat-pick-mix-candy-godis-fabrica","7":"product_cat-vegan-products-godis-fabrica","8":"product_tag-fazer","9":"product_tag-fruit-candy","10":"product_tag-fruity","11":"product_tag-passion","12":"product_tag-raspberry","13":"product_tag-tutti-frutti","14":"product_tag-vegan","15":"product_tag-vegan-candy","16":"flavor-fruity","17":"flavor-jelly","18":"flavor-palm-oil-free","19":"allergens-gelatin-free","20":"allergens-lactose-free","21":"allergens-vegan","23":"first","24":"instock","25":"taxable","26":"shipping-taxable","27":"purchasable","28":"product-type-simple"},"_links":{"self":[{"href":"https:\/\/godisfabrica.com\/es\/wp-json\/wp\/v2\/product\/5135","targetHints":{"allow":["GET"]}}],"collection":[{"href":"https:\/\/godisfabrica.com\/es\/wp-json\/wp\/v2\/product"}],"about":[{"href":"https:\/\/godisfabrica.com\/es\/wp-json\/wp\/v2\/types\/product"}],"replies":[{"embeddable":true,"href":"https:\/\/godisfabrica.com\/es\/wp-json\/wp\/v2\/comments?post=5135"}],"wp:featuredmedia":[{"embeddable":true,"href":"https:\/\/godisfabrica.com\/es\/wp-json\/wp\/v2\/media\/19731"}],"wp:attachment":[{"href":"https:\/\/godisfabrica.com\/es\/wp-json\/wp\/v2\/media?parent=5135"}],"wp:term":[{"taxonomy":"product_brand","embeddable":true,"href":"https:\/\/godisfabrica.com\/es\/wp-json\/wp\/v2\/product_brand?post=5135"},{"taxonomy":"product_cat","embeddable":true,"href":"https:\/\/godisfabrica.com\/es\/wp-json\/wp\/v2\/product_cat?post=5135"},{"taxonomy":"product_tag","embeddable":true,"href":"https:\/\/godisfabrica.com\/es\/wp-json\/wp\/v2\/product_tag?post=5135"},{"taxonomy":"flavor","embeddable":true,"href":"https:\/\/godisfabrica.com\/es\/wp-json\/wp\/v2\/flavor?post=5135"},{"taxonomy":"allergens","embeddable":true,"href":"https:\/\/godisfabrica.com\/es\/wp-json\/wp\/v2\/allergens?post=5135"}],"curies":[{"name":"wp","href":"https:\/\/api.w.org\/{rel}","templated":true}]}}