{"id":5150,"date":"2024-03-07T18:22:26","date_gmt":"2024-03-07T17:22:26","guid":{"rendered":"https:\/\/godisfabrica.com\/?post_type=product&#038;p=5150"},"modified":"2026-04-18T18:45:52","modified_gmt":"2026-04-18T16:45:52","slug":"center-chocolate","status":"publish","type":"product","link":"https:\/\/godisfabrica.com\/es\/producto\/center-chocolate\/","title":{"rendered":"Chocolate Center"},"content":{"rendered":"<p data-start=\"85\" data-end=\"150\">Chocolate Center \u2013 \u00a1El cl\u00e1sico sueco de caramelo dulce y cremoso!<\/p>\n<p data-start=\"152\" data-end=\"477\">\u00a1Descubre por qu\u00e9 Chocolate Center ha sido un favorito en Suecia desde 1941! Cada bocado est\u00e1 lleno de un relleno cremoso de toffee y un rico sabor a caramelo que se derrite en la boca. El ic\u00f3nico rollo de chocolate ha conquistado corazones durante generaciones, y cientos de millones se disfrutan cada a\u00f1o solo en Suecia.<\/p>\n<p data-start=\"479\" data-end=\"777\">Perfecto para los amantes del chocolate, para picar o compartir con amigos, Center es un placer suave y delicioso tan atemporal como sabroso. Tanto si est\u00e1s en Portugal, Espa\u00f1a o cualquier otro lugar\u2026 este cl\u00e1sico rollo de chocolate har\u00e1 bailar a tus papilas gustativas y te har\u00e1 volver por m\u00e1s.<\/p>","protected":false},"excerpt":{"rendered":"<p>50g<\/p>","protected":false},"featured_media":6552,"comment_status":"open","ping_status":"closed","template":"","meta":[],"product_brand":[],"product_cat":[225,243],"product_tag":[227,1399,549,550,230,1921,551,1526,499,498,552,226],"flavor":[416,412],"allergens":[426],"class_list":{"0":"post-5150","1":"product","2":"type-product","3":"status-publish","4":"has-post-thumbnail","6":"product_cat-pick-mix-candy-godis-fabrica","7":"product_cat-chocolate-category-godis-fabrica","8":"product_tag-caramel","9":"product_tag-caramelo-suave","10":"product_tag-center","11":"product_tag-center-chocolate","12":"product_tag-chocolate","13":"product_tag-chocolate-relleno","14":"product_tag-cloetta","15":"product_tag-filled-chocolate","16":"product_tag-milk-chocolate","17":"product_tag-soft-toffee","18":"product_tag-swedish-candy","19":"product_tag-toffee","20":"flavor-caramel-toffee","21":"flavor-chocolate","22":"allergens-gelatin-free","24":"first","25":"outofstock","26":"taxable","27":"shipping-taxable","28":"purchasable","29":"product-type-simple"},"_links":{"self":[{"href":"https:\/\/godisfabrica.com\/es\/wp-json\/wp\/v2\/product\/5150","targetHints":{"allow":["GET"]}}],"collection":[{"href":"https:\/\/godisfabrica.com\/es\/wp-json\/wp\/v2\/product"}],"about":[{"href":"https:\/\/godisfabrica.com\/es\/wp-json\/wp\/v2\/types\/product"}],"replies":[{"embeddable":true,"href":"https:\/\/godisfabrica.com\/es\/wp-json\/wp\/v2\/comments?post=5150"}],"wp:featuredmedia":[{"embeddable":true,"href":"https:\/\/godisfabrica.com\/es\/wp-json\/wp\/v2\/media\/6552"}],"wp:attachment":[{"href":"https:\/\/godisfabrica.com\/es\/wp-json\/wp\/v2\/media?parent=5150"}],"wp:term":[{"taxonomy":"product_brand","embeddable":true,"href":"https:\/\/godisfabrica.com\/es\/wp-json\/wp\/v2\/product_brand?post=5150"},{"taxonomy":"product_cat","embeddable":true,"href":"https:\/\/godisfabrica.com\/es\/wp-json\/wp\/v2\/product_cat?post=5150"},{"taxonomy":"product_tag","embeddable":true,"href":"https:\/\/godisfabrica.com\/es\/wp-json\/wp\/v2\/product_tag?post=5150"},{"taxonomy":"flavor","embeddable":true,"href":"https:\/\/godisfabrica.com\/es\/wp-json\/wp\/v2\/flavor?post=5150"},{"taxonomy":"allergens","embeddable":true,"href":"https:\/\/godisfabrica.com\/es\/wp-json\/wp\/v2\/allergens?post=5150"}],"curies":[{"name":"wp","href":"https:\/\/api.w.org\/{rel}","templated":true}]}}