{"id":5172,"date":"2024-03-08T20:30:25","date_gmt":"2024-03-08T19:30:25","guid":{"rendered":"https:\/\/godisfabrica.com\/?post_type=product&#038;p=5172"},"modified":"2026-04-21T02:20:33","modified_gmt":"2026-04-21T00:20:33","slug":"fruity-brio","status":"publish","type":"product","link":"https:\/\/godisfabrica.com\/es\/producto\/fruity-brio\/","title":{"rendered":"Brio de Frutas"},"content":{"rendered":"<p>El \"Fruity Brio\" de Malaco son trozos de caramelos toffee con sabores frescos de frutas. Un cl\u00e1sico que ha estado presente desde la d\u00e9cada de 1930 y sigue sabiendo igual de bien. Esta mezcla masticable de lim\u00f3n, manzana y fresa seguramente pondr\u00e1 a trabajar tu mand\u00edbula.<\/p>","protected":false},"excerpt":{"rendered":"<p>50g<\/p>","protected":false},"featured_media":15746,"comment_status":"open","ping_status":"closed","template":"","meta":[],"product_brand":[],"product_cat":[225],"product_tag":[521,583,509,540,507,531,555,546,582,522,226,554],"flavor":[411,419],"allergens":[428,427],"class_list":{"0":"post-5172","1":"product","2":"type-product","3":"status-publish","4":"has-post-thumbnail","6":"product_cat-pick-mix-candy-godis-fabrica","7":"product_tag-apple","8":"product_tag-chewy","9":"product_tag-colourful","10":"product_tag-fruit-candy","11":"product_tag-fruity","12":"product_tag-funny","13":"product_tag-green","14":"product_tag-lemon","15":"product_tag-pink","16":"product_tag-strawberry","17":"product_tag-toffee","18":"product_tag-yellow","19":"flavor-fruity","20":"flavor-palm-oil-free","21":"allergens-gluten-free","22":"allergens-lactose-free","24":"first","25":"instock","26":"taxable","27":"shipping-taxable","28":"purchasable","29":"product-type-simple"},"_links":{"self":[{"href":"https:\/\/godisfabrica.com\/es\/wp-json\/wp\/v2\/product\/5172","targetHints":{"allow":["GET"]}}],"collection":[{"href":"https:\/\/godisfabrica.com\/es\/wp-json\/wp\/v2\/product"}],"about":[{"href":"https:\/\/godisfabrica.com\/es\/wp-json\/wp\/v2\/types\/product"}],"replies":[{"embeddable":true,"href":"https:\/\/godisfabrica.com\/es\/wp-json\/wp\/v2\/comments?post=5172"}],"wp:featuredmedia":[{"embeddable":true,"href":"https:\/\/godisfabrica.com\/es\/wp-json\/wp\/v2\/media\/15746"}],"wp:attachment":[{"href":"https:\/\/godisfabrica.com\/es\/wp-json\/wp\/v2\/media?parent=5172"}],"wp:term":[{"taxonomy":"product_brand","embeddable":true,"href":"https:\/\/godisfabrica.com\/es\/wp-json\/wp\/v2\/product_brand?post=5172"},{"taxonomy":"product_cat","embeddable":true,"href":"https:\/\/godisfabrica.com\/es\/wp-json\/wp\/v2\/product_cat?post=5172"},{"taxonomy":"product_tag","embeddable":true,"href":"https:\/\/godisfabrica.com\/es\/wp-json\/wp\/v2\/product_tag?post=5172"},{"taxonomy":"flavor","embeddable":true,"href":"https:\/\/godisfabrica.com\/es\/wp-json\/wp\/v2\/flavor?post=5172"},{"taxonomy":"allergens","embeddable":true,"href":"https:\/\/godisfabrica.com\/es\/wp-json\/wp\/v2\/allergens?post=5172"}],"curies":[{"name":"wp","href":"https:\/\/api.w.org\/{rel}","templated":true}]}}