{"id":5175,"date":"2024-03-08T21:00:40","date_gmt":"2024-03-08T20:00:40","guid":{"rendered":"https:\/\/godisfabrica.com\/?post_type=product&#038;p=5175"},"modified":"2026-01-17T22:21:29","modified_gmt":"2026-01-17T21:21:29","slug":"fruit-soda-bottles","status":"publish","type":"product","link":"https:\/\/godisfabrica.com\/es\/producto\/fruit-soda-bottles\/","title":{"rendered":"Botellas Soda de Fruta"},"content":{"rendered":"<p data-start=\"100\" data-end=\"164\">Botellas Soda de Fruta \u2013 \u00a1Masticables, afrutadas y llenas de diversi\u00f3n burbujeante!<\/p>\n<p data-start=\"166\" data-end=\"716\">\u00a1Prep\u00e1rate para morder, masticar y re\u00edr con nuestras Botellas Soda de Fruta! Estas adorables golosinas turquesa, con forma de mini botellas de soda, est\u00e1n llenas de sabor afrutado y cubiertas con un az\u00facar \u00e1cido y chispeante que convierte cada bocado en una dulce y divertida aventura.<\/p>\n<p data-start=\"166\" data-end=\"716\">Masticables y coloridas, son perfectas para picar, compartir o dar un toque de diversi\u00f3n y color a tus botes de golosinas. Tanto si eres un ni\u00f1o de coraz\u00f3n como si simplemente buscas un poco de travesura afrutada, estas golosinas con forma de soda har\u00e1n bailar a tus papilas gustativas. \u00a1Vamos\u2026 a morderlas y disfrutar!<\/p>","protected":false},"excerpt":{"rendered":"<p>50g<\/p>","protected":false},"featured_media":19064,"comment_status":"open","ping_status":"closed","template":"","meta":[],"product_brand":[],"product_cat":[225],"product_tag":[1862,556,1891,1272,591,509,589,508,540,1987,507,1907,531,592,555,587,1991,1990,1992,1371,1988,588,435,585,590,1989],"flavor":[424,411,419,415],"allergens":[428,427],"class_list":{"0":"post-5175","1":"product","2":"type-product","3":"status-publish","4":"has-post-thumbnail","6":"product_cat-pick-mix-candy-godis-fabrica","7":"product_tag-azul","8":"product_tag-blue","9":"product_tag-bote","10":"product_tag-botella","11":"product_tag-bottle","12":"product_tag-colourful","13":"product_tag-denmark","14":"product_tag-fruit","15":"product_tag-fruit-candy","16":"product_tag-fruit-soda-bottles","17":"product_tag-fruity","18":"product_tag-fruta","19":"product_tag-funny","20":"product_tag-grahns-konfektyr","21":"product_tag-green","22":"product_tag-kirpea","23":"product_tag-limu","24":"product_tag-pop","25":"product_tag-pullo","26":"product_tag-soda","27":"product_tag-soda-bottle","28":"product_tag-soda-pop","29":"product_tag-sour","30":"product_tag-sour-candy","31":"product_tag-toms","32":"product_tag-turquoise","33":"flavor-bubblegum","34":"flavor-fruity","35":"flavor-palm-oil-free","36":"flavor-sour","37":"allergens-gluten-free","38":"allergens-lactose-free","40":"first","41":"instock","42":"taxable","43":"shipping-taxable","44":"purchasable","45":"product-type-simple"},"_links":{"self":[{"href":"https:\/\/godisfabrica.com\/es\/wp-json\/wp\/v2\/product\/5175","targetHints":{"allow":["GET"]}}],"collection":[{"href":"https:\/\/godisfabrica.com\/es\/wp-json\/wp\/v2\/product"}],"about":[{"href":"https:\/\/godisfabrica.com\/es\/wp-json\/wp\/v2\/types\/product"}],"replies":[{"embeddable":true,"href":"https:\/\/godisfabrica.com\/es\/wp-json\/wp\/v2\/comments?post=5175"}],"wp:featuredmedia":[{"embeddable":true,"href":"https:\/\/godisfabrica.com\/es\/wp-json\/wp\/v2\/media\/19064"}],"wp:attachment":[{"href":"https:\/\/godisfabrica.com\/es\/wp-json\/wp\/v2\/media?parent=5175"}],"wp:term":[{"taxonomy":"product_brand","embeddable":true,"href":"https:\/\/godisfabrica.com\/es\/wp-json\/wp\/v2\/product_brand?post=5175"},{"taxonomy":"product_cat","embeddable":true,"href":"https:\/\/godisfabrica.com\/es\/wp-json\/wp\/v2\/product_cat?post=5175"},{"taxonomy":"product_tag","embeddable":true,"href":"https:\/\/godisfabrica.com\/es\/wp-json\/wp\/v2\/product_tag?post=5175"},{"taxonomy":"flavor","embeddable":true,"href":"https:\/\/godisfabrica.com\/es\/wp-json\/wp\/v2\/flavor?post=5175"},{"taxonomy":"allergens","embeddable":true,"href":"https:\/\/godisfabrica.com\/es\/wp-json\/wp\/v2\/allergens?post=5175"}],"curies":[{"name":"wp","href":"https:\/\/api.w.org\/{rel}","templated":true}]}}