{"id":5203,"date":"2024-03-10T21:32:22","date_gmt":"2024-03-10T20:32:22","guid":{"rendered":"https:\/\/godisfabrica.com\/?post_type=product&#038;p=5203"},"modified":"2026-01-17T20:31:37","modified_gmt":"2026-01-17T19:31:37","slug":"rotella-liquorice-rolls","status":"publish","type":"product","link":"https:\/\/godisfabrica.com\/es\/producto\/rotella-liquorice-rolls\/","title":{"rendered":"Rotella de Regaliz"},"content":{"rendered":"<p>Las Rotella de Regaliz (ruedas) han sido durante mucho tiempo un producto de culto en la gama de Haribo y son imprescindibles para todo amante del regaliz. Son las \u00fanicas ruedas de regaliz que tenemos, y tienen el sabor de calidad premium que esperas de Haribo. \u00bfQui\u00e9n no conocer\u00eda estos cl\u00e1sicos? Si a\u00fan no los has probado, \u00a1debes hacerlo! Son divertidos de masticar poco a poco. Tambi\u00e9n puedes probar la versi\u00f3n de frutas.<\/p>\n<p>Estos rollos tambi\u00e9n son libres de gelatina y aptos para vegetarianos.<\/p>","protected":false},"excerpt":{"rendered":"<p>50g<\/p>","protected":false},"featured_media":7153,"comment_status":"open","ping_status":"closed","template":"","meta":[],"product_brand":[],"product_cat":[225],"product_tag":[620,621,1264,506,236,529,622,677,1262,489,234,1263,623],"flavor":[413,419],"allergens":[426],"class_list":{"0":"post-5203","1":"product","2":"type-product","3":"status-publish","4":"has-post-thumbnail","6":"product_cat-pick-mix-candy-godis-fabrica","7":"product_tag-black","8":"product_tag-black-candy","9":"product_tag-chuches-haribo","10":"product_tag-haribo","11":"product_tag-licorice","12":"product_tag-liquorice","13":"product_tag-negro","14":"product_tag-regaliz","15":"product_tag-regaliz-calidad","16":"product_tag-roll","17":"product_tag-rollo","18":"product_tag-rollo-de-regaliz","19":"product_tag-rotella","20":"flavor-liquorice","21":"flavor-palm-oil-free","22":"allergens-gelatin-free","24":"first","25":"instock","26":"taxable","27":"shipping-taxable","28":"purchasable","29":"product-type-simple"},"_links":{"self":[{"href":"https:\/\/godisfabrica.com\/es\/wp-json\/wp\/v2\/product\/5203","targetHints":{"allow":["GET"]}}],"collection":[{"href":"https:\/\/godisfabrica.com\/es\/wp-json\/wp\/v2\/product"}],"about":[{"href":"https:\/\/godisfabrica.com\/es\/wp-json\/wp\/v2\/types\/product"}],"replies":[{"embeddable":true,"href":"https:\/\/godisfabrica.com\/es\/wp-json\/wp\/v2\/comments?post=5203"}],"wp:featuredmedia":[{"embeddable":true,"href":"https:\/\/godisfabrica.com\/es\/wp-json\/wp\/v2\/media\/7153"}],"wp:attachment":[{"href":"https:\/\/godisfabrica.com\/es\/wp-json\/wp\/v2\/media?parent=5203"}],"wp:term":[{"taxonomy":"product_brand","embeddable":true,"href":"https:\/\/godisfabrica.com\/es\/wp-json\/wp\/v2\/product_brand?post=5203"},{"taxonomy":"product_cat","embeddable":true,"href":"https:\/\/godisfabrica.com\/es\/wp-json\/wp\/v2\/product_cat?post=5203"},{"taxonomy":"product_tag","embeddable":true,"href":"https:\/\/godisfabrica.com\/es\/wp-json\/wp\/v2\/product_tag?post=5203"},{"taxonomy":"flavor","embeddable":true,"href":"https:\/\/godisfabrica.com\/es\/wp-json\/wp\/v2\/flavor?post=5203"},{"taxonomy":"allergens","embeddable":true,"href":"https:\/\/godisfabrica.com\/es\/wp-json\/wp\/v2\/allergens?post=5203"}],"curies":[{"name":"wp","href":"https:\/\/api.w.org\/{rel}","templated":true}]}}