{"id":5271,"date":"2024-03-11T19:31:22","date_gmt":"2024-03-11T18:31:22","guid":{"rendered":"https:\/\/godisfabrica.com\/?post_type=product&#038;p=5271"},"modified":"2026-05-01T23:38:36","modified_gmt":"2026-05-01T21:38:36","slug":"bubs-big-sour-skull","status":"publish","type":"product","link":"https:\/\/godisfabrica.com\/es\/producto\/bubs-big-sour-skull\/","title":{"rendered":"Bubs Calavera \u00c1cida Grande"},"content":{"rendered":"<p>Bubs Calavera \u00c1cida Grande \u2013 \u00a1un chuche tan grande que podr\u00eda dejar sin palabras a tus papilas gustativas (\u00a1pero en el buen sentido)!<\/p>\n<p>\u00a1Estas calaveras gigantes, afrutadas y \u00e1cidas son como el sue\u00f1o hecho realidad de cualquier amante de los dulces \u00e1cidos! Con su sabor que hace que tu boca se contraiga y su textura similar a la gelatina, son la combinaci\u00f3n perfecta de diversi\u00f3n afrutada y un toque \u00e1cido. \u00a1Sin gelatina, sin aditivos de origen animal, solo pura alegr\u00eda \u00e1cida! As\u00ed que, si alguna vez has querido saber c\u00f3mo sabe morder una deliciosa calavera de caramelo gigante, \u00a1ahora es tu oportunidad!<\/p>\n<p>Advertencia: Bubs Calavera \u00c1cida Grande puede causar expresiones faciales extremadamente \u00e1cidas, sonrisas espont\u00e1neas y un deseo incontrolable de m\u00e1s.<\/p>","protected":false},"excerpt":{"rendered":"<p>50g<\/p>","protected":false},"featured_media":16918,"comment_status":"open","ping_status":"closed","template":"","meta":[],"product_brand":[],"product_cat":[290,225],"product_tag":[1869,434,1078,1409,537,508,540,507,611,668,1693,1870,239,522,663,291,445,607,939,662,455,661,1378],"flavor":[411,419,415],"allergens":[426,428,427,425],"class_list":{"0":"post-5271","1":"product","2":"type-product","3":"status-publish","4":"has-post-thumbnail","6":"product_cat-vegan-products-godis-fabrica","7":"product_cat-pick-mix-candy-godis-fabrica","8":"product_tag-big-skull","9":"product_tag-bubs","10":"product_tag-bubs-skull","11":"product_tag-calavera","12":"product_tag-chuches-veganas","13":"product_tag-fruit","14":"product_tag-fruit-candy","15":"product_tag-fruity","16":"product_tag-frutas","17":"product_tag-limon","18":"product_tag-paakallo","19":"product_tag-skalle","20":"product_tag-skull","21":"product_tag-strawberry","22":"product_tag-vegaani","23":"product_tag-vegan","24":"product_tag-vegan-candy","25":"product_tag-vegano","26":"product_tag-vege","27":"product_tag-vege-candy","28":"product_tag-vegetarian","29":"product_tag-veggie","30":"product_tag-very-vegan","31":"flavor-fruity","32":"flavor-palm-oil-free","33":"flavor-sour","34":"allergens-gelatin-free","35":"allergens-gluten-free","36":"allergens-lactose-free","37":"allergens-vegan","39":"first","40":"instock","41":"taxable","42":"shipping-taxable","43":"purchasable","44":"product-type-simple"},"_links":{"self":[{"href":"https:\/\/godisfabrica.com\/es\/wp-json\/wp\/v2\/product\/5271","targetHints":{"allow":["GET"]}}],"collection":[{"href":"https:\/\/godisfabrica.com\/es\/wp-json\/wp\/v2\/product"}],"about":[{"href":"https:\/\/godisfabrica.com\/es\/wp-json\/wp\/v2\/types\/product"}],"replies":[{"embeddable":true,"href":"https:\/\/godisfabrica.com\/es\/wp-json\/wp\/v2\/comments?post=5271"}],"wp:featuredmedia":[{"embeddable":true,"href":"https:\/\/godisfabrica.com\/es\/wp-json\/wp\/v2\/media\/16918"}],"wp:attachment":[{"href":"https:\/\/godisfabrica.com\/es\/wp-json\/wp\/v2\/media?parent=5271"}],"wp:term":[{"taxonomy":"product_brand","embeddable":true,"href":"https:\/\/godisfabrica.com\/es\/wp-json\/wp\/v2\/product_brand?post=5271"},{"taxonomy":"product_cat","embeddable":true,"href":"https:\/\/godisfabrica.com\/es\/wp-json\/wp\/v2\/product_cat?post=5271"},{"taxonomy":"product_tag","embeddable":true,"href":"https:\/\/godisfabrica.com\/es\/wp-json\/wp\/v2\/product_tag?post=5271"},{"taxonomy":"flavor","embeddable":true,"href":"https:\/\/godisfabrica.com\/es\/wp-json\/wp\/v2\/flavor?post=5271"},{"taxonomy":"allergens","embeddable":true,"href":"https:\/\/godisfabrica.com\/es\/wp-json\/wp\/v2\/allergens?post=5271"}],"curies":[{"name":"wp","href":"https:\/\/api.w.org\/{rel}","templated":true}]}}