{"id":5278,"date":"2024-03-11T20:37:23","date_gmt":"2024-03-11T19:37:23","guid":{"rendered":"https:\/\/godisfabrica.com\/?post_type=product&#038;p=5278"},"modified":"2026-04-28T16:23:36","modified_gmt":"2026-04-28T14:23:36","slug":"mini-pear-bubs","status":"publish","type":"product","link":"https:\/\/godisfabrica.com\/es\/producto\/mini-pear-bubs\/","title":{"rendered":"Bubs Pera Mini"},"content":{"rendered":"<p>Bubs de Pera Mini es la combinaci\u00f3n del sabor afrutado de pera con un toque de recubrimiento \u00e1cido. El recubrimiento le da a los pear bubs su frescura \u00fanica. Sin duda, este es uno de los m\u00e1s populares en la familia Bubs. Con la perfecta elasticidad y delicioso toque \u00e1cido, la mini pera afrutada es el dulce perfecto para cualquier ocasi\u00f3n. Esta pieza de caramelo est\u00e1 libre de gelatina y otros aditivos de origen animal.<\/p>","protected":false},"excerpt":{"rendered":"<p>50g<\/p>","protected":false},"featured_media":15755,"comment_status":"open","ping_status":"closed","template":"","meta":[],"product_brand":[],"product_cat":[290,225],"product_tag":[434,1090,537,679,678,508,540,507,587,681,614,680,435,585,657,291,445,607,455],"flavor":[411,419,415],"allergens":[426,428,427,425],"class_list":{"0":"post-5278","1":"product","2":"type-product","3":"status-publish","4":"has-post-thumbnail","6":"product_cat-vegan-products-godis-fabrica","7":"product_cat-pick-mix-candy-godis-fabrica","8":"product_tag-bubs","9":"product_tag-bubs-candy","10":"product_tag-chuches-veganas","11":"product_tag-fresco","12":"product_tag-fresh","13":"product_tag-fruit","14":"product_tag-fruit-candy","15":"product_tag-fruity","16":"product_tag-kirpea","17":"product_tag-paaryna","18":"product_tag-pear","19":"product_tag-pera","20":"product_tag-sour","21":"product_tag-sour-candy","22":"product_tag-sweet-and-sour","23":"product_tag-vegan","24":"product_tag-vegan-candy","25":"product_tag-vegano","26":"product_tag-vegetarian","27":"flavor-fruity","28":"flavor-palm-oil-free","29":"flavor-sour","30":"allergens-gelatin-free","31":"allergens-gluten-free","32":"allergens-lactose-free","33":"allergens-vegan","35":"first","36":"instock","37":"taxable","38":"shipping-taxable","39":"purchasable","40":"product-type-simple"},"_links":{"self":[{"href":"https:\/\/godisfabrica.com\/es\/wp-json\/wp\/v2\/product\/5278","targetHints":{"allow":["GET"]}}],"collection":[{"href":"https:\/\/godisfabrica.com\/es\/wp-json\/wp\/v2\/product"}],"about":[{"href":"https:\/\/godisfabrica.com\/es\/wp-json\/wp\/v2\/types\/product"}],"replies":[{"embeddable":true,"href":"https:\/\/godisfabrica.com\/es\/wp-json\/wp\/v2\/comments?post=5278"}],"wp:featuredmedia":[{"embeddable":true,"href":"https:\/\/godisfabrica.com\/es\/wp-json\/wp\/v2\/media\/15755"}],"wp:attachment":[{"href":"https:\/\/godisfabrica.com\/es\/wp-json\/wp\/v2\/media?parent=5278"}],"wp:term":[{"taxonomy":"product_brand","embeddable":true,"href":"https:\/\/godisfabrica.com\/es\/wp-json\/wp\/v2\/product_brand?post=5278"},{"taxonomy":"product_cat","embeddable":true,"href":"https:\/\/godisfabrica.com\/es\/wp-json\/wp\/v2\/product_cat?post=5278"},{"taxonomy":"product_tag","embeddable":true,"href":"https:\/\/godisfabrica.com\/es\/wp-json\/wp\/v2\/product_tag?post=5278"},{"taxonomy":"flavor","embeddable":true,"href":"https:\/\/godisfabrica.com\/es\/wp-json\/wp\/v2\/flavor?post=5278"},{"taxonomy":"allergens","embeddable":true,"href":"https:\/\/godisfabrica.com\/es\/wp-json\/wp\/v2\/allergens?post=5278"}],"curies":[{"name":"wp","href":"https:\/\/api.w.org\/{rel}","templated":true}]}}