{"id":5490,"date":"2024-03-17T19:55:40","date_gmt":"2024-03-17T18:55:40","guid":{"rendered":"https:\/\/godisfabrica.com\/?post_type=product&#038;p=5490"},"modified":"2026-05-07T07:25:42","modified_gmt":"2026-05-07T05:25:42","slug":"sweet-liquorice-bubs","status":"publish","type":"product","link":"https:\/\/godisfabrica.com\/es\/producto\/sweet-liquorice-bubs\/","title":{"rendered":"Bubs Regaliz Dulce"},"content":{"rendered":"<p data-start=\"0\" data-end=\"64\">Bubs Regaliz Dulce \u2013 Tradici\u00f3n sueca con actitud brit\u00e1nica!<\/p>\n<p data-start=\"66\" data-end=\"351\">Descubre Bubs Regaliz Dulce, la golosina que demuestra que se puede tener tradici\u00f3n, car\u00e1cter y un gusto irresistible por lo dulce al mismo tiempo. Nacidos de la cl\u00e1sica cultura sueca del dulce y perfeccionados con un toque de excelencia brit\u00e1nica, estos peque\u00f1os iconos no susurran su sabor\u2026 lo proclaman.<\/p>\n<p data-start=\"353\" data-end=\"615\">Coronados como campeones del mundo, los Sweet Liquorice Bubs no piden perd\u00f3n por ser dulces. Son atrevidos, orgullosos y deliciosamente irresistibles. Si te gusta el regaliz dulce y que sube la autoestima, enhorabuena: acabas de encontrar tu nuevo favorito. Y porque los grandes dulces deber\u00edan gustar a todo el mundo, estas chuches son 100 % sin gelatina y sin aditivos de origen animal.<\/p>","protected":false},"excerpt":{"rendered":"<p>50g<\/p>","protected":false},"featured_media":19018,"comment_status":"open","ping_status":"closed","template":"","meta":[],"product_brand":[],"product_cat":[290,225],"product_tag":[434,236,529,787,677,698,517,561,697,291,445,607,455],"flavor":[413,419],"allergens":[426,428,427,425],"class_list":{"0":"post-5490","1":"product","2":"type-product","3":"status-publish","4":"has-post-thumbnail","6":"product_cat-vegan-products-godis-fabrica","7":"product_cat-pick-mix-candy-godis-fabrica","8":"product_tag-bubs","9":"product_tag-licorice","10":"product_tag-liquorice","11":"product_tag-makea-lakritsi","12":"product_tag-regaliz","13":"product_tag-regaliz-dulce","14":"product_tag-salmiak","15":"product_tag-salty","16":"product_tag-sweet-liquorice","17":"product_tag-vegan","18":"product_tag-vegan-candy","19":"product_tag-vegano","20":"product_tag-vegetarian","21":"flavor-liquorice","22":"flavor-palm-oil-free","23":"allergens-gelatin-free","24":"allergens-gluten-free","25":"allergens-lactose-free","26":"allergens-vegan","28":"first","29":"instock","30":"taxable","31":"shipping-taxable","32":"purchasable","33":"product-type-simple"},"_links":{"self":[{"href":"https:\/\/godisfabrica.com\/es\/wp-json\/wp\/v2\/product\/5490","targetHints":{"allow":["GET"]}}],"collection":[{"href":"https:\/\/godisfabrica.com\/es\/wp-json\/wp\/v2\/product"}],"about":[{"href":"https:\/\/godisfabrica.com\/es\/wp-json\/wp\/v2\/types\/product"}],"replies":[{"embeddable":true,"href":"https:\/\/godisfabrica.com\/es\/wp-json\/wp\/v2\/comments?post=5490"}],"wp:featuredmedia":[{"embeddable":true,"href":"https:\/\/godisfabrica.com\/es\/wp-json\/wp\/v2\/media\/19018"}],"wp:attachment":[{"href":"https:\/\/godisfabrica.com\/es\/wp-json\/wp\/v2\/media?parent=5490"}],"wp:term":[{"taxonomy":"product_brand","embeddable":true,"href":"https:\/\/godisfabrica.com\/es\/wp-json\/wp\/v2\/product_brand?post=5490"},{"taxonomy":"product_cat","embeddable":true,"href":"https:\/\/godisfabrica.com\/es\/wp-json\/wp\/v2\/product_cat?post=5490"},{"taxonomy":"product_tag","embeddable":true,"href":"https:\/\/godisfabrica.com\/es\/wp-json\/wp\/v2\/product_tag?post=5490"},{"taxonomy":"flavor","embeddable":true,"href":"https:\/\/godisfabrica.com\/es\/wp-json\/wp\/v2\/flavor?post=5490"},{"taxonomy":"allergens","embeddable":true,"href":"https:\/\/godisfabrica.com\/es\/wp-json\/wp\/v2\/allergens?post=5490"}],"curies":[{"name":"wp","href":"https:\/\/api.w.org\/{rel}","templated":true}]}}