{"id":5508,"date":"2024-03-18T14:33:28","date_gmt":"2024-03-18T13:33:28","guid":{"rendered":"https:\/\/godisfabrica.com\/?post_type=product&#038;p=5508"},"modified":"2026-05-09T03:24:24","modified_gmt":"2026-05-09T01:24:24","slug":"chewy-fruit-rocks","status":"publish","type":"product","link":"https:\/\/godisfabrica.com\/es\/producto\/chewy-fruit-rocks\/","title":{"rendered":"Piedras de Fruta"},"content":{"rendered":"<p>Piedras de Fruta son <span class=\"OYPEnA text-decoration-none text-strikethrough-none\">caramelos de fruta masticables, un poco \u00e1cidos, con una capa de az\u00facar dura. Son peque\u00f1os, pero \u00a1tan afrutados y deliciosos! Tambi\u00e9n vienen en colores adorables como amarillo, verde, naranja y rosa.<\/span><\/p>","protected":false},"excerpt":{"rendered":"<p>50g<\/p>","protected":false},"featured_media":19050,"comment_status":"open","ping_status":"closed","template":"","meta":[],"product_brand":[],"product_cat":[225],"product_tag":[1128,731,1810,810,1110,509,508,540,507,813,1907,1276,611,809,811,812,1217,1649,1951,814],"flavor":[411,415],"allergens":[428,427],"class_list":{"0":"post-5508","1":"product","2":"type-product","3":"status-publish","4":"has-post-thumbnail","6":"product_cat-pick-mix-candy-godis-fabrica","7":"product_tag-acida","8":"product_tag-acido","9":"product_tag-amargo","10":"product_tag-castanjas","11":"product_tag-chuches-acidas","12":"product_tag-colourful","13":"product_tag-fruit","14":"product_tag-fruit-candy","15":"product_tag-fruity","16":"product_tag-fruity-candy","17":"product_tag-fruta","18":"product_tag-frutal","19":"product_tag-frutas","20":"product_tag-kastanja","21":"product_tag-kastanjer","22":"product_tag-kastanjer-frukt","23":"product_tag-masticable","24":"product_tag-rocks","25":"product_tag-sabor-a-fruta","26":"product_tag-small-balls","27":"flavor-fruity","28":"flavor-sour","29":"allergens-gluten-free","30":"allergens-lactose-free","32":"first","33":"instock","34":"taxable","35":"shipping-taxable","36":"purchasable","37":"product-type-simple"},"_links":{"self":[{"href":"https:\/\/godisfabrica.com\/es\/wp-json\/wp\/v2\/product\/5508","targetHints":{"allow":["GET"]}}],"collection":[{"href":"https:\/\/godisfabrica.com\/es\/wp-json\/wp\/v2\/product"}],"about":[{"href":"https:\/\/godisfabrica.com\/es\/wp-json\/wp\/v2\/types\/product"}],"replies":[{"embeddable":true,"href":"https:\/\/godisfabrica.com\/es\/wp-json\/wp\/v2\/comments?post=5508"}],"wp:featuredmedia":[{"embeddable":true,"href":"https:\/\/godisfabrica.com\/es\/wp-json\/wp\/v2\/media\/19050"}],"wp:attachment":[{"href":"https:\/\/godisfabrica.com\/es\/wp-json\/wp\/v2\/media?parent=5508"}],"wp:term":[{"taxonomy":"product_brand","embeddable":true,"href":"https:\/\/godisfabrica.com\/es\/wp-json\/wp\/v2\/product_brand?post=5508"},{"taxonomy":"product_cat","embeddable":true,"href":"https:\/\/godisfabrica.com\/es\/wp-json\/wp\/v2\/product_cat?post=5508"},{"taxonomy":"product_tag","embeddable":true,"href":"https:\/\/godisfabrica.com\/es\/wp-json\/wp\/v2\/product_tag?post=5508"},{"taxonomy":"flavor","embeddable":true,"href":"https:\/\/godisfabrica.com\/es\/wp-json\/wp\/v2\/flavor?post=5508"},{"taxonomy":"allergens","embeddable":true,"href":"https:\/\/godisfabrica.com\/es\/wp-json\/wp\/v2\/allergens?post=5508"}],"curies":[{"name":"wp","href":"https:\/\/api.w.org\/{rel}","templated":true}]}}