{"id":5511,"date":"2024-03-18T14:45:11","date_gmt":"2024-03-18T13:45:11","guid":{"rendered":"https:\/\/godisfabrica.com\/?post_type=product&#038;p=5511"},"modified":"2026-04-29T18:33:59","modified_gmt":"2026-04-29T16:33:59","slug":"chewy-cola-rocks","status":"publish","type":"product","link":"https:\/\/godisfabrica.com\/es\/producto\/chewy-cola-rocks\/","title":{"rendered":"Piedras de Cola"},"content":{"rendered":"<p>Piedras de Cola son chuches masticables cubiertos con una capa exterior de az\u00facar m\u00e1s dura. Como puedes imaginar por su nombre, estas peque\u00f1as bolitas tienen un sabor \u00e1cido a cola.<\/p>","protected":false},"excerpt":{"rendered":"<p>50g<\/p>","protected":false},"featured_media":19049,"comment_status":"open","ping_status":"closed","template":"","meta":[],"product_brand":[],"product_cat":[225],"product_tag":[810,817,803,818,547,816,509,809,811,815,814],"flavor":[418,415],"allergens":[428,427],"class_list":{"0":"post-5511","1":"product","2":"type-product","3":"status-publish","4":"has-post-thumbnail","6":"product_cat-pick-mix-candy-godis-fabrica","7":"product_tag-castanjas","8":"product_tag-coca-cola","9":"product_tag-coke","10":"product_tag-coke-taste","11":"product_tag-cola","12":"product_tag-cola-flavor","13":"product_tag-colourful","14":"product_tag-kastanja","15":"product_tag-kastanjer","16":"product_tag-kastanjer-cola","17":"product_tag-small-balls","18":"flavor-cola","19":"flavor-sour","20":"allergens-gluten-free","21":"allergens-lactose-free","23":"first","24":"instock","25":"taxable","26":"shipping-taxable","27":"purchasable","28":"product-type-simple"},"_links":{"self":[{"href":"https:\/\/godisfabrica.com\/es\/wp-json\/wp\/v2\/product\/5511","targetHints":{"allow":["GET"]}}],"collection":[{"href":"https:\/\/godisfabrica.com\/es\/wp-json\/wp\/v2\/product"}],"about":[{"href":"https:\/\/godisfabrica.com\/es\/wp-json\/wp\/v2\/types\/product"}],"replies":[{"embeddable":true,"href":"https:\/\/godisfabrica.com\/es\/wp-json\/wp\/v2\/comments?post=5511"}],"wp:featuredmedia":[{"embeddable":true,"href":"https:\/\/godisfabrica.com\/es\/wp-json\/wp\/v2\/media\/19049"}],"wp:attachment":[{"href":"https:\/\/godisfabrica.com\/es\/wp-json\/wp\/v2\/media?parent=5511"}],"wp:term":[{"taxonomy":"product_brand","embeddable":true,"href":"https:\/\/godisfabrica.com\/es\/wp-json\/wp\/v2\/product_brand?post=5511"},{"taxonomy":"product_cat","embeddable":true,"href":"https:\/\/godisfabrica.com\/es\/wp-json\/wp\/v2\/product_cat?post=5511"},{"taxonomy":"product_tag","embeddable":true,"href":"https:\/\/godisfabrica.com\/es\/wp-json\/wp\/v2\/product_tag?post=5511"},{"taxonomy":"flavor","embeddable":true,"href":"https:\/\/godisfabrica.com\/es\/wp-json\/wp\/v2\/flavor?post=5511"},{"taxonomy":"allergens","embeddable":true,"href":"https:\/\/godisfabrica.com\/es\/wp-json\/wp\/v2\/allergens?post=5511"}],"curies":[{"name":"wp","href":"https:\/\/api.w.org\/{rel}","templated":true}]}}