{"id":5512,"date":"2024-03-18T14:57:37","date_gmt":"2024-03-18T13:57:37","guid":{"rendered":"https:\/\/godisfabrica.com\/?post_type=product&#038;p=5512"},"modified":"2026-05-05T16:44:50","modified_gmt":"2026-05-05T14:44:50","slug":"red-monkeys-zoo","status":"publish","type":"product","link":"https:\/\/godisfabrica.com\/es\/producto\/red-monkeys-zoo\/","title":{"rendered":"Monos Rojos"},"content":{"rendered":"<p>Los Monos Rojos, tambi\u00e9n conocidos como \"chuches del zoo\", son uno de los dulces m\u00e1s famosos de Suecia debido a su sabor afrutado. Estos monos son aut\u00e9nticos cl\u00e1sicos suecos en la estanter\u00eda de golosinas. Los monitos son las chuches perfectas para una fiesta o incluso para llevar a la playa. Sin aceite de palma ni colorantes artificiales.<\/p>","protected":false},"excerpt":{"rendered":"<p>50g<\/p>","protected":false},"featured_media":18406,"comment_status":"open","ping_status":"closed","template":"","meta":[],"product_brand":[],"product_cat":[225],"product_tag":[799,826,509,1949,508,540,507,813,579,823,824,1948,822,821,1950,819,584,1170,552,825,820],"flavor":[411,419],"allergens":[428,427],"class_list":{"0":"post-5512","1":"product","2":"type-product","3":"status-publish","4":"has-post-thumbnail","6":"product_cat-pick-mix-candy-godis-fabrica","7":"product_tag-animal-candy","8":"product_tag-apina","9":"product_tag-colourful","10":"product_tag-forest","11":"product_tag-fruit","12":"product_tag-fruit-candy","13":"product_tag-fruity","14":"product_tag-fruity-candy","15":"product_tag-malaco","16":"product_tag-monkey","17":"product_tag-monkey-candy","18":"product_tag-monkey-shape","19":"product_tag-mono","20":"product_tag-monos","21":"product_tag-nature","22":"product_tag-pm-zoo-original","23":"product_tag-red","24":"product_tag-red-candy","25":"product_tag-swedish-candy","26":"product_tag-zoo-candy","27":"product_tag-zoo-losvikt","28":"flavor-fruity","29":"flavor-palm-oil-free","30":"allergens-gluten-free","31":"allergens-lactose-free","33":"first","34":"instock","35":"taxable","36":"shipping-taxable","37":"purchasable","38":"product-type-simple"},"_links":{"self":[{"href":"https:\/\/godisfabrica.com\/es\/wp-json\/wp\/v2\/product\/5512","targetHints":{"allow":["GET"]}}],"collection":[{"href":"https:\/\/godisfabrica.com\/es\/wp-json\/wp\/v2\/product"}],"about":[{"href":"https:\/\/godisfabrica.com\/es\/wp-json\/wp\/v2\/types\/product"}],"replies":[{"embeddable":true,"href":"https:\/\/godisfabrica.com\/es\/wp-json\/wp\/v2\/comments?post=5512"}],"wp:featuredmedia":[{"embeddable":true,"href":"https:\/\/godisfabrica.com\/es\/wp-json\/wp\/v2\/media\/18406"}],"wp:attachment":[{"href":"https:\/\/godisfabrica.com\/es\/wp-json\/wp\/v2\/media?parent=5512"}],"wp:term":[{"taxonomy":"product_brand","embeddable":true,"href":"https:\/\/godisfabrica.com\/es\/wp-json\/wp\/v2\/product_brand?post=5512"},{"taxonomy":"product_cat","embeddable":true,"href":"https:\/\/godisfabrica.com\/es\/wp-json\/wp\/v2\/product_cat?post=5512"},{"taxonomy":"product_tag","embeddable":true,"href":"https:\/\/godisfabrica.com\/es\/wp-json\/wp\/v2\/product_tag?post=5512"},{"taxonomy":"flavor","embeddable":true,"href":"https:\/\/godisfabrica.com\/es\/wp-json\/wp\/v2\/flavor?post=5512"},{"taxonomy":"allergens","embeddable":true,"href":"https:\/\/godisfabrica.com\/es\/wp-json\/wp\/v2\/allergens?post=5512"}],"curies":[{"name":"wp","href":"https:\/\/api.w.org\/{rel}","templated":true}]}}