{"id":5520,"date":"2024-03-18T16:42:44","date_gmt":"2024-03-18T15:42:44","guid":{"rendered":"https:\/\/godisfabrica.com\/?post_type=product&#038;p=5520"},"modified":"2026-04-20T16:57:00","modified_gmt":"2026-04-20T14:57:00","slug":"milkshake-banana-toffee","status":"publish","type":"product","link":"https:\/\/godisfabrica.com\/es\/producto\/milkshake-banana-toffee\/","title":{"rendered":"Batido Pl\u00e1tano y Toffee"},"content":{"rendered":"<p>Batido Pl\u00e1tano y Toffee es un caramelo envuelto con un sabor a pl\u00e1tano y toffee (caramelo). \u00a1Una combinaci\u00f3n de sabores fant\u00e1stica, banoffee! Su textura es suave, masticable y cremosa, \u00a1como un delicioso batido!<\/p>","protected":false},"excerpt":{"rendered":"<p>50g<\/p>","protected":false},"featured_media":6054,"comment_status":"open","ping_status":"closed","template":"","meta":[],"product_brand":[],"product_cat":[225],"product_tag":[613,475,476,227,580,578,831,481,1624,837,838,839,836,468,610,503,1794,498,552,226],"flavor":[416,411,422],"allergens":[426],"class_list":{"0":"post-5520","1":"product","2":"type-product","3":"status-publish","4":"has-post-thumbnail","6":"product_cat-pick-mix-candy-godis-fabrica","7":"product_tag-banaani","8":"product_tag-banana","9":"product_tag-banofee","10":"product_tag-caramel","11":"product_tag-caramelo","12":"product_tag-creamy","13":"product_tag-famous","14":"product_tag-fudge","15":"product_tag-fudge-candy","16":"product_tag-lisas","17":"product_tag-milkshake","18":"product_tag-milkshake-candy","19":"product_tag-mormor-lisas","20":"product_tag-original","21":"product_tag-platano","22":"product_tag-popular","23":"product_tag-sabor-a-caramel","24":"product_tag-soft-toffee","25":"product_tag-swedish-candy","26":"product_tag-toffee","27":"flavor-caramel-toffee","28":"flavor-fruity","29":"flavor-wrapped","30":"allergens-gelatin-free","32":"first","33":"instock","34":"taxable","35":"shipping-taxable","36":"purchasable","37":"product-type-simple"},"_links":{"self":[{"href":"https:\/\/godisfabrica.com\/es\/wp-json\/wp\/v2\/product\/5520","targetHints":{"allow":["GET"]}}],"collection":[{"href":"https:\/\/godisfabrica.com\/es\/wp-json\/wp\/v2\/product"}],"about":[{"href":"https:\/\/godisfabrica.com\/es\/wp-json\/wp\/v2\/types\/product"}],"replies":[{"embeddable":true,"href":"https:\/\/godisfabrica.com\/es\/wp-json\/wp\/v2\/comments?post=5520"}],"wp:featuredmedia":[{"embeddable":true,"href":"https:\/\/godisfabrica.com\/es\/wp-json\/wp\/v2\/media\/6054"}],"wp:attachment":[{"href":"https:\/\/godisfabrica.com\/es\/wp-json\/wp\/v2\/media?parent=5520"}],"wp:term":[{"taxonomy":"product_brand","embeddable":true,"href":"https:\/\/godisfabrica.com\/es\/wp-json\/wp\/v2\/product_brand?post=5520"},{"taxonomy":"product_cat","embeddable":true,"href":"https:\/\/godisfabrica.com\/es\/wp-json\/wp\/v2\/product_cat?post=5520"},{"taxonomy":"product_tag","embeddable":true,"href":"https:\/\/godisfabrica.com\/es\/wp-json\/wp\/v2\/product_tag?post=5520"},{"taxonomy":"flavor","embeddable":true,"href":"https:\/\/godisfabrica.com\/es\/wp-json\/wp\/v2\/flavor?post=5520"},{"taxonomy":"allergens","embeddable":true,"href":"https:\/\/godisfabrica.com\/es\/wp-json\/wp\/v2\/allergens?post=5520"}],"curies":[{"name":"wp","href":"https:\/\/api.w.org\/{rel}","templated":true}]}}