{"id":5529,"date":"2024-03-18T18:14:20","date_gmt":"2024-03-18T17:14:20","guid":{"rendered":"https:\/\/godisfabrica.com\/?post_type=product&#038;p=5529"},"modified":"2026-01-17T18:01:33","modified_gmt":"2026-01-17T17:01:33","slug":"peach-rings","status":"publish","type":"product","link":"https:\/\/godisfabrica.com\/es\/producto\/peach-rings\/","title":{"rendered":"Anillos de Melocot\u00f3n"},"content":{"rendered":"<p>Los anillos de melocot\u00f3n de Trolli son chuches de gelatina y espuma suaves recubiertos de az\u00facar. Como puedes adivinar por el color de estos dulces, saben a melocotones. \u00a1Tan suave e irresistiblemente delicioso! \u00bfTenemos aqu\u00ed a los amantes de los dulces de melocot\u00f3n? Si es as\u00ed, \u00a1has llegado al lugar correcto!<\/p>","protected":false},"excerpt":{"rendered":"<p>50g<\/p>","protected":false},"featured_media":19048,"comment_status":"open","ping_status":"closed","template":"","meta":[],"product_brand":[],"product_cat":[225],"product_tag":[1073,1882,850,508,540,507,541,572,532,846,845,539,852,851,848,596,847,849],"flavor":[410,411,417,419],"allergens":[428,427],"class_list":{"0":"post-5529","1":"product","2":"type-product","3":"status-publish","4":"has-post-thumbnail","6":"product_cat-pick-mix-candy-godis-fabrica","7":"product_tag-anillo","8":"product_tag-aro","9":"product_tag-asba","10":"product_tag-fruit","11":"product_tag-fruit-candy","12":"product_tag-fruity","13":"product_tag-meloncoton","14":"product_tag-orange","15":"product_tag-peach","16":"product_tag-peach-rings","17":"product_tag-peaches","18":"product_tag-peachy","19":"product_tag-persikka","20":"product_tag-persikoringar","21":"product_tag-rings","22":"product_tag-sugar-coating","23":"product_tag-sweet-peach","24":"product_tag-trolli","25":"flavor-foam","26":"flavor-fruity","27":"flavor-jelly","28":"flavor-palm-oil-free","29":"allergens-gluten-free","30":"allergens-lactose-free","32":"first","33":"instock","34":"taxable","35":"shipping-taxable","36":"purchasable","37":"product-type-simple"},"_links":{"self":[{"href":"https:\/\/godisfabrica.com\/es\/wp-json\/wp\/v2\/product\/5529","targetHints":{"allow":["GET"]}}],"collection":[{"href":"https:\/\/godisfabrica.com\/es\/wp-json\/wp\/v2\/product"}],"about":[{"href":"https:\/\/godisfabrica.com\/es\/wp-json\/wp\/v2\/types\/product"}],"replies":[{"embeddable":true,"href":"https:\/\/godisfabrica.com\/es\/wp-json\/wp\/v2\/comments?post=5529"}],"wp:featuredmedia":[{"embeddable":true,"href":"https:\/\/godisfabrica.com\/es\/wp-json\/wp\/v2\/media\/19048"}],"wp:attachment":[{"href":"https:\/\/godisfabrica.com\/es\/wp-json\/wp\/v2\/media?parent=5529"}],"wp:term":[{"taxonomy":"product_brand","embeddable":true,"href":"https:\/\/godisfabrica.com\/es\/wp-json\/wp\/v2\/product_brand?post=5529"},{"taxonomy":"product_cat","embeddable":true,"href":"https:\/\/godisfabrica.com\/es\/wp-json\/wp\/v2\/product_cat?post=5529"},{"taxonomy":"product_tag","embeddable":true,"href":"https:\/\/godisfabrica.com\/es\/wp-json\/wp\/v2\/product_tag?post=5529"},{"taxonomy":"flavor","embeddable":true,"href":"https:\/\/godisfabrica.com\/es\/wp-json\/wp\/v2\/flavor?post=5529"},{"taxonomy":"allergens","embeddable":true,"href":"https:\/\/godisfabrica.com\/es\/wp-json\/wp\/v2\/allergens?post=5529"}],"curies":[{"name":"wp","href":"https:\/\/api.w.org\/{rel}","templated":true}]}}