{"id":5531,"date":"2024-03-18T18:37:29","date_gmt":"2024-03-18T17:37:29","guid":{"rendered":"https:\/\/godisfabrica.com\/?post_type=product&#038;p=5531"},"modified":"2026-01-17T17:21:09","modified_gmt":"2026-01-17T16:21:09","slug":"apple-rings-trolli-godis-fabrica","status":"publish","type":"product","link":"https:\/\/godisfabrica.com\/es\/producto\/apple-rings-trolli-godis-fabrica\/","title":{"rendered":"Anillos de Manzana"},"content":{"rendered":"<p>Anillos de Manzana \u2013 \u00a1Ahora has llegado al lugar perfecto! Estos suaves anillos de gelatina y espuma cubiertos de az\u00facar est\u00e1n llenos del irresistible sabor de manzanas verdes como reci\u00e9n recogidas. \u00a1Pon unos cuantos de esta dulzura de manzana en tu perfecta bolsa de Pick &amp; Mix!<\/p>","protected":false},"excerpt":{"rendered":"<p>50g<\/p>","protected":false},"featured_media":19045,"comment_status":"open","ping_status":"closed","template":"","meta":[],"product_brand":[],"product_cat":[225],"product_tag":[859,521,856,850,858,508,540,507,857,853,854,855,848,596,849],"flavor":[410,411,417,419],"allergens":[428,427],"class_list":{"0":"post-5531","1":"product","2":"type-product","3":"status-publish","4":"has-post-thumbnail","6":"product_cat-pick-mix-candy-godis-fabrica","7":"product_tag-appelringar","8":"product_tag-apple","9":"product_tag-apple-ring","10":"product_tag-asba","11":"product_tag-foam-jelly","12":"product_tag-fruit","13":"product_tag-fruit-candy","14":"product_tag-fruity","15":"product_tag-green-apple","16":"product_tag-manzana","17":"product_tag-omena","18":"product_tag-rengas","19":"product_tag-rings","20":"product_tag-sugar-coating","21":"product_tag-trolli","22":"flavor-foam","23":"flavor-fruity","24":"flavor-jelly","25":"flavor-palm-oil-free","26":"allergens-gluten-free","27":"allergens-lactose-free","29":"first","30":"instock","31":"taxable","32":"shipping-taxable","33":"purchasable","34":"product-type-simple"},"_links":{"self":[{"href":"https:\/\/godisfabrica.com\/es\/wp-json\/wp\/v2\/product\/5531","targetHints":{"allow":["GET"]}}],"collection":[{"href":"https:\/\/godisfabrica.com\/es\/wp-json\/wp\/v2\/product"}],"about":[{"href":"https:\/\/godisfabrica.com\/es\/wp-json\/wp\/v2\/types\/product"}],"replies":[{"embeddable":true,"href":"https:\/\/godisfabrica.com\/es\/wp-json\/wp\/v2\/comments?post=5531"}],"wp:featuredmedia":[{"embeddable":true,"href":"https:\/\/godisfabrica.com\/es\/wp-json\/wp\/v2\/media\/19045"}],"wp:attachment":[{"href":"https:\/\/godisfabrica.com\/es\/wp-json\/wp\/v2\/media?parent=5531"}],"wp:term":[{"taxonomy":"product_brand","embeddable":true,"href":"https:\/\/godisfabrica.com\/es\/wp-json\/wp\/v2\/product_brand?post=5531"},{"taxonomy":"product_cat","embeddable":true,"href":"https:\/\/godisfabrica.com\/es\/wp-json\/wp\/v2\/product_cat?post=5531"},{"taxonomy":"product_tag","embeddable":true,"href":"https:\/\/godisfabrica.com\/es\/wp-json\/wp\/v2\/product_tag?post=5531"},{"taxonomy":"flavor","embeddable":true,"href":"https:\/\/godisfabrica.com\/es\/wp-json\/wp\/v2\/flavor?post=5531"},{"taxonomy":"allergens","embeddable":true,"href":"https:\/\/godisfabrica.com\/es\/wp-json\/wp\/v2\/allergens?post=5531"}],"curies":[{"name":"wp","href":"https:\/\/api.w.org\/{rel}","templated":true}]}}