{"id":5830,"date":"2024-03-24T20:13:06","date_gmt":"2024-03-24T19:13:06","guid":{"rendered":"https:\/\/godisfabrica.com\/?post_type=product&#038;p=5830"},"modified":"2026-04-18T18:43:10","modified_gmt":"2026-04-18T16:43:10","slug":"tyrkisk-peber-liquorice-godis-fabrica","status":"publish","type":"product","link":"https:\/\/godisfabrica.com\/es\/producto\/tyrkisk-peber-liquorice-godis-fabrica\/","title":{"rendered":"Tyrkisk Pimienta"},"content":{"rendered":"<p>Tyrkisk Pimienta (duro) es un cl\u00e1sico del regaliz salado con un toque picante, y ha sido un gran \u00e9xito en Finlandia desde su lanzamiento en 1977. La c\u00e1scara de regaliz salado de los dulces Tyrkisk Pimienta Original esconde un fuerte polvo de regaliz salado. Apto para veganos.<\/p>","protected":false},"excerpt":{"rendered":"<p>50g<\/p>","protected":false},"featured_media":15432,"comment_status":"open","ping_status":"closed","template":"","meta":[],"product_brand":[],"product_cat":[225,290],"product_tag":[465,229,874,236,529,468,873,464,561,872,871,291],"flavor":[413,419,414],"allergens":[426,428,427,425],"class_list":{"0":"post-5830","1":"product","2":"type-product","3":"status-publish","4":"has-post-thumbnail","6":"product_cat-pick-mix-candy-godis-fabrica","7":"product_cat-vegan-products-godis-fabrica","8":"product_tag-bulk-candy","9":"product_tag-fazer","10":"product_tag-hot","11":"product_tag-licorice","12":"product_tag-liquorice","13":"product_tag-original","14":"product_tag-pepper","15":"product_tag-pickmix","16":"product_tag-salty","17":"product_tag-turkin-pippuri","18":"product_tag-tyrkisk-peber","19":"product_tag-vegan","20":"flavor-liquorice","21":"flavor-palm-oil-free","22":"flavor-salty","23":"allergens-gelatin-free","24":"allergens-gluten-free","25":"allergens-lactose-free","26":"allergens-vegan","28":"first","29":"outofstock","30":"taxable","31":"shipping-taxable","32":"purchasable","33":"product-type-simple"},"_links":{"self":[{"href":"https:\/\/godisfabrica.com\/es\/wp-json\/wp\/v2\/product\/5830","targetHints":{"allow":["GET"]}}],"collection":[{"href":"https:\/\/godisfabrica.com\/es\/wp-json\/wp\/v2\/product"}],"about":[{"href":"https:\/\/godisfabrica.com\/es\/wp-json\/wp\/v2\/types\/product"}],"replies":[{"embeddable":true,"href":"https:\/\/godisfabrica.com\/es\/wp-json\/wp\/v2\/comments?post=5830"}],"wp:featuredmedia":[{"embeddable":true,"href":"https:\/\/godisfabrica.com\/es\/wp-json\/wp\/v2\/media\/15432"}],"wp:attachment":[{"href":"https:\/\/godisfabrica.com\/es\/wp-json\/wp\/v2\/media?parent=5830"}],"wp:term":[{"taxonomy":"product_brand","embeddable":true,"href":"https:\/\/godisfabrica.com\/es\/wp-json\/wp\/v2\/product_brand?post=5830"},{"taxonomy":"product_cat","embeddable":true,"href":"https:\/\/godisfabrica.com\/es\/wp-json\/wp\/v2\/product_cat?post=5830"},{"taxonomy":"product_tag","embeddable":true,"href":"https:\/\/godisfabrica.com\/es\/wp-json\/wp\/v2\/product_tag?post=5830"},{"taxonomy":"flavor","embeddable":true,"href":"https:\/\/godisfabrica.com\/es\/wp-json\/wp\/v2\/flavor?post=5830"},{"taxonomy":"allergens","embeddable":true,"href":"https:\/\/godisfabrica.com\/es\/wp-json\/wp\/v2\/allergens?post=5830"}],"curies":[{"name":"wp","href":"https:\/\/api.w.org\/{rel}","templated":true}]}}