{"id":5973,"date":"2024-04-08T11:20:05","date_gmt":"2024-04-08T09:20:05","guid":{"rendered":"https:\/\/godisfabrica.com\/?post_type=product&#038;p=5973"},"modified":"2026-05-07T19:39:53","modified_gmt":"2026-05-07T17:39:53","slug":"strawberry-brick","status":"publish","type":"product","link":"https:\/\/godisfabrica.com\/es\/producto\/strawberry-brick\/","title":{"rendered":"Ladrillo de Fresa"},"content":{"rendered":"<p>Ladrillo de Fresa (strawberry brick), el delicioso caramelo recubierto de az\u00facar con sabor a fresa que seguro dejar\u00e1 una impresi\u00f3n duradera. Con su sabor irresistiblemente dulce y su sabor inolvidable, es un dulce que satisfar\u00e1 tus antojos y te sacar\u00e1 una sonrisa. Disfruta de esta deliciosa golosina amigable hoy mismo, \u00a1pidi\u00e9ndola en Godis F\u00e1brica!<\/p>","protected":false},"excerpt":{"rendered":"<p>50g<\/p>","protected":false},"featured_media":7186,"comment_status":"open","ping_status":"closed","template":"","meta":[],"product_brand":[],"product_cat":[225],"product_tag":[890,615,559,236,529,750,698,891,522,880,697],"flavor":[411,415],"allergens":[427],"class_list":{"0":"post-5973","1":"product","2":"type-product","3":"status-publish","4":"has-post-thumbnail","6":"product_cat-pick-mix-candy-godis-fabrica","7":"product_tag-brick","8":"product_tag-fresa","9":"product_tag-lakritsi","10":"product_tag-licorice","11":"product_tag-liquorice","12":"product_tag-mansikka","13":"product_tag-regaliz-dulce","14":"product_tag-sockrad-tegelsten-jordgubb","15":"product_tag-strawberry","16":"product_tag-strawberry-licorice","17":"product_tag-sweet-liquorice","18":"flavor-fruity","19":"flavor-sour","20":"allergens-lactose-free","22":"first","23":"instock","24":"taxable","25":"shipping-taxable","26":"purchasable","27":"product-type-simple"},"_links":{"self":[{"href":"https:\/\/godisfabrica.com\/es\/wp-json\/wp\/v2\/product\/5973","targetHints":{"allow":["GET"]}}],"collection":[{"href":"https:\/\/godisfabrica.com\/es\/wp-json\/wp\/v2\/product"}],"about":[{"href":"https:\/\/godisfabrica.com\/es\/wp-json\/wp\/v2\/types\/product"}],"replies":[{"embeddable":true,"href":"https:\/\/godisfabrica.com\/es\/wp-json\/wp\/v2\/comments?post=5973"}],"wp:featuredmedia":[{"embeddable":true,"href":"https:\/\/godisfabrica.com\/es\/wp-json\/wp\/v2\/media\/7186"}],"wp:attachment":[{"href":"https:\/\/godisfabrica.com\/es\/wp-json\/wp\/v2\/media?parent=5973"}],"wp:term":[{"taxonomy":"product_brand","embeddable":true,"href":"https:\/\/godisfabrica.com\/es\/wp-json\/wp\/v2\/product_brand?post=5973"},{"taxonomy":"product_cat","embeddable":true,"href":"https:\/\/godisfabrica.com\/es\/wp-json\/wp\/v2\/product_cat?post=5973"},{"taxonomy":"product_tag","embeddable":true,"href":"https:\/\/godisfabrica.com\/es\/wp-json\/wp\/v2\/product_tag?post=5973"},{"taxonomy":"flavor","embeddable":true,"href":"https:\/\/godisfabrica.com\/es\/wp-json\/wp\/v2\/flavor?post=5973"},{"taxonomy":"allergens","embeddable":true,"href":"https:\/\/godisfabrica.com\/es\/wp-json\/wp\/v2\/allergens?post=5973"}],"curies":[{"name":"wp","href":"https:\/\/api.w.org\/{rel}","templated":true}]}}