{"id":6072,"date":"2024-04-22T16:05:28","date_gmt":"2024-04-22T14:05:28","guid":{"rendered":"https:\/\/godisfabrica.com\/?post_type=product&#038;p=6072"},"modified":"2026-03-06T10:52:49","modified_gmt":"2026-03-06T09:52:49","slug":"fruit-soothers-haribo","status":"publish","type":"product","link":"https:\/\/godisfabrica.com\/es\/producto\/fruit-soothers-haribo\/","title":{"rendered":"Chupetes de Frutas"},"content":{"rendered":"<p>Los chupetes de frutas son seguramente los dulces m\u00e1s conocidos de la familia Haribo. \u00a1Los cl\u00e1sicos chupetes de frutas Haribo pertenecen a todas las bolsas de dulces!<\/p>\n<p class=\"m-history__subline fs-headline-c\">\u00bfSab\u00edas esto sobre Haribo? Haribo era originalmente una peque\u00f1a empresa de dulces fundada por Hans Riegel. El nombre Haribo en realidad proviene de su nombre HAns RIegel BOnn. Nacido en 1893 en Friesdorf, cerca de Bonn, Hans Riegel se forma como pastelero y se convierte en socio de la empresa Heinen &amp; Riegel. Funda HARIBO el 13 de diciembre de 1920 y lanza su producci\u00f3n de dulces en una peque\u00f1a cocina sin m\u00e1s que un saco de az\u00facar, una losa de m\u00e1rmol, un taburete, una estufa, una olla de cobre y un rodillo. Su esposa Gertrud fue la primera empleada de la empresa en 1921.<\/p>","protected":false},"excerpt":{"rendered":"<p>5 unidades \u2013 23g<\/p>","protected":false},"featured_media":6614,"comment_status":"open","ping_status":"closed","template":"","meta":[],"product_brand":[],"product_cat":[225],"product_tag":[509,508,507,506,987,988,504,505,510,543],"flavor":[411,417],"allergens":[],"class_list":{"0":"post-6072","1":"product","2":"type-product","3":"status-publish","4":"has-post-thumbnail","6":"product_cat-pick-mix-candy-godis-fabrica","7":"product_tag-colourful","8":"product_tag-fruit","9":"product_tag-fruity","10":"product_tag-haribo","11":"product_tag-nappar","12":"product_tag-nappar-haribo","13":"product_tag-soother","14":"product_tag-soothers","15":"product_tag-tutti","16":"product_tag-tutti-frutti","17":"flavor-fruity","18":"flavor-jelly","20":"first","21":"instock","22":"taxable","23":"shipping-taxable","24":"purchasable","25":"product-type-simple"},"_links":{"self":[{"href":"https:\/\/godisfabrica.com\/es\/wp-json\/wp\/v2\/product\/6072","targetHints":{"allow":["GET"]}}],"collection":[{"href":"https:\/\/godisfabrica.com\/es\/wp-json\/wp\/v2\/product"}],"about":[{"href":"https:\/\/godisfabrica.com\/es\/wp-json\/wp\/v2\/types\/product"}],"replies":[{"embeddable":true,"href":"https:\/\/godisfabrica.com\/es\/wp-json\/wp\/v2\/comments?post=6072"}],"wp:featuredmedia":[{"embeddable":true,"href":"https:\/\/godisfabrica.com\/es\/wp-json\/wp\/v2\/media\/6614"}],"wp:attachment":[{"href":"https:\/\/godisfabrica.com\/es\/wp-json\/wp\/v2\/media?parent=6072"}],"wp:term":[{"taxonomy":"product_brand","embeddable":true,"href":"https:\/\/godisfabrica.com\/es\/wp-json\/wp\/v2\/product_brand?post=6072"},{"taxonomy":"product_cat","embeddable":true,"href":"https:\/\/godisfabrica.com\/es\/wp-json\/wp\/v2\/product_cat?post=6072"},{"taxonomy":"product_tag","embeddable":true,"href":"https:\/\/godisfabrica.com\/es\/wp-json\/wp\/v2\/product_tag?post=6072"},{"taxonomy":"flavor","embeddable":true,"href":"https:\/\/godisfabrica.com\/es\/wp-json\/wp\/v2\/flavor?post=6072"},{"taxonomy":"allergens","embeddable":true,"href":"https:\/\/godisfabrica.com\/es\/wp-json\/wp\/v2\/allergens?post=6072"}],"curies":[{"name":"wp","href":"https:\/\/api.w.org\/{rel}","templated":true}]}}