{"id":6089,"date":"2024-04-22T19:53:18","date_gmt":"2024-04-22T17:53:18","guid":{"rendered":"https:\/\/godisfabrica.com\/?post_type=product&#038;p=6089"},"modified":"2026-05-12T20:22:40","modified_gmt":"2026-05-12T18:22:40","slug":"big-sour-cola-soothers","status":"publish","type":"product","link":"https:\/\/godisfabrica.com\/es\/producto\/big-sour-cola-soothers\/","title":{"rendered":"Chupetes de Cola Fizzy"},"content":{"rendered":"<p>Chupetes de Cola Fizzy \u2013 \u00a1La soda con un giro \u00e1cido!<\/p>\n<p>\u00bfQui\u00e9n necesita una pajilla cuando puedes masticar tu cola? Estos caramelos \u00e1cidos de cola llevan el sabor mundialmente famoso de la cola a otro nivel, con una fizzy acidez que te har\u00e1 hacer una mueca. Estas deliciosas golosinas son efervescentes, \u00e1cidas y tremendamente adictivas, \u00a1como tomar tu soda favorita, pero sin derrames! Perfectas para antojos de bocadillos, amantes de los dulces \u00e1cidos o cualquiera que piense que la cola regular no es lo suficientemente emocionante.<\/p>\n<p>\u00a1Advertencia: pueden causar un irresistible deseo de seguir masticando!<\/p>","protected":false},"excerpt":{"rendered":"<p>50g<\/p>","protected":false},"featured_media":6551,"comment_status":"open","ping_status":"closed","template":"","meta":[],"product_brand":[],"product_cat":[225,290],"product_tag":[537,817,803,547,816,998,509,967,1878,997,999,987,988,1566,504,505,435,585,805,510,291,445,607],"flavor":[418,419,415],"allergens":[426,427,425],"class_list":{"0":"post-6089","1":"product","2":"type-product","3":"status-publish","4":"has-post-thumbnail","6":"product_cat-pick-mix-candy-godis-fabrica","7":"product_cat-vegan-products-godis-fabrica","8":"product_tag-chuches-veganas","9":"product_tag-coca-cola","10":"product_tag-coke","11":"product_tag-cola","12":"product_tag-cola-flavor","13":"product_tag-cola-soother","14":"product_tag-colourful","15":"product_tag-gsd","16":"product_tag-guilty-free","17":"product_tag-kola","18":"product_tag-kola-tutti","19":"product_tag-nappar","20":"product_tag-nappar-haribo","21":"product_tag-plant-based","22":"product_tag-soother","23":"product_tag-soothers","24":"product_tag-sour","25":"product_tag-sour-candy","26":"product_tag-sour-cola","27":"product_tag-tutti","28":"product_tag-vegan","29":"product_tag-vegan-candy","30":"product_tag-vegano","31":"flavor-cola","32":"flavor-palm-oil-free","33":"flavor-sour","34":"allergens-gelatin-free","35":"allergens-lactose-free","36":"allergens-vegan","38":"first","39":"instock","40":"taxable","41":"shipping-taxable","42":"purchasable","43":"product-type-simple"},"_links":{"self":[{"href":"https:\/\/godisfabrica.com\/es\/wp-json\/wp\/v2\/product\/6089","targetHints":{"allow":["GET"]}}],"collection":[{"href":"https:\/\/godisfabrica.com\/es\/wp-json\/wp\/v2\/product"}],"about":[{"href":"https:\/\/godisfabrica.com\/es\/wp-json\/wp\/v2\/types\/product"}],"replies":[{"embeddable":true,"href":"https:\/\/godisfabrica.com\/es\/wp-json\/wp\/v2\/comments?post=6089"}],"wp:featuredmedia":[{"embeddable":true,"href":"https:\/\/godisfabrica.com\/es\/wp-json\/wp\/v2\/media\/6551"}],"wp:attachment":[{"href":"https:\/\/godisfabrica.com\/es\/wp-json\/wp\/v2\/media?parent=6089"}],"wp:term":[{"taxonomy":"product_brand","embeddable":true,"href":"https:\/\/godisfabrica.com\/es\/wp-json\/wp\/v2\/product_brand?post=6089"},{"taxonomy":"product_cat","embeddable":true,"href":"https:\/\/godisfabrica.com\/es\/wp-json\/wp\/v2\/product_cat?post=6089"},{"taxonomy":"product_tag","embeddable":true,"href":"https:\/\/godisfabrica.com\/es\/wp-json\/wp\/v2\/product_tag?post=6089"},{"taxonomy":"flavor","embeddable":true,"href":"https:\/\/godisfabrica.com\/es\/wp-json\/wp\/v2\/flavor?post=6089"},{"taxonomy":"allergens","embeddable":true,"href":"https:\/\/godisfabrica.com\/es\/wp-json\/wp\/v2\/allergens?post=6089"}],"curies":[{"name":"wp","href":"https:\/\/api.w.org\/{rel}","templated":true}]}}