{"id":6198,"date":"2024-04-25T16:45:27","date_gmt":"2024-04-25T14:45:27","guid":{"rendered":"https:\/\/godisfabrica.com\/?post_type=product&#038;p=6198"},"modified":"2026-04-17T19:26:50","modified_gmt":"2026-04-17T17:26:50","slug":"liquorice-carpet","status":"publish","type":"product","link":"https:\/\/godisfabrica.com\/es\/producto\/liquorice-carpet\/","title":{"rendered":"Alfombra de Regaliz"},"content":{"rendered":"<p data-start=\"482\" data-end=\"537\">Alfombra de Regaliz \u2013 \u00a1Masticable y totalmente adorable!<\/p>\n<p data-start=\"539\" data-end=\"1137\">Ll\u00e9vate a casa Alfombra de Regaliz, un divertido caramelo de regaliz negro con el sabor cl\u00e1sico del regaliz dulce. Inspirado en el sueco s\u00f6t lakrits (que significa \u201cregaliz lindo\u201d), este caramelo masticable y juguet\u00f3n es perfecto para los amantes del regaliz y los fans de los dulces escandinavos. Su forma \u00fanica de alfombra hace que disfrutarlo sea m\u00e1s divertido, mientras ofrece el sabor intenso y suave del regaliz tradicional.<\/p>\n<p data-start=\"539\" data-end=\"1137\">Ideal para fiestas, regalos o un capricho personal, Alfombra de Regaliz es una forma original y deliciosa de disfrutar uno de los dulces favoritos del mundo. \u00a1Descubre hoy el encanto y el sabor del s\u00f6t lakrits!<\/p>","protected":false},"excerpt":{"rendered":"<p>50g<\/p>","protected":false},"featured_media":15439,"comment_status":"open","ping_status":"closed","template":"","meta":[],"product_brand":[],"product_cat":[225,290],"product_tag":[605,1218,701,1219,1220,529,1011,1012,1010,606,604,697],"flavor":[413,419],"allergens":[426,427,425],"class_list":{"0":"post-6198","1":"product","2":"type-product","3":"status-publish","4":"has-post-thumbnail","6":"product_cat-pick-mix-candy-godis-fabrica","7":"product_cat-vegan-products-godis-fabrica","8":"product_tag-carpet","9":"product_tag-chuches-sin-gelatina","10":"product_tag-gelatin-free","11":"product_tag-gelatin-free-candy","12":"product_tag-gelatine","13":"product_tag-liquorice","14":"product_tag-matta","15":"product_tag-matto","16":"product_tag-sat-lakrits","17":"product_tag-smultronmatta","18":"product_tag-sweet","19":"product_tag-sweet-liquorice","20":"flavor-liquorice","21":"flavor-palm-oil-free","22":"allergens-gelatin-free","23":"allergens-lactose-free","24":"allergens-vegan","26":"first","27":"instock","28":"sale","29":"taxable","30":"shipping-taxable","31":"purchasable","32":"product-type-simple"},"_links":{"self":[{"href":"https:\/\/godisfabrica.com\/es\/wp-json\/wp\/v2\/product\/6198","targetHints":{"allow":["GET"]}}],"collection":[{"href":"https:\/\/godisfabrica.com\/es\/wp-json\/wp\/v2\/product"}],"about":[{"href":"https:\/\/godisfabrica.com\/es\/wp-json\/wp\/v2\/types\/product"}],"replies":[{"embeddable":true,"href":"https:\/\/godisfabrica.com\/es\/wp-json\/wp\/v2\/comments?post=6198"}],"wp:featuredmedia":[{"embeddable":true,"href":"https:\/\/godisfabrica.com\/es\/wp-json\/wp\/v2\/media\/15439"}],"wp:attachment":[{"href":"https:\/\/godisfabrica.com\/es\/wp-json\/wp\/v2\/media?parent=6198"}],"wp:term":[{"taxonomy":"product_brand","embeddable":true,"href":"https:\/\/godisfabrica.com\/es\/wp-json\/wp\/v2\/product_brand?post=6198"},{"taxonomy":"product_cat","embeddable":true,"href":"https:\/\/godisfabrica.com\/es\/wp-json\/wp\/v2\/product_cat?post=6198"},{"taxonomy":"product_tag","embeddable":true,"href":"https:\/\/godisfabrica.com\/es\/wp-json\/wp\/v2\/product_tag?post=6198"},{"taxonomy":"flavor","embeddable":true,"href":"https:\/\/godisfabrica.com\/es\/wp-json\/wp\/v2\/flavor?post=6198"},{"taxonomy":"allergens","embeddable":true,"href":"https:\/\/godisfabrica.com\/es\/wp-json\/wp\/v2\/allergens?post=6198"}],"curies":[{"name":"wp","href":"https:\/\/api.w.org\/{rel}","templated":true}]}}