{"id":6257,"date":"2024-04-28T22:27:03","date_gmt":"2024-04-28T20:27:03","guid":{"rendered":"https:\/\/godisfabrica.com\/?post_type=product&#038;p=6257"},"modified":"2026-02-03T11:36:38","modified_gmt":"2026-02-03T10:36:38","slug":"sweet-strawberry-chews","status":"publish","type":"product","link":"https:\/\/godisfabrica.com\/es\/producto\/sweet-strawberry-chews\/","title":{"rendered":"Bolas Masticables de Fresa"},"content":{"rendered":"<p>Bolas Masticables de Fresa \u2013 \u00a1Una deliciosa masticable de fresa!<\/p>\n<p>\u00a1Prep\u00e1rate para hundir tus dientes en una aut\u00e9ntica delicia de fresa! Estas bolas masticables de fresa son el equilibrio perfecto entre lo cremoso y lo afrutado, ofreciendo una experiencia masticable que se derrite en tu boca con cada bocado. Su adorable textura masticable y su rico sabor a fresa las hacen tan irresistibles que son peligrosamente adictivas.<\/p>\n<p>\u00a1Perfectas para satisfacer tus antojos de dulce, compartir (si te sientes generoso) o darte un peque\u00f1o capricho masticable, estas chuches est\u00e1n garantizadas para poner una sonrisa en tu rostro y una dosis de az\u00facar en tu energ\u00eda!<\/p>\n<p>\u00a1Advertencia: Puede causar repentinas explosiones de felicidad!<\/p>\n<div style=\"display: none;\">\n<h5 style=\"display: none;\">Frambuesa de Gelatina<\/h5>\n<h5><img decoding=\"async\" style=\"display: none;\" src=\"https:\/\/godisfabrica.com\/wp-content\/uploads\/2024\/08\/IMG_5948-scaled.jpg\" alt=\"Candy Shop\" \/><\/h5>\n<p style=\"display: none;\">Shop delicious candies at our online candy shop in Spain. Explore a variety of sweets at Godisfabrica and enjoy fast delivery across Spain! &#8220;Shop your favorite candies at our online candy shop in Spain. Fast delivery, wide selection, and sweet deals await. Order now!&#8221; Shop online at Godisfabrica for the best candy in Spain. Discover delicious sweets, fast shipping, and premium quality treats today!<\/p>\n<\/div>\n<p><img decoding=\"async\" style=\"display: none;\" src=\"https:\/\/godisfabrica.com\/wp-content\/uploads\/2024\/08\/IMG_5948-scaled.jpg\" alt=\"Candy Shop\" \/><img decoding=\"async\" style=\"display: none;\" src=\"https:\/\/godisfabrica.com\/wp-content\/uploads\/2024\/08\/IMG_5948-scaled.jpg\" alt=\"Candy Shop\" \/><img decoding=\"async\" style=\"display: none;\" src=\"https:\/\/godisfabrica.com\/wp-content\/uploads\/2024\/08\/IMG_5948-scaled.jpg\" alt=\"Candy Shop\" \/><img decoding=\"async\" style=\"display: none;\" src=\"https:\/\/godisfabrica.com\/wp-content\/uploads\/2024\/08\/IMG_5948-scaled.jpg\" alt=\"Candy Shop\" \/><\/p>","protected":false},"excerpt":{"rendered":"<p>50g<\/p>","protected":false},"featured_media":19022,"comment_status":"open","ping_status":"closed","template":"","meta":[],"product_brand":[],"product_cat":[225],"product_tag":[580,583,1218,478,551,615,701,1093,480,1057,750,1217,1058,1059,522,1060,792],"flavor":[411,419],"allergens":[426,428],"class_list":{"0":"post-6257","1":"product","2":"type-product","3":"status-publish","4":"has-post-thumbnail","6":"product_cat-pick-mix-candy-godis-fabrica","7":"product_tag-caramelo","8":"product_tag-chewy","9":"product_tag-chuches-sin-gelatina","10":"product_tag-classic","11":"product_tag-cloetta","12":"product_tag-fresa","13":"product_tag-gelatin-free","14":"product_tag-gluten-free","15":"product_tag-lonka","16":"product_tag-lonka-soft-bites","17":"product_tag-mansikka","18":"product_tag-masticable","19":"product_tag-soft","20":"product_tag-soft-bite","21":"product_tag-strawberry","22":"product_tag-strawberry-candy","23":"product_tag-strawberry-foam","24":"flavor-fruity","25":"flavor-palm-oil-free","26":"allergens-gelatin-free","27":"allergens-gluten-free","29":"first","30":"instock","31":"taxable","32":"shipping-taxable","33":"purchasable","34":"product-type-simple"},"_links":{"self":[{"href":"https:\/\/godisfabrica.com\/es\/wp-json\/wp\/v2\/product\/6257","targetHints":{"allow":["GET"]}}],"collection":[{"href":"https:\/\/godisfabrica.com\/es\/wp-json\/wp\/v2\/product"}],"about":[{"href":"https:\/\/godisfabrica.com\/es\/wp-json\/wp\/v2\/types\/product"}],"replies":[{"embeddable":true,"href":"https:\/\/godisfabrica.com\/es\/wp-json\/wp\/v2\/comments?post=6257"}],"wp:featuredmedia":[{"embeddable":true,"href":"https:\/\/godisfabrica.com\/es\/wp-json\/wp\/v2\/media\/19022"}],"wp:attachment":[{"href":"https:\/\/godisfabrica.com\/es\/wp-json\/wp\/v2\/media?parent=6257"}],"wp:term":[{"taxonomy":"product_brand","embeddable":true,"href":"https:\/\/godisfabrica.com\/es\/wp-json\/wp\/v2\/product_brand?post=6257"},{"taxonomy":"product_cat","embeddable":true,"href":"https:\/\/godisfabrica.com\/es\/wp-json\/wp\/v2\/product_cat?post=6257"},{"taxonomy":"product_tag","embeddable":true,"href":"https:\/\/godisfabrica.com\/es\/wp-json\/wp\/v2\/product_tag?post=6257"},{"taxonomy":"flavor","embeddable":true,"href":"https:\/\/godisfabrica.com\/es\/wp-json\/wp\/v2\/flavor?post=6257"},{"taxonomy":"allergens","embeddable":true,"href":"https:\/\/godisfabrica.com\/es\/wp-json\/wp\/v2\/allergens?post=6257"}],"curies":[{"name":"wp","href":"https:\/\/api.w.org\/{rel}","templated":true}]}}